{"id":3414,"date":"2015-01-08T18:00:11","date_gmt":"2015-01-08T17:00:11","guid":{"rendered":"http:\/\/dizajn-biro.com.hr\/urgenci\/?page_id=3414"},"modified":"2015-07-06T15:38:55","modified_gmt":"2015-07-06T13:38:55","slug":"le-reseau","status":"publish","type":"page","link":"https:\/\/urgenci.net\/french\/le-reseau\/","title":{"rendered":"Le R\u00e9seau international des PLS"},"content":{"rendered":"<p>Le r\u00e9seau URGENCI se construit depuis 2004 comme un r\u00e9seau international d&rsquo;acteurs de terrain, citoyens, producteurs et consom\u2019acteurs, porteurs de cette approche \u00e9conomique alternative que sont <strong>les Partenariats Locaux Solidaires entre Producteurs et Consommateurs<\/strong>. Ces partenariats constituent un outil pour maintenir et d\u00e9velopper une agriculture paysanne et biologique et construire localement la souverainet\u00e9 alimentaire pour tou-te-s.<\/p>\n<p>Ces partenariats, qu\u2019on les appelle <em>Community Supported Agriculture <\/em>(CSA) dans le monde anglo-saxon<em> (Agriculture Soutenue par la Communaut\u00e9<\/em> : aux Etats-Unis, au Royaume-Uni, au Canada), <em>Teikei<\/em> au Japon ou <em>Association pour le Maintien de l\u2019Agriculture Paysanne<\/em> (AMAP) en France, reposent tous sur un contrat qui lie un agriculteur et les personnes qu\u2019il nourrit, quelqu\u2019en soit sa forme.<\/p>\n<p>Il n\u2019existe pas de recette unique pour mettre en place un tel partenariat, c\u2019est avant tout un cadre libre <strong>pour donner envie \u00e0 des consom\u2019acteurs de s\u2019associer \u00e0 des producteurs locaux<\/strong>, pour <strong>partager les risques et les bienfaits d\u2019une agriculture paysanne<\/strong> qui permet aux uns de vivre dignement et aux autres de manger des aliments dont ils savent qu\u2019ils sont frais et de qualit\u00e9.<\/p>\n<p>&nbsp;<\/p>\n<p>Ces partenariats prennent des formes diff\u00e9rentes, dues aux sp\u00e9cificit\u00e9s sociales, historiques, g\u00e9opolitiques, agricoles et \u00e9conomiques de chaque pays ou r\u00e9gion d\u2019implantation. N\u00e9anmoins, comme leur nom l\u2019indique, ce qui r\u00e9unit les membres d\u2019URGENCI se r\u00e9sume ainsi\u00a0:<\/p>\n<p>1\/ <strong>Partenariat :<\/strong> ce partenariat se manifeste par un engagement mutuel de fourniture (par les producteurs) et d&rsquo;\u00e9coulement (par les consommateurs) des aliments produits \u00e0 chaque campagne agricole.<\/p>\n<p>2\/ <strong>Local :<\/strong> il s\u2019agit ici de promouvoir les \u00e9changes de proximit\u00e9. Les PLSPC s\u2019inscrivent dans une d\u00e9marche active de relocalisation de l\u2019\u00e9conomie.<\/p>\n<p>3\/ <strong>Solidaire :<\/strong> le partenariat est bas\u00e9 sur une solidarit\u00e9 entre les acteurs qui se manifeste par :<\/p>\n<p>\u00e1 Le partage des risques et des avantages d&rsquo;une production saine, adapt\u00e9e au rythme des saisons et respectueuse de l&rsquo;environnement, du patrimoine naturel et culturel et de la sant\u00e9.<\/p>\n<p>\u00e1 Une r\u00e9mun\u00e9ration juste et \u00e9quitable pay\u00e9e \u00e0 l&rsquo;avance et suffisante pour assurer une vie digne des paysans et de leurs familles.<\/p>\n<p>4\/ Le bin\u00f4me <strong>Producteur\/Consommateur<\/strong> : c\u2019est une relation directe bas\u00e9e sur les rapports humains et la confiance, sans interm\u00e9diaire, sans hi\u00e9rarchie, sans relation de subordination.<\/p>\n<p>&nbsp;<\/p>\n<p><strong>&gt; Le r\u00e9seau international URGENCI a pour objectif de rep\u00e9rer le maximum d\u2019exp\u00e9riences de partenariats locaux et solidaires entre producteurs et consommateurs et de les faire dialoguer afin d\u2019aider \u00e0 promouvoir le plus largement possible ce type de partenariat <\/strong>comme <strong>une des solutions efficaces aux probl\u00e8mes associ\u00e9s aux march\u00e9s mondiaux de production et de distribution agricoles. Ce faisant, il entend participer aux efforts men\u00e9s par de nombreuses organisations de la soci\u00e9t\u00e9 civile et avec elles au sein d\u2019alliances pour une agriculture durable et une \u00e9conomie solidaire.<\/strong><\/p>\n","protected":false},"excerpt":{"rendered":"<p>Le r\u00e9seau URGENCI se construit depuis 2004 comme un r\u00e9seau international d&rsquo;acteurs de terrain, citoyens, producteurs et consom\u2019acteurs, porteurs de cette approche \u00e9conomique alternative que sont les Partenariats Locaux Solidaires entre Producteurs et Consommateurs. Ces partenariats constituent un outil pour maintenir et d\u00e9velopper une agriculture paysanne et biologique et construire localement la souverainet\u00e9 alimentaire pour&#8230; <\/p>\n<div class=\"clear\"><\/div>\n<p><a href=\"https:\/\/urgenci.net\/french\/le-reseau\/\" class=\"excerpt-read-more\">Read More<\/a><\/p>\n","protected":false},"author":5,"featured_media":0,"parent":0,"menu_order":0,"comment_status":"closed","ping_status":"closed","template":"","meta":{"footnotes":""},"class_list":["post-3414","page","type-page","status-publish","hentry"],"_links":{"self":[{"href":"https:\/\/urgenci.net\/french\/wp-json\/wp\/v2\/pages\/3414","targetHints":{"allow":["GET"]}}],"collection":[{"href":"https:\/\/urgenci.net\/french\/wp-json\/wp\/v2\/pages"}],"about":[{"href":"https:\/\/urgenci.net\/french\/wp-json\/wp\/v2\/types\/page"}],"author":[{"embeddable":true,"href":"https:\/\/urgenci.net\/french\/wp-json\/wp\/v2\/users\/5"}],"replies":[{"embeddable":true,"href":"https:\/\/urgenci.net\/french\/wp-json\/wp\/v2\/comments?post=3414"}],"version-history":[{"count":5,"href":"https:\/\/urgenci.net\/french\/wp-json\/wp\/v2\/pages\/3414\/revisions"}],"predecessor-version":[{"id":5147,"href":"https:\/\/urgenci.net\/french\/wp-json\/wp\/v2\/pages\/3414\/revisions\/5147"}],"wp:attachment":[{"href":"https:\/\/urgenci.net\/french\/wp-json\/wp\/v2\/media?parent=3414"}],"curies":[{"name":"wp","href":"https:\/\/api.w.org\/{rel}","templated":true}]}}