{"id":3443,"date":"2015-01-08T18:42:47","date_gmt":"2015-01-08T18:42:47","guid":{"rendered":"http:\/\/dizajn-biro.com.hr\/urgenci\/?page_id=3443"},"modified":"2015-06-30T22:21:56","modified_gmt":"2015-06-30T20:21:56","slug":"1st-european-meeting","status":"publish","type":"page","link":"https:\/\/urgenci.net\/french\/1st-european-meeting\/","title":{"rendered":"1\u00e8re rencontre europ\u00e9enne des Partenariats locaux et solidaires \u00e0 Milan"},"content":{"rendered":"<h1><img loading=\"lazy\" decoding=\"async\" class=\"  alignleft wp-image-3895 size-full\" src=\"https:\/\/urgenci.net\/french\/wp-content\/uploads\/2015\/01\/milan-AC1.jpg\" alt=\"milan AC\" width=\"415\" height=\"322\" srcset=\"https:\/\/urgenci.net\/french\/wp-content\/uploads\/2015\/01\/milan-AC1.jpg 415w, https:\/\/urgenci.net\/french\/wp-content\/uploads\/2015\/01\/milan-AC1-300x233.jpg 300w\" sizes=\"auto, (max-width: 415px) 100vw, 415px\" \/><strong>Conclusions de Milan:\u00a0un mouvement europ\u00e9en des Partenariats locaux et solidaires est n\u00e9<\/strong><\/h1>\n<p style=\"text-align: justify;\">La plateforme Urgenci-Europe est n\u00e9e\u00a0! La premi\u00e8re rencontre europ\u00e9enne sur l&rsquo;Agriculture soutenue par la communaut\u00e9 et les Syst\u00e8mes \u00e9mergents de distribution pour la Souverainet\u00e9 alimentaire s&rsquo;est tenue sur trois jours les 10-12 octobre, \u00e0 Milan. Cet \u00e9v\u00e9nement majeur a accueilli 120 participants repr\u00e9sentant 20 pays europ\u00e9ens diff\u00e9rents, de l&rsquo;Irlande \u00e0 la Turquie et du Portugal \u00e0 la Lituanie. Il a \u00e9t\u00e9 con\u00e7u comme un approfondissement du processus Ny\u00e9l\u00e9ni-Europe, lanc\u00e9 \u00e0 Krems (Autriche) en ao\u00fbt 2011, et comme une mise en \u0153uvre de la D\u00e9claration Ny\u00e9l\u00e9ni Europe sur la Souverainet\u00e9 alimentaire. Le r\u00e9seau Urgenci a en effet \u00e9t\u00e9 mandat\u00e9 pour mener les actions pr\u00e9vues par l&rsquo;axe 2 de la D\u00e9claration, sur \u00ab\u00a0changer les modes de distribution et de consommation alimentaires\u00a0\u00bb.<br \/>\nLa pr\u00e9paration de cette rencontre, dans laquelle environ 30 membres du Comit\u00e9 de pilotage ont \u00e9t\u00e9 impliqu\u00e9s, et qui s&rsquo;est articul\u00e9e lors de 3 sessions de travail \u00e0 Milan, a conduit \u00e0 l&rsquo;\u00e9mergence d&rsquo;un nouveau noyau d&rsquo;acteurs extr\u00eamement investis dans le projet.<br \/>\nLa rencontre elle-m\u00eame a constitu\u00e9 un temps fort pour tout le Mouvement europ\u00e9en pour la Souverainet\u00e9 alimentaire et pas seulement pour Urgenci, en rassemblant des acteurs des partenariats locaux et solidaires producteurs-consommateurs (PLS) pour parler de leur exp\u00e9rience dans les diff\u00e9rents pays europ\u00e9ens, et de la fa\u00e7on de les structurer dans un mouvement \u00e0 l&rsquo;\u00e9chelle continentale.<br \/>\nLe socle commun pour tous ces acteurs, c&rsquo;est leur travail au quotidien pour faire fonctionner les PLS. Cependant, il existe aussi un sentiment partag\u00e9 qu&rsquo;une coordination est n\u00e9cessaire au niveau europ\u00e9en.<br \/>\nLes r\u00e9sultats de cette rencontre de travail doivent permettre \u00e0 la coordination europ\u00e9enne balbutiante de se positionner dans une perspective de long terme. Le mouvement est en ordre de bataille\u00a0; c&rsquo;est maintenant la responsabilit\u00e9 des groupes de travail de progresser selon la feuille de route con\u00e7ue collectivement \u00e0 Milan.<\/p>\n<p style=\"text-align: justify;\"><strong>Trois le\u00e7ons doivent \u00eatre tir\u00e9es<\/strong> de cette premi\u00e8re rencontre europ\u00e9enne r\u00e9ussie sur les PLS et les autres Syst\u00e8mes de distribution pour la Souverainet\u00e9 alimentaire quand aux formes d&rsquo;organisation choisies par les participants.<\/p>\n<p style=\"text-align: justify;\">1- D&rsquo;abord,<strong> URGENCI est maintenant pleinement l\u00e9gitim\u00e9e comme organisation leader soutenant le mouvement des PLS en Europe<\/strong>. La participation des r\u00e9seaux de PLS d\u00e9j\u00e0 constitu\u00e9s tels que le Miramap en France ou Ehne-Biscaye au Pays basque, en passant par Solidarische Landwirtschaft en Allemagne, les Gasap \u00e0 Bruxelles et le CRIES en Roumanie, entre autres, est synonyme d&rsquo;une reconnaissance la plus large possible.<\/p>\n<p style=\"text-align: justify;\">2- Qui plus est\u00a0;<strong> la capacit\u00e9 d&rsquo;autogestion des divers groupes de travail a d\u00e9j\u00e0 \u00e9t\u00e9 d\u00e9montr\u00e9e<\/strong>. Durant la rencontre, 8 nouveaux groupes de travail ont \u00e9t\u00e9 cr\u00e9\u00e9s\u00a0; il existait auparavant 2 groupes pr\u00e9-existants. Ils ont tenu leurs premi\u00e8res r\u00e9unions juste apr\u00e8s le retour de Milan des d\u00e9l\u00e9gations. Parmi ces 10 groupes de travail, 4 sont th\u00e9matiques (communication en ligne, formation, recherche et plaidoyer)\u00a0; 4 se concentrent sur des projets d&rsquo;\u00e9changes transfrontaliers (en particulier en relation avec les projets Leonardo et Grundtvig de l&rsquo;Union europ\u00e9enne) et deux sont principalement li\u00e9s \u00e0 la coordination g\u00e9n\u00e9rale du mouvement (le groupe de coordination temporaire \u2013 le \u00ab\u00a0Kernel\u00a0\u00bb &#8211; et le Comit\u00e9 de pilotage qui a organis\u00e9 la rencontre de Milan). Tous ces groupes g\u00e8rent leurs propres listes \u00e9lectroniques et s&rsquo;av\u00e8rent tr\u00e8s actifs.<\/p>\n<p style=\"text-align: justify;\">La nouvelle plateforme des mouvements europ\u00e9ens de PLS a \u00e9t\u00e9 con\u00e7ue pour fonctionner exactement comme une ombrelle (jeu de mots avec le terme anglais pour plateforme\u00a0: umbrella). La plupart du temps, l&rsquo;ombrelle est ouverte\u00a0: les groupes de travail fonctionnent en autonomie, sur une base th\u00e9matique, en essayant de rester transfrontaliers. Ensuite, l&rsquo;ombrelle se ferme durant les rencontres physiques r\u00e9guli\u00e8res, lorsque tout le monde se rassemble.<\/p>\n<p style=\"text-align: justify;\">3- La troisi\u00e8me le\u00e7on est la cr\u00e9ation d&rsquo;une <strong>commission temporaire, appel\u00e9e Kernel,<\/strong> qui est compos\u00e9e de 9 membres en charge de la cr\u00e9ation d&rsquo;une structure permanente. Son mandat, re\u00e7u de tous les participants \u00e0 la rencontre de Milan, doit expirer lorsqu&rsquo;une autre rencontre aura lieu, avec l&rsquo;objectif de finaliser la cr\u00e9ation de la structure, d\u00e9j\u00e0 nomm\u00e9e Urgenci-Europe. Un ensemble de crit\u00e8res pour cr\u00e9er ce Kernel permanent ont d\u00e9j\u00e0 \u00e9t\u00e9 retenus. En mars 2013, le rapport sur la rencontre de Milan devra d\u00e9j\u00e0 avoir \u00e9t\u00e9 publi\u00e9 et dig\u00e9r\u00e9, et un retour aura \u00e9t\u00e9 sollicit\u00e9 aupr\u00e8s de tous les participants.<\/p>\n<p style=\"text-align: justify;\">\n<p style=\"text-align: justify;\">T\u00e9l\u00e9chargez les\u00a0\u00a0<a href=\"https:\/\/urgenci.net\/french\/wp-content\/uploads\/2015\/01\/Urgenci_Milan_CSA_report1.pdf\" target=\"_blank\">conclusions de Milan<\/a>\u00a0(en anglais).<\/p>\n","protected":false},"excerpt":{"rendered":"<p>Conclusions de Milan:\u00a0un mouvement europ\u00e9en des Partenariats locaux et solidaires est n\u00e9 La plateforme Urgenci-Europe est n\u00e9e\u00a0! La premi\u00e8re rencontre europ\u00e9enne sur l&rsquo;Agriculture soutenue par la communaut\u00e9 et les Syst\u00e8mes \u00e9mergents de distribution pour la Souverainet\u00e9 alimentaire s&rsquo;est tenue sur trois jours les 10-12 octobre, \u00e0 Milan. Cet \u00e9v\u00e9nement majeur a accueilli 120 participants repr\u00e9sentant&#8230; <\/p>\n<div class=\"clear\"><\/div>\n<p><a href=\"https:\/\/urgenci.net\/french\/1st-european-meeting\/\" class=\"excerpt-read-more\">Read More<\/a><\/p>\n","protected":false},"author":5,"featured_media":0,"parent":0,"menu_order":0,"comment_status":"closed","ping_status":"closed","template":"","meta":{"footnotes":""},"class_list":["post-3443","page","type-page","status-publish","hentry"],"_links":{"self":[{"href":"https:\/\/urgenci.net\/french\/wp-json\/wp\/v2\/pages\/3443","targetHints":{"allow":["GET"]}}],"collection":[{"href":"https:\/\/urgenci.net\/french\/wp-json\/wp\/v2\/pages"}],"about":[{"href":"https:\/\/urgenci.net\/french\/wp-json\/wp\/v2\/types\/page"}],"author":[{"embeddable":true,"href":"https:\/\/urgenci.net\/french\/wp-json\/wp\/v2\/users\/5"}],"replies":[{"embeddable":true,"href":"https:\/\/urgenci.net\/french\/wp-json\/wp\/v2\/comments?post=3443"}],"version-history":[{"count":5,"href":"https:\/\/urgenci.net\/french\/wp-json\/wp\/v2\/pages\/3443\/revisions"}],"predecessor-version":[{"id":5059,"href":"https:\/\/urgenci.net\/french\/wp-json\/wp\/v2\/pages\/3443\/revisions\/5059"}],"wp:attachment":[{"href":"https:\/\/urgenci.net\/french\/wp-json\/wp\/v2\/media?parent=3443"}],"curies":[{"name":"wp","href":"https:\/\/api.w.org\/{rel}","templated":true}]}}