{"id":3496,"date":"2015-01-08T19:34:25","date_gmt":"2015-01-08T18:34:25","guid":{"rendered":"http:\/\/dizajn-biro.com.hr\/urgenci\/?page_id=3496"},"modified":"2015-06-30T22:53:15","modified_gmt":"2015-06-30T20:53:15","slug":"about-urgenci","status":"publish","type":"page","link":"https:\/\/urgenci.net\/french\/about-urgenci\/","title":{"rendered":"A propos d&rsquo;Urgenci"},"content":{"rendered":"<p><strong>URGENCI:<em>\u00a0Urbain &#8211; Rural,<\/em><\/strong><strong><em>\u00a0G\u00e9n\u00e9rer des Engagements nouveaux entre CItoyens <\/em>est un r\u00e9seau international d&rsquo;initiatives d&rsquo;Agriculture soutenue par la communaut\u00e9,<\/strong><i>\u00a0<\/i>qui facilite les \u00e9changes et la solidarit\u00e9 entre les acteurs de l&rsquo;ASC pour contribuer activement au mouvement mondial de la Souverainet\u00e9 alimentaire!<strong>\u00a0<\/strong><\/p>\n<p><span style=\"text-decoration: underline;\"><strong>&gt;\u00a0Qu&rsquo;est-ce que l&rsquo;Agriculture soutenue par la communaut\u00e9?<\/strong><\/span><\/p>\n<p>Les partenariats locaux et solidaires entre les paysans et les personnes qu&rsquo;ils nourrissent constituent, par essence, une forme de coop\u00e9rative producteur-consommateur, quel que soit celui qui en est \u00e0 l&rsquo;initiative et quelle que soit la forme l\u00e9gale que cela prenne. Il n&rsquo;y a pas de mani\u00e8re fix\u00e9e strictement \u00e0 l&rsquo;avance d&rsquo;organiser ces partenariats, il s&rsquo;agit d&rsquo;un\u00a0<strong>cadre pour motiver les communaut\u00e9s \u00e0 travailler de conserve avec leurs paysans locaux,\u00a0<\/strong>g\u00e9n\u00e9rer des b\u00e9n\u00e9fices mutuels et reconnecter les gens \u00e0 la terre o\u00f9 leur nourriture est produite.<\/p>\n<p>L&rsquo;\u00e9mergence des\u00a0<em>Teikei\u00a0<\/em>au Japon,\u00a0<em>des CSA (Community Supported Agriculture)\u00a0<\/em>aux Etats-Unis et au Royaume-Uni, des\u00a0<em>Association pour le Maintien d&rsquo;une Agriculture Paysanne<\/em>\u00a0en France, de l&rsquo;<em>Agriculture Soutenue par la Communaut\u00e9<\/em>\u00a0au Qu\u00e9bec, des\u00a0<em>Voedselteams\u00a0<\/em>en Belgique et de beaucoup, beaucoup d&rsquo;autres initiatives montre <strong>comment les consommateurs et les\u00a0<\/strong><b>paysans en diff\u00e9rents endroits trouvent des r\u00e9ponses aux tensions globales.<\/b><strong>\u00a0<\/strong>Cela soutient le d\u00e9veloppement de fermes familiales biologiques et de syst\u00e8mes alimentaires locaux et \u00e9quitables.<\/p>\n<p>-&gt; En \u00e9tablissant <strong>des relations\u00a0<\/strong><b>directes, bas\u00e9es sur la confiance, entre paysans et consommateurs<\/b>, les citoyens ont acc\u00e8s \u00e0 une alimentation fra\u00eeche, saine, riche en nutriments, \u00e0 un prix \u00e9quitable.<\/p>\n<p>Le <strong>r\u00e9seau international URGENCI<\/strong> rassemble des citoyens, des paysans, des consommateurs, des activistes et des acteurs politiques au niveau global \u00e0 travers une approche \u00e9conomique alternative appel\u00e9e Partenariats locaux et solidaires entre producteurs et consommateurs. Il s&rsquo;agit d&rsquo;une fa\u00e7on de maintenir et d\u00e9velopper l&rsquo;agriculture familiale biologique et de <strong>r\u00e9aliser la souverainet\u00e9 alimentaire locale<\/strong> pour chaque r\u00e9gion et chaque communaut\u00e9 dans le monde. URGENCI veut promouvoir toutes les formes de partenariats entre producteurs et consommateurs locaux, les initiatives d&rsquo;Agriculture soutenue par la communaut\u00e9 de toutes sortes,<strong> comme une solution aux probl\u00e8mes associ\u00e9s \u00e0 la production et \u00e0 la distribution intensives globales.\u00a0<\/strong><\/p>\n<p>Les paysans ont jusqu\u2019\u00e0 pr\u00e9sent endoss\u00e9 seuls les risques d\u2019un march\u00e9 agricole mondial qui perd la t\u00eate, for\u00e7ant plusieurs millions d\u2019entre eux \u00e0 l\u2019exode et constituant l&rsquo;une des principales racines de la crise alimentaire actuelle et plus largement, des injustices sociales qu\u2019elle engendre.<\/p>\n<p>Les Partenariats locaux et solidaires sont une fa\u00e7on de contribuer \u00e0 une plus grande solidarit\u00e9 entre les communaut\u00e9s urbaines et rurales. Ces initiatives sont de nouveaux moyens d&rsquo;action \u00e0 la fois pour les citoyens et pour les paysans, et elles offrent l&rsquo;une des alternatifs les plus porteuses d&rsquo;espoir \u00e0 la spirale descendante actuelle.<\/p>\n<p><span style=\"text-decoration: underline;\"><strong>-&gt; Les valeurs du r\u00e9seau<\/strong>:<\/span><\/p>\n<ul>\n<li><strong>Equit\u00e9, Solidarit\u00e9, R\u00e9ciprocit\u00e9<\/strong>, et particuli\u00e8rement l&rsquo;engagement pour des prix stables et \u00e9quitables et un partage des risques pour la production agricole.<\/li>\n<\/ul>\n<ul>\n<li>Chaque partenariat producteur-consommateur est <strong>ind\u00e9pendant<\/strong>.<\/li>\n<\/ul>\n<p><em>URGENCI vise \u00e0 d\u00e9velopper la coh\u00e9rence \u00a0d&rsquo;ensemble entre les niveaux local, r\u00e9gional, national et global des projets pour souligner la <strong>contribution majeure de l&rsquo;Agriculture soutenue par la communaut\u00e9\u00a0<\/strong>\u00e0 la construction d&rsquo;un monde durable et ouvert.<\/em><\/p>\n","protected":false},"excerpt":{"rendered":"<p>URGENCI:\u00a0Urbain &#8211; Rural,\u00a0G\u00e9n\u00e9rer des Engagements nouveaux entre CItoyens est un r\u00e9seau international d&rsquo;initiatives d&rsquo;Agriculture soutenue par la communaut\u00e9,\u00a0qui facilite les \u00e9changes et la solidarit\u00e9 entre les acteurs de l&rsquo;ASC pour contribuer activement au mouvement mondial de la Souverainet\u00e9 alimentaire!\u00a0 &gt;\u00a0Qu&rsquo;est-ce que l&rsquo;Agriculture soutenue par la communaut\u00e9? Les partenariats locaux et solidaires entre les paysans et&#8230; <\/p>\n<div class=\"clear\"><\/div>\n<p><a href=\"https:\/\/urgenci.net\/french\/about-urgenci\/\" class=\"excerpt-read-more\">Read More<\/a><\/p>\n","protected":false},"author":5,"featured_media":0,"parent":0,"menu_order":0,"comment_status":"closed","ping_status":"closed","template":"","meta":{"footnotes":""},"class_list":["post-3496","page","type-page","status-publish","hentry"],"_links":{"self":[{"href":"https:\/\/urgenci.net\/french\/wp-json\/wp\/v2\/pages\/3496","targetHints":{"allow":["GET"]}}],"collection":[{"href":"https:\/\/urgenci.net\/french\/wp-json\/wp\/v2\/pages"}],"about":[{"href":"https:\/\/urgenci.net\/french\/wp-json\/wp\/v2\/types\/page"}],"author":[{"embeddable":true,"href":"https:\/\/urgenci.net\/french\/wp-json\/wp\/v2\/users\/5"}],"replies":[{"embeddable":true,"href":"https:\/\/urgenci.net\/french\/wp-json\/wp\/v2\/comments?post=3496"}],"version-history":[{"count":3,"href":"https:\/\/urgenci.net\/french\/wp-json\/wp\/v2\/pages\/3496\/revisions"}],"predecessor-version":[{"id":5063,"href":"https:\/\/urgenci.net\/french\/wp-json\/wp\/v2\/pages\/3496\/revisions\/5063"}],"wp:attachment":[{"href":"https:\/\/urgenci.net\/french\/wp-json\/wp\/v2\/media?parent=3496"}],"curies":[{"name":"wp","href":"https:\/\/api.w.org\/{rel}","templated":true}]}}