{"id":3536,"date":"2015-01-08T20:13:37","date_gmt":"2015-01-08T20:13:37","guid":{"rendered":"http:\/\/dizajn-biro.com.hr\/urgenci\/?page_id=3536"},"modified":"2015-03-09T22:57:44","modified_gmt":"2015-03-09T21:57:44","slug":"europe","status":"publish","type":"page","link":"https:\/\/urgenci.net\/french\/csa-map\/europe\/","title":{"rendered":"Europe"},"content":{"rendered":"<h1><strong>United Kingdom<\/strong><\/h1>\n<h5 style=\"padding-left: 30px;\"><a title=\"United Kingdom\" href=\"https:\/\/urgenci.net\/french\/united-kingdom\/\"> Community-Supported Agriculture (CSA)<\/a><\/h5>\n<h1><strong>France<\/strong><\/h1>\n<h5 style=\"padding-left: 30px;\"><a title=\"France\" href=\"https:\/\/urgenci.net\/french\/france\/\">Association pour le Maintien de l\u2019Agriculture Paysanne (AMAP)<\/a><\/h5>\n<h1><strong>Czech Republic<\/strong><\/h1>\n<h5 style=\"padding-left: 30px;\"><a title=\"Czech Republic\" href=\"https:\/\/urgenci.net\/french\/czech-republic\/\">Komunitou podporovan\u00e9 zem\u011bd\u011blstv\u00ed KPZ<\/a><\/h5>\n<h1><strong>Germany<\/strong><\/h1>\n<h5 style=\"padding-left: 30px;\"><a title=\"Germany\" href=\"https:\/\/urgenci.net\/french\/germany\/\">Solidarische Landwirtschaft<\/a><\/h5>\n<h1><strong>Romania<\/strong><\/h1>\n<h5 style=\"padding-left: 30px;\"><a title=\"Romania\" href=\"https:\/\/urgenci.net\/french\/romania\/\">Asocia\u021bia pentru Sus\u021binerea Agriculturii \u021a\u0103r\u0103ne\u0219ti (ASAT)<\/a><\/h5>\n<h1><strong>Hungary<\/strong><\/h1>\n<h5 style=\"padding-left: 30px;\"><a title=\"Hungary\" href=\"https:\/\/urgenci.net\/french\/hungary-2\/\">K\u00f6z\u00f6ss\u00e9gi mez\u0151gazd\u00e1lkod\u00e1s<\/a><\/h5>\n<h1><strong>Switzerland<\/strong><\/h1>\n<h5 style=\"padding-left: 30px;\"><a title=\"Switzerland\" href=\"https:\/\/urgenci.net\/french\/switzerland\/\">Agriculture contractuelle de proximit\u00e9 (ACP) and Vertragslandwirtschaft<\/a><\/h5>\n<h1><strong>Belgium<\/strong><\/h1>\n<h5 style=\"padding-left: 30px;\"><a title=\"Belgium\" href=\"https:\/\/urgenci.net\/french\/belgium\/\">Groupes d&rsquo;Achat Solidaire de l&rsquo;Agriculture Paysanne (GASAP) and Voedseleams<\/a><\/h5>\n<h1><strong>Italy<\/strong><\/h1>\n<h5 style=\"padding-left: 30px;\"><a title=\"Italy\" href=\"https:\/\/urgenci.net\/french\/italy\/\">Gruppi di Acquisto Solidale (GAS)<\/a><\/h5>\n<h1><strong>Austria<\/strong><\/h1>\n<h5 style=\"padding-left: 30px;\"><a title=\"Austria\" href=\"https:\/\/urgenci.net\/french\/austria\/\">GeLa (\u201eGemeinsam Landwirtschaften\u201c) or Solidarische Landwirtschaft<\/a><\/h5>\n<h1><strong>Spain<\/strong><\/h1>\n<h5 id=\"stcpDiv\" style=\"padding-left: 30px;\"><a title=\"Spain\" href=\"https:\/\/urgenci.net\/french\/spain\/\">Agricultura Apoyada por la Comunidad<\/a><\/h5>\n<p>&nbsp;<\/p>\n","protected":false},"excerpt":{"rendered":"<p>United Kingdom Community-Supported Agriculture (CSA) France Association pour le Maintien de l\u2019Agriculture Paysanne (AMAP) Czech Republic Komunitou podporovan\u00e9 zem\u011bd\u011blstv\u00ed KPZ Germany Solidarische Landwirtschaft Romania Asocia\u021bia pentru Sus\u021binerea Agriculturii \u021a\u0103r\u0103ne\u0219ti (ASAT) Hungary K\u00f6z\u00f6ss\u00e9gi mez\u0151gazd\u00e1lkod\u00e1s Switzerland Agriculture contractuelle de proximit\u00e9 (ACP) and Vertragslandwirtschaft Belgium Groupes d&rsquo;Achat Solidaire de l&rsquo;Agriculture Paysanne (GASAP) and Voedseleams Italy Gruppi di Acquisto&#8230; <\/p>\n<div class=\"clear\"><\/div>\n<p><a href=\"https:\/\/urgenci.net\/french\/csa-map\/europe\/\" class=\"excerpt-read-more\">Read More<\/a><\/p>\n","protected":false},"author":5,"featured_media":0,"parent":3499,"menu_order":0,"comment_status":"closed","ping_status":"closed","template":"","meta":{"footnotes":""},"class_list":["post-3536","page","type-page","status-publish","hentry"],"_links":{"self":[{"href":"https:\/\/urgenci.net\/french\/wp-json\/wp\/v2\/pages\/3536","targetHints":{"allow":["GET"]}}],"collection":[{"href":"https:\/\/urgenci.net\/french\/wp-json\/wp\/v2\/pages"}],"about":[{"href":"https:\/\/urgenci.net\/french\/wp-json\/wp\/v2\/types\/page"}],"author":[{"embeddable":true,"href":"https:\/\/urgenci.net\/french\/wp-json\/wp\/v2\/users\/5"}],"replies":[{"embeddable":true,"href":"https:\/\/urgenci.net\/french\/wp-json\/wp\/v2\/comments?post=3536"}],"version-history":[{"count":5,"href":"https:\/\/urgenci.net\/french\/wp-json\/wp\/v2\/pages\/3536\/revisions"}],"predecessor-version":[{"id":4743,"href":"https:\/\/urgenci.net\/french\/wp-json\/wp\/v2\/pages\/3536\/revisions\/4743"}],"up":[{"embeddable":true,"href":"https:\/\/urgenci.net\/french\/wp-json\/wp\/v2\/pages\/3499"}],"wp:attachment":[{"href":"https:\/\/urgenci.net\/french\/wp-json\/wp\/v2\/media?parent=3536"}],"curies":[{"name":"wp","href":"https:\/\/api.w.org\/{rel}","templated":true}]}}