{"id":3573,"date":"2015-01-08T20:38:21","date_gmt":"2015-01-08T19:38:21","guid":{"rendered":"http:\/\/dizajn-biro.com.hr\/urgenci\/?page_id=3573"},"modified":"2015-07-02T23:26:05","modified_gmt":"2015-07-02T21:26:05","slug":"north-america","status":"publish","type":"page","link":"https:\/\/urgenci.net\/french\/csa-map\/north-america\/","title":{"rendered":"Am\u00e9rique du Nord"},"content":{"rendered":"<h1><strong>Canada<\/strong><\/h1>\n<h5 style=\"padding-left: 30px;\"><span style=\"font-family: arial,helvetica,sans-serif; font-size: medium;\"><strong><a href=\"https:\/\/urgenci.net\/french\/wp-content\/uploads\/2015\/01\/Equiterre1.pdf\">Equiterre<\/a><\/strong>, by Jocelyn Parot, Claire R\u00fchlmann et Ga\u00ebtan Vall\u00e9e,\u00a0<em>Teikei\u00a0<\/em>n\u00b030, July 2010.<\/span><\/h5>\n<h1><strong>United States<\/strong><\/h1>\n<h5 style=\"padding-left: 30px;\"><span style=\"font-family: arial,helvetica,sans-serif; font-size: medium;\">Self-portrait of Benjamin Shute, from Hearty Roots Community Farm,\u00a0<em>Teikei<\/em> n\u00b028, January 2010.<\/span><\/h5>\n","protected":false},"excerpt":{"rendered":"<p>Canada Equiterre, by Jocelyn Parot, Claire R\u00fchlmann et Ga\u00ebtan Vall\u00e9e,\u00a0Teikei\u00a0n\u00b030, July 2010. United States Self-portrait of Benjamin Shute, from Hearty Roots Community Farm,\u00a0Teikei n\u00b028, January 2010.<\/p>\n","protected":false},"author":5,"featured_media":0,"parent":3499,"menu_order":0,"comment_status":"closed","ping_status":"closed","template":"","meta":{"footnotes":""},"class_list":["post-3573","page","type-page","status-publish","hentry"],"_links":{"self":[{"href":"https:\/\/urgenci.net\/french\/wp-json\/wp\/v2\/pages\/3573","targetHints":{"allow":["GET"]}}],"collection":[{"href":"https:\/\/urgenci.net\/french\/wp-json\/wp\/v2\/pages"}],"about":[{"href":"https:\/\/urgenci.net\/french\/wp-json\/wp\/v2\/types\/page"}],"author":[{"embeddable":true,"href":"https:\/\/urgenci.net\/french\/wp-json\/wp\/v2\/users\/5"}],"replies":[{"embeddable":true,"href":"https:\/\/urgenci.net\/french\/wp-json\/wp\/v2\/comments?post=3573"}],"version-history":[{"count":4,"href":"https:\/\/urgenci.net\/french\/wp-json\/wp\/v2\/pages\/3573\/revisions"}],"predecessor-version":[{"id":5094,"href":"https:\/\/urgenci.net\/french\/wp-json\/wp\/v2\/pages\/3573\/revisions\/5094"}],"up":[{"embeddable":true,"href":"https:\/\/urgenci.net\/french\/wp-json\/wp\/v2\/pages\/3499"}],"wp:attachment":[{"href":"https:\/\/urgenci.net\/french\/wp-json\/wp\/v2\/media?parent=3573"}],"curies":[{"name":"wp","href":"https:\/\/api.w.org\/{rel}","templated":true}]}}