{"id":3598,"date":"2015-01-08T21:03:15","date_gmt":"2015-01-08T21:03:15","guid":{"rendered":"http:\/\/dizajn-biro.com.hr\/urgenci\/?page_id=3598"},"modified":"2016-07-08T09:37:10","modified_gmt":"2016-07-08T07:37:10","slug":"be-part-of-csa","status":"publish","type":"page","link":"https:\/\/urgenci.net\/french\/actions\/be-part-of-csa\/","title":{"rendered":"Be part of CSA!"},"content":{"rendered":"<p><a href=\"https:\/\/urgenci.net\/french\/wp-content\/uploads\/2015\/01\/logo-Be-part-of-CSA.png\"><img loading=\"lazy\" decoding=\"async\" class=\" size-medium wp-image-5209 alignright\" src=\"https:\/\/urgenci.net\/french\/wp-content\/uploads\/2015\/01\/logo-Be-part-of-CSA-300x206.png\" alt=\"logo-Be-part-of-CSA\" width=\"300\" height=\"206\" \/><\/a>Le projet europ\u00e9en \u00ab\u00a0<em><strong>Be part of CSA!\u00a0<\/strong><\/em>\u00bb entend faciliter la diffusion des initiatives de CSA en \u00e9laborant et en proposant un corpus p\u00e9dagogique de connaissances et de comp\u00e9tences sp\u00e9cifiques aux partenariats locaux et solidaires dans trois pays partenaires\u00a0: la Hongrie, la R\u00e9publique tch\u00e8que et la Roumanie, et en essaimant ensuite ces r\u00e9sultats au niveau europ\u00e9en.<br \/>\nLes partenaires de ce projet ERASMUS + sont\u00a0:<\/p>\n<ul>\n<li>l&rsquo;<a href=\"http:\/\/tudatosvasarlo.hu\/csa\">association hongroise de consommateurs TVE<\/a> bas\u00e9e \u00e0 Budapest,<\/li>\n<li>le <a href=\"http:\/\/www.cries.ro\/proiecte\/asat\/\">centre de ressources pour les initiatives de l&rsquo;\u00e9conomie solidaire CRIES<\/a> \u00e0 Timisoara en Roumanie,<\/li>\n<li>l&rsquo;<a href=\"http:\/\/biospotrebitel.cz\/chci-znat-bio\/pro-bio-liga\">association tch\u00e8que de promotion de l&rsquo;agriculture biologique PRO-BIO LIGA<\/a> \u00e0 Prague<u><br \/>\n<\/u><\/li>\n<\/ul>\n<p>et Urgenci.<\/p>\n<p>Ensemble, notre intention est de d\u00e9velopper un programme europ\u00e9en de formation comprenant 4 modules, fond\u00e9 sur les principes de l\u2019apprentissage informel. Les th\u00e8mes de ces modules ont \u00e9t\u00e9 d\u00e9velopp\u00e9s suite \u00e0 une \u00e9valuation participative des besoins par les futurs apprenant-e-s. Les organisations partenaires ont recueilli aupr\u00e8s de plus de 300 membres leurs \u00e9valuations sur ce que serait un contenu de qualit\u00e9 sur l&rsquo;Agriculture soutenue par la communaut\u00e9, suite \u00e0 des ateliers et des forums organis\u00e9s dans les 3 pays.<\/p>\n<p>En Hongrie, TVE a lanc\u00e9 une recherche qualitative aupr\u00e8s des paysans et consom\u2019acteurs regroup\u00e9s au sein du r\u00e9seau informel hongrois de la CSA en 2012.<\/p>\n<p>En R\u00e9publique tch\u00e8que, PRO-BIO LIGA a r\u00e9alis\u00e9 un audit interne l&rsquo;ann\u00e9e derni\u00e8re avec le r\u00e9seau tch\u00e8que des CSA et organiser des consultations.<\/p>\n<p>En Roumanie, une r\u00e9union nationale des ASAT a \u00e9t\u00e9 organis\u00e9e par le CRIES en 2014.<\/p>\n<p>Ces recherches ont une conclusion commune: pour la diffusion et le d\u00e9veloppement des CSA, leurs membres ont besoin de connaissances sp\u00e9cifiques en mati\u00e8re de gestion, de planification et de construction du collectif.<\/p>\n<p>Lors de la 2\u00e8me rencontre europ\u00e9enne des CSA organis\u00e9e en 2014 par URGENCI \u00e0 Villarecaux, les participant-e-s ont convenu qu&rsquo;il y avait un int\u00e9r\u00eat croissant pour les partenariats CSA et que la construction de ces groupes et de r\u00e9seaux devait \u00eatre soutenue par des programmes de formation.<\/p>\n<p>Gr\u00e2ce \u00e0 l\u2019\u00e9laboration de quatre modules th\u00e9matiques, les apprenants du projet \u00ab\u00a0Be part of CSA!\u00a0\u00bb pourront acqu\u00e9rir des comp\u00e9tences pratiques r\u00e9pondant \u00e0 ces besoins &#8211; par exemple la gestion de conflits et la gestion des probl\u00e8mes au sein d\u2019un groupe, la planification des activit\u00e9s communes et \u00e0 l\u2019aide \u00e0 la commercialisation.<\/p>\n<p>Le projet comporte trois axes de travail principaux:<br \/>\n<strong>I) Concevoir un programme europ\u00e9en de formation sur la CSA:<\/strong><br \/>\n1. en \u00e9laborant un cursus modulaire sur 4 th\u00e8mes centraux,<br \/>\n2. en produisant un mat\u00e9riel \u00e9ducatif et p\u00e9dagogique de qualit\u00e9 qui permettent aux formateurs de r\u00e9aliser des s\u00e9ances interactives et participatives,<br \/>\n3. en \u00e9valuant et en am\u00e9liorant tout au long du programme les contenus gr\u00e2ce aux retours constructifs des apprenant-e-s sur la formation d\u00e9livr\u00e9e.<br \/>\n<strong>II) Assurer la diffusion et l&rsquo;accessibilit\u00e9 de ce programme de formation au sein des publics cible:<\/strong><br \/>\n1. notamment \u00e0 destination des membres des groupes CSA et des \u00ab\u00a0multiplicateurs\u00a0\u00bb (b\u00e9n\u00e9voles des organisations partenaires qui diffuseront les r\u00e9sultats du projet dans leurs r\u00e9seaux locaux)<br \/>\n2. rendre le programme de formation accessible au niveau europ\u00e9en.<br \/>\n<strong>III) Pour garantir la viabilit\u00e9 de ce programme de formation \u00e0 long terme, les partenaires s&rsquo;engagent \u00e0 construire de nouveaux partenriats au niveau local, national et international.<\/strong><br \/>\nUne premi\u00e8re r\u00e9union de lancement a eu lieu r\u00e9cemment \u00e0 Budapest les 26-28 novembre, organis\u00e9e par le coordinateur du projet TVE .<\/p>\n<p><img loading=\"lazy\" decoding=\"async\" class=\" wp-image-3599 alignleft\" src=\"https:\/\/urgenci.net\/french\/wp-content\/uploads\/2015\/01\/Erasmus-Plus1-1024x293.jpg\" alt=\"Erasmus-Plus\" width=\"384\" height=\"110\" srcset=\"https:\/\/urgenci.net\/french\/wp-content\/uploads\/2015\/01\/Erasmus-Plus1-1024x293.jpg 1024w, https:\/\/urgenci.net\/french\/wp-content\/uploads\/2015\/01\/Erasmus-Plus1-300x86.jpg 300w, https:\/\/urgenci.net\/french\/wp-content\/uploads\/2015\/01\/Erasmus-Plus1-600x172.jpg 600w, https:\/\/urgenci.net\/french\/wp-content\/uploads\/2015\/01\/Erasmus-Plus1.jpg 1200w\" sizes=\"auto, (max-width: 384px) 100vw, 384px\" \/><\/p>\n<p>&nbsp;<\/p>\n<p>Ce projet est soutenu par le programme europ\u00e9en d&rsquo;apprentissage tout au\u00a0\u00a0 long de la vie Erasmus + (2014-2017).<\/p>\n","protected":false},"excerpt":{"rendered":"<p>Le projet europ\u00e9en \u00ab\u00a0Be part of CSA!\u00a0\u00bb entend faciliter la diffusion des initiatives de CSA en \u00e9laborant et en proposant un corpus p\u00e9dagogique de connaissances et de comp\u00e9tences sp\u00e9cifiques aux partenariats locaux et solidaires dans trois pays partenaires\u00a0: la Hongrie, la R\u00e9publique tch\u00e8que et la Roumanie, et en essaimant ensuite ces r\u00e9sultats au niveau europ\u00e9en&#8230;. <\/p>\n<div class=\"clear\"><\/div>\n<p><a href=\"https:\/\/urgenci.net\/french\/actions\/be-part-of-csa\/\" class=\"excerpt-read-more\">Read More<\/a><\/p>\n","protected":false},"author":5,"featured_media":0,"parent":3594,"menu_order":0,"comment_status":"closed","ping_status":"closed","template":"","meta":{"footnotes":""},"class_list":["post-3598","page","type-page","status-publish","hentry"],"_links":{"self":[{"href":"https:\/\/urgenci.net\/french\/wp-json\/wp\/v2\/pages\/3598","targetHints":{"allow":["GET"]}}],"collection":[{"href":"https:\/\/urgenci.net\/french\/wp-json\/wp\/v2\/pages"}],"about":[{"href":"https:\/\/urgenci.net\/french\/wp-json\/wp\/v2\/types\/page"}],"author":[{"embeddable":true,"href":"https:\/\/urgenci.net\/french\/wp-json\/wp\/v2\/users\/5"}],"replies":[{"embeddable":true,"href":"https:\/\/urgenci.net\/french\/wp-json\/wp\/v2\/comments?post=3598"}],"version-history":[{"count":5,"href":"https:\/\/urgenci.net\/french\/wp-json\/wp\/v2\/pages\/3598\/revisions"}],"predecessor-version":[{"id":5212,"href":"https:\/\/urgenci.net\/french\/wp-json\/wp\/v2\/pages\/3598\/revisions\/5212"}],"up":[{"embeddable":true,"href":"https:\/\/urgenci.net\/french\/wp-json\/wp\/v2\/pages\/3594"}],"wp:attachment":[{"href":"https:\/\/urgenci.net\/french\/wp-json\/wp\/v2\/media?parent=3598"}],"curies":[{"name":"wp","href":"https:\/\/api.w.org\/{rel}","templated":true}]}}