{"id":3628,"date":"2015-01-08T21:20:31","date_gmt":"2015-01-08T20:20:31","guid":{"rendered":"http:\/\/dizajn-biro.com.hr\/urgenci\/?page_id=3628"},"modified":"2015-07-02T23:28:33","modified_gmt":"2015-07-02T21:28:33","slug":"letsfs","status":"publish","type":"page","link":"https:\/\/urgenci.net\/french\/letsfs\/","title":{"rendered":"Apprendre pour des Syst\u00e8mes alimentaires solidaires"},"content":{"rendered":"<p><img loading=\"lazy\" decoding=\"async\" class=\"alignleft wp-image-3629 size-medium\" src=\"https:\/\/urgenci.net\/french\/wp-content\/uploads\/2015\/01\/SFS1-199x300.jpg\" alt=\"SFS\" width=\"199\" height=\"300\" srcset=\"https:\/\/urgenci.net\/french\/wp-content\/uploads\/2015\/01\/SFS1-199x300.jpg 199w, https:\/\/urgenci.net\/french\/wp-content\/uploads\/2015\/01\/SFS1.jpg 569w\" sizes=\"auto, (max-width: 199px) 100vw, 199px\" \/>Learning Towards Solidarity-based Food Systems is an international project funded by European Commission within the Life long learning scheme, programme Grundtvig. The target of the project is to provide adult learners international experience and skills related to the development of solidarity-based food systems, Community Supported Agriculture in particular and to motivate them to use obtained knowledge and skills towards spread and development of CSA and other solidarity-based food systems in their home countries.<\/p>\n<p><strong>On this page you can find<\/strong>:<\/p>\n<p><a title=\"Resources for learners\" href=\"https:\/\/urgenci.net\/french\/letsfs\/for-learners\/\">Information for learners<\/a> (contacts, event schedule, etc.)<\/p>\n<p><a title=\"Event reports\" href=\"https:\/\/urgenci.net\/french\/letsfs\/event-reports\/\">Event reports<\/a> (official reporsts from finished events)<\/p>\n<p>&nbsp;<\/p>\n<p><strong>Partnership<\/strong><\/p>\n<p>Project is carried out by 7 partners from<\/p>\n<h4><a href=\"http:\/\/tranzicijska-pula.hr\/\" target=\"_blank\">Tranzicijska Pula<\/a> (Croatia), <a href=\"http:\/\/www.kom-pot.cz\" target=\"_blank\">KomPot, o.s.<\/a> (Czech Republic), <a href=\"http:\/\/www.solidarische-landwirtschaft.org\/de\/startseite\/\" target=\"_blank\">Solidarische Landwirtschaft e.V.<\/a> (Germany), <a href=\"http:\/\/tudatosvasarlo.hu\/english\" target=\"_blank\">Association of Conscious Consumers<\/a> (Hungary), <a href=\"http:\/\/www.parcotrotter.org\" target=\"_blank\">Associazione La Citt\u00e0 del sole &#8211; Amici del Parco Trotter &#8211; onlus <\/a>(Italy), <a href=\"http:\/\/www.scuoladipratichesostenibili.org\" target=\"_blank\">Associazione Culturale Cascina Santa Brera<\/a> (Italy), <a href=\"http:\/\/igo.org.pl\/english\" target=\"_blank\">Instytut Globalnej Odpowiedzialnosci<\/a> (Poland) and <a href=\"http:\/\/malmo.se\/sustainablecity\" target=\"_blank\">Milj\u00f6f\u00f6rvaltningen Malm\u00f6<\/a> (Sweden).<\/h4>\n<p>This blog brings you collection of reports, experiences and feelings of the learners at the experience sharing workshops that take place during 2014 and 2015.<\/p>\n<p>&nbsp;<\/p>\n<p><img loading=\"lazy\" decoding=\"async\" class=\"alignnone wp-image-3633 size-medium\" src=\"https:\/\/urgenci.net\/french\/wp-content\/uploads\/2015\/01\/EU_flag_LLP_EN1-300x110.jpg\" alt=\"\" width=\"300\" height=\"110\" srcset=\"https:\/\/urgenci.net\/french\/wp-content\/uploads\/2015\/01\/EU_flag_LLP_EN1-300x110.jpg 300w, https:\/\/urgenci.net\/french\/wp-content\/uploads\/2015\/01\/EU_flag_LLP_EN1-1024x375.jpg 1024w, https:\/\/urgenci.net\/french\/wp-content\/uploads\/2015\/01\/EU_flag_LLP_EN1-600x220.jpg 600w, https:\/\/urgenci.net\/french\/wp-content\/uploads\/2015\/01\/EU_flag_LLP_EN1.jpg 1155w\" sizes=\"auto, (max-width: 300px) 100vw, 300px\" \/><\/p>\n<p>The project is implemented with financial support from the European Commission. The content of this document is limited to the author&rsquo;s view, the Commission can not be held responsible for the information presented.<\/p>\n","protected":false},"excerpt":{"rendered":"<p>Learning Towards Solidarity-based Food Systems is an international project funded by European Commission within the Life long learning scheme, programme Grundtvig. The target of the project is to provide adult learners international experience and skills related to the development of solidarity-based food systems, Community Supported Agriculture in particular and to motivate them to use obtained&#8230; <\/p>\n<div class=\"clear\"><\/div>\n<p><a href=\"https:\/\/urgenci.net\/french\/letsfs\/\" class=\"excerpt-read-more\">Read More<\/a><\/p>\n","protected":false},"author":5,"featured_media":0,"parent":0,"menu_order":0,"comment_status":"closed","ping_status":"closed","template":"","meta":{"footnotes":""},"class_list":["post-3628","page","type-page","status-publish","hentry"],"_links":{"self":[{"href":"https:\/\/urgenci.net\/french\/wp-json\/wp\/v2\/pages\/3628","targetHints":{"allow":["GET"]}}],"collection":[{"href":"https:\/\/urgenci.net\/french\/wp-json\/wp\/v2\/pages"}],"about":[{"href":"https:\/\/urgenci.net\/french\/wp-json\/wp\/v2\/types\/page"}],"author":[{"embeddable":true,"href":"https:\/\/urgenci.net\/french\/wp-json\/wp\/v2\/users\/5"}],"replies":[{"embeddable":true,"href":"https:\/\/urgenci.net\/french\/wp-json\/wp\/v2\/comments?post=3628"}],"version-history":[{"count":5,"href":"https:\/\/urgenci.net\/french\/wp-json\/wp\/v2\/pages\/3628\/revisions"}],"predecessor-version":[{"id":5102,"href":"https:\/\/urgenci.net\/french\/wp-json\/wp\/v2\/pages\/3628\/revisions\/5102"}],"wp:attachment":[{"href":"https:\/\/urgenci.net\/french\/wp-json\/wp\/v2\/media?parent=3628"}],"curies":[{"name":"wp","href":"https:\/\/api.w.org\/{rel}","templated":true}]}}