{"id":3649,"date":"2015-01-08T21:40:31","date_gmt":"2015-01-08T20:40:31","guid":{"rendered":"http:\/\/dizajn-biro.com.hr\/urgenci\/?page_id=3649"},"modified":"2015-07-02T23:29:22","modified_gmt":"2015-07-02T21:29:22","slug":"for-learners","status":"publish","type":"page","link":"https:\/\/urgenci.net\/french\/letsfs\/for-learners\/","title":{"rendered":"Ressources pour les apprenants"},"content":{"rendered":"<p><img loading=\"lazy\" decoding=\"async\" class=\"alignnone wp-image-3652 size-full\" src=\"https:\/\/urgenci.net\/french\/wp-content\/uploads\/2015\/01\/hu4.small_1.jpg\" alt=\"hu4.small_\" width=\"700\" height=\"340\" srcset=\"https:\/\/urgenci.net\/french\/wp-content\/uploads\/2015\/01\/hu4.small_1.jpg 700w, https:\/\/urgenci.net\/french\/wp-content\/uploads\/2015\/01\/hu4.small_1-300x146.jpg 300w, https:\/\/urgenci.net\/french\/wp-content\/uploads\/2015\/01\/hu4.small_1-600x291.jpg 600w\" sizes=\"auto, (max-width: 700px) 100vw, 700px\" \/><\/p>\n<p>If you are interested in joining some of the project activities please get in touch with your country respective coordinator below. If you wish to reach the partnership for any other reason, please contact the project <a href=\"mailto:koordinacni@kom-pot.cz?subject=LetSFS%20Project%20request\">coordinator<\/a>.<\/p>\n<table border=\"1\" cellspacing=\"1\" cellpadding=\"1\">\n<thead>\n<tr>\n<th scope=\"col\"><strong>ORGANIZATION<\/strong><\/th>\n<th scope=\"col\"><strong>COUNTRY<\/strong><\/th>\n<th scope=\"col\"><strong>CONTACT <\/strong><\/th>\n<\/tr>\n<\/thead>\n<tbody>\n<tr>\n<td><a href=\"http:\/\/www.kom-pot.cz\" target=\"_blank\">KomPot, o.s.<\/a> &#8211; partnership coordinator<\/td>\n<td>Czech Republic<\/td>\n<td><a href=\"mailto:koordinacni@kom-pot.cz?subject=LetSFS%20project\">Jan Vale\u0161ka<\/a><\/td>\n<\/tr>\n<tr>\n<td>Instytut Globalnej Odpowiedzialnosci<\/td>\n<td>Poland<\/td>\n<td>Julia Olszewska<\/td>\n<\/tr>\n<tr>\n<td><a href=\"http:\/\/www.solidarische-landwirtschaft.org\/de\/startseite\/\" target=\"_blank\">Solidarische Landwirtschaft e.V.<\/a><\/td>\n<td>Germany<\/td>\n<td>Kathleen Cross<\/td>\n<\/tr>\n<tr>\n<td>Tranzicijska Pula<\/td>\n<td>Croatia<\/td>\n<td>Danijel Balaban<\/td>\n<\/tr>\n<tr>\n<td><a href=\"http:\/\/tudatosvasarlo.hu\/tve\/association-of-conscious-consumers\" target=\"_blank\">Tudatos V\u00e1s\u00e1rl\u00f3k Egyes\u00fclete<\/a><\/td>\n<td>Hungary<\/td>\n<td>Zs\u00f3fia Per\u00e9nyi<\/td>\n<\/tr>\n<tr>\n<td><a href=\"http:\/\/www.parcotrotter.org\" target=\"_blank\">Associazione La Citt\u00e0 del sole &#8211; Amici del Parco Trotter &#8211; onlus<\/a><\/td>\n<td>Italy<\/td>\n<td>Alberto Graglia<\/td>\n<\/tr>\n<tr>\n<td><a href=\"http:\/\/www.scuoladipratichesostenibili.org\" target=\"_blank\">Associazione Culturale Cascina Santa Brera<\/a><\/td>\n<td>Italy<\/td>\n<td>Anna Morera<\/td>\n<\/tr>\n<tr>\n<td>Milj\u00f6f\u00f6rvaltningen Malm\u00f6 (Sweden).<\/td>\n<td>Sweden<\/td>\n<td>Hellen Nilsson<\/td>\n<\/tr>\n<\/tbody>\n<\/table>\n<p>&nbsp;<\/p>\n<p><strong>Plan of the Experience sharing workshops in 2014 and 2015<\/strong><\/p>\n<p><iframe loading=\"lazy\" src=\"https:\/\/docs.google.com\/spreadsheet\/pub?key=0AtB31HMKs2L7dGRqR2g5N1loQkl0ZGFUVEpXWXJnUlE&amp;single=true&amp;gid=3&amp;output=html&amp;widget=true\" width=\"700\" height=\"600\" frameborder=\"0\"><\/iframe><\/p>\n","protected":false},"excerpt":{"rendered":"<p>If you are interested in joining some of the project activities please get in touch with your country respective coordinator below. If you wish to reach the partnership for any other reason, please contact the project coordinator. ORGANIZATION COUNTRY CONTACT KomPot, o.s. &#8211; partnership coordinator Czech Republic Jan Vale\u0161ka Instytut Globalnej Odpowiedzialnosci Poland Julia Olszewska&#8230; <\/p>\n<div class=\"clear\"><\/div>\n<p><a href=\"https:\/\/urgenci.net\/french\/letsfs\/for-learners\/\" class=\"excerpt-read-more\">Read More<\/a><\/p>\n","protected":false},"author":5,"featured_media":0,"parent":3628,"menu_order":0,"comment_status":"closed","ping_status":"closed","template":"","meta":{"footnotes":""},"class_list":["post-3649","page","type-page","status-publish","hentry"],"_links":{"self":[{"href":"https:\/\/urgenci.net\/french\/wp-json\/wp\/v2\/pages\/3649","targetHints":{"allow":["GET"]}}],"collection":[{"href":"https:\/\/urgenci.net\/french\/wp-json\/wp\/v2\/pages"}],"about":[{"href":"https:\/\/urgenci.net\/french\/wp-json\/wp\/v2\/types\/page"}],"author":[{"embeddable":true,"href":"https:\/\/urgenci.net\/french\/wp-json\/wp\/v2\/users\/5"}],"replies":[{"embeddable":true,"href":"https:\/\/urgenci.net\/french\/wp-json\/wp\/v2\/comments?post=3649"}],"version-history":[{"count":3,"href":"https:\/\/urgenci.net\/french\/wp-json\/wp\/v2\/pages\/3649\/revisions"}],"predecessor-version":[{"id":5104,"href":"https:\/\/urgenci.net\/french\/wp-json\/wp\/v2\/pages\/3649\/revisions\/5104"}],"up":[{"embeddable":true,"href":"https:\/\/urgenci.net\/french\/wp-json\/wp\/v2\/pages\/3628"}],"wp:attachment":[{"href":"https:\/\/urgenci.net\/french\/wp-json\/wp\/v2\/media?parent=3649"}],"curies":[{"name":"wp","href":"https:\/\/api.w.org\/{rel}","templated":true}]}}