{"id":3660,"date":"2015-01-08T21:51:10","date_gmt":"2015-01-08T21:51:10","guid":{"rendered":"http:\/\/dizajn-biro.com.hr\/urgenci\/?page_id=3660"},"modified":"2016-07-01T15:34:31","modified_gmt":"2016-07-01T13:34:31","slug":"european-handbook-on-csa","status":"publish","type":"page","link":"https:\/\/urgenci.net\/french\/actions\/csa4europe\/european-handbook-on-csa\/","title":{"rendered":"Manuel europ\u00e9en des PLS"},"content":{"rendered":"<p><img loading=\"lazy\" decoding=\"async\" class=\"alignnone wp-image-3861 size-full\" src=\"https:\/\/urgenci.net\/french\/wp-content\/uploads\/2015\/01\/Vienna_CSA_Grundtvig1.jpg\" alt=\"Vienna_CSA_Grundtvig\" width=\"700\" height=\"340\" srcset=\"https:\/\/urgenci.net\/french\/wp-content\/uploads\/2015\/01\/Vienna_CSA_Grundtvig1.jpg 700w, https:\/\/urgenci.net\/french\/wp-content\/uploads\/2015\/01\/Vienna_CSA_Grundtvig1-300x146.jpg 300w, https:\/\/urgenci.net\/french\/wp-content\/uploads\/2015\/01\/Vienna_CSA_Grundtvig1-600x291.jpg 600w\" sizes=\"auto, (max-width: 700px) 100vw, 700px\" \/><\/p>\n<p>Le Manuel a \u00e9t\u00e9 publi\u00e9 dans le cadre du projet \u00ab\u00a0<strong>Community Supported Agriculture for Europe\u00a0\u00bb (l&rsquo;Agriculture soutenue par les citoyens)\u00a0<\/strong>coordonn\u00e9 par Urgenci et conduit durant les ann\u00e9es\u00a02011-2013 par les\u00a0organisations suivantes:<\/p>\n<ul>\n<li>ATTAC, Autriche;<\/li>\n<li>CEPTA, Slovaquie;<\/li>\n<li>DIO, Gr\u00e8ce;<\/li>\n<li>Gute Erde Kattendorf, Allemagne;<\/li>\n<li>PRO-BIO LIGA, R\u00e9publique tch\u00e8que;<\/li>\n<li>Soil Association, Royaume Uni;<\/li>\n<li>TVE, Hongrie.<\/li>\n<\/ul>\n<h1><strong>Auteurs<\/strong><\/h1>\n<p>Ce manuel a \u00e9t\u00e9 \u00e9crit par un collectif d&rsquo;auteurs oeuvrant pour des initiatives d&rsquo;Agriculture soutenue par les citoyens dans 8 pays europ\u00e9ens diff\u00e9rents: Jade Bashford, Kathleen Cross, Wolfgang Eichinger Andreas Georgakakis, Morgane Iserte, Fabian Kern, Daniel Le\u0161insk\u00fd, Stephan Pabst, Jocelyn Parot, Zs\u00f3fia Per\u00e9nyi, Jan Vale\u0161ka and Maike Wendland.<\/p>\n<div align=\"justify\">\n<h1 style=\"text-align: left;\" align=\"center\"><strong>T\u00e9l\u00e9chargement gratuit<br \/>\n<\/strong><\/h1>\n<div>Cliquez ici pour t\u00e9l\u00e9charger le guide:\u00a0<a href=\"https:\/\/urgenci.net\/french\/wp-content\/uploads\/2015\/01\/CSA4Europe_FR.pdf\">CSA4Europe_FR<\/a><strong>.<\/strong><\/div>\n<\/div>\n","protected":false},"excerpt":{"rendered":"<p>Le Manuel a \u00e9t\u00e9 publi\u00e9 dans le cadre du projet \u00ab\u00a0Community Supported Agriculture for Europe\u00a0\u00bb (l&rsquo;Agriculture soutenue par les citoyens)\u00a0coordonn\u00e9 par Urgenci et conduit durant les ann\u00e9es\u00a02011-2013 par les\u00a0organisations suivantes: ATTAC, Autriche; CEPTA, Slovaquie; DIO, Gr\u00e8ce; Gute Erde Kattendorf, Allemagne; PRO-BIO LIGA, R\u00e9publique tch\u00e8que; Soil Association, Royaume Uni; TVE, Hongrie. Auteurs Ce manuel a \u00e9t\u00e9&#8230; <\/p>\n<div class=\"clear\"><\/div>\n<p><a href=\"https:\/\/urgenci.net\/french\/actions\/csa4europe\/european-handbook-on-csa\/\" class=\"excerpt-read-more\">Read More<\/a><\/p>\n","protected":false},"author":5,"featured_media":0,"parent":3655,"menu_order":0,"comment_status":"closed","ping_status":"closed","template":"","meta":{"footnotes":""},"class_list":["post-3660","page","type-page","status-publish","hentry"],"_links":{"self":[{"href":"https:\/\/urgenci.net\/french\/wp-json\/wp\/v2\/pages\/3660","targetHints":{"allow":["GET"]}}],"collection":[{"href":"https:\/\/urgenci.net\/french\/wp-json\/wp\/v2\/pages"}],"about":[{"href":"https:\/\/urgenci.net\/french\/wp-json\/wp\/v2\/types\/page"}],"author":[{"embeddable":true,"href":"https:\/\/urgenci.net\/french\/wp-json\/wp\/v2\/users\/5"}],"replies":[{"embeddable":true,"href":"https:\/\/urgenci.net\/french\/wp-json\/wp\/v2\/comments?post=3660"}],"version-history":[{"count":5,"href":"https:\/\/urgenci.net\/french\/wp-json\/wp\/v2\/pages\/3660\/revisions"}],"predecessor-version":[{"id":5275,"href":"https:\/\/urgenci.net\/french\/wp-json\/wp\/v2\/pages\/3660\/revisions\/5275"}],"up":[{"embeddable":true,"href":"https:\/\/urgenci.net\/french\/wp-json\/wp\/v2\/pages\/3655"}],"wp:attachment":[{"href":"https:\/\/urgenci.net\/french\/wp-json\/wp\/v2\/media?parent=3660"}],"curies":[{"name":"wp","href":"https:\/\/api.w.org\/{rel}","templated":true}]}}