{"id":3667,"date":"2015-01-08T21:54:56","date_gmt":"2015-01-08T20:54:56","guid":{"rendered":"http:\/\/dizajn-biro.com.hr\/urgenci\/?page_id=3667"},"modified":"2016-06-22T17:36:45","modified_gmt":"2016-06-22T15:36:45","slug":"dissemination-in-eastern-europe","status":"publish","type":"page","link":"https:\/\/urgenci.net\/french\/actions\/dissemination-in-eastern-europe\/","title":{"rendered":"Essaimage en Europe de l&rsquo;Est"},"content":{"rendered":"<p style=\"text-align: justify;\"><img loading=\"lazy\" decoding=\"async\" class=\"alignleft wp-image-3668 size-medium\" src=\"https:\/\/urgenci.net\/french\/wp-content\/uploads\/2015\/01\/paniers_amap_toulouse21_11-300x146.jpg\" alt=\"paniers_amap_toulouse2(1)_1\" width=\"300\" height=\"146\" srcset=\"https:\/\/urgenci.net\/french\/wp-content\/uploads\/2015\/01\/paniers_amap_toulouse21_11-300x146.jpg 300w, https:\/\/urgenci.net\/french\/wp-content\/uploads\/2015\/01\/paniers_amap_toulouse21_11-600x291.jpg 600w, https:\/\/urgenci.net\/french\/wp-content\/uploads\/2015\/01\/paniers_amap_toulouse21_11.jpg 700w\" sizes=\"auto, (max-width: 300px) 100vw, 300px\" \/>En mai 2008, certains des membres du Groupe de travail sur l&rsquo;Essaimage ont r\u00e9pondu avec succ\u00e8s \u00e0 un appel ouvert par la <strong><a href=\"http:\/\/www.fondationdefrance.org\/\" target=\"_blank\">Fondation de France<\/a><\/strong>.<\/p>\n<p style=\"text-align: justify;\"><strong>Bulgarie<\/strong>: 2\u00e8me mission du 30 juin au 4 juillet 2009, <strong><a href=\"https:\/\/urgenci.net\/french\/wp-content\/uploads\/2015\/01\/Bulgaria-Mission-2-Report-FR-.pdf\">Bulgaria Mission 2 Report FR<\/a><\/strong> (format pdf).<\/p>\n<p style=\"text-align: justify;\"><strong>Estonie<\/strong>: 1\u00e8re mission du 26 au 29 avril 2009, <strong><a href=\"https:\/\/urgenci.net\/french\/wp-content\/uploads\/2015\/01\/Estonie-Mission1.pdf\">Estonie Mission1<\/a><\/strong> (format pdf).<\/p>\n<p style=\"text-align: justify;\"><strong>R\u00e9publique tch\u00e8que<\/strong>: 1\u00e8re mission du 14 au 19 d\u00e9cembre 2008, <strong><a href=\"https:\/\/urgenci.net\/french\/wp-content\/uploads\/2015\/01\/CR-Urgenci-CZE-1.pdf\">CR Urgenci CZE 1<\/a><\/strong> (format pdf); 2\u00e8me mission du 14 au 21 mars 2010, <strong><a href=\"https:\/\/urgenci.net\/french\/wp-content\/uploads\/2015\/01\/CR-Urgenci-CZE-2.pdf\">CR Urgenci CZE 2<\/a><\/strong> (format pdf).<\/p>\n<p style=\"text-align: justify;\">\n","protected":false},"excerpt":{"rendered":"<p>En mai 2008, certains des membres du Groupe de travail sur l&rsquo;Essaimage ont r\u00e9pondu avec succ\u00e8s \u00e0 un appel ouvert par la Fondation de France. Bulgarie: 2\u00e8me mission du 30 juin au 4 juillet 2009, Bulgaria Mission 2 Report FR (format pdf). Estonie: 1\u00e8re mission du 26 au 29 avril 2009, Estonie Mission1 (format pdf)&#8230;. <\/p>\n<div class=\"clear\"><\/div>\n<p><a href=\"https:\/\/urgenci.net\/french\/actions\/dissemination-in-eastern-europe\/\" class=\"excerpt-read-more\">Read More<\/a><\/p>\n","protected":false},"author":5,"featured_media":0,"parent":3594,"menu_order":0,"comment_status":"closed","ping_status":"closed","template":"","meta":{"footnotes":""},"class_list":["post-3667","page","type-page","status-publish","hentry"],"_links":{"self":[{"href":"https:\/\/urgenci.net\/french\/wp-json\/wp\/v2\/pages\/3667","targetHints":{"allow":["GET"]}}],"collection":[{"href":"https:\/\/urgenci.net\/french\/wp-json\/wp\/v2\/pages"}],"about":[{"href":"https:\/\/urgenci.net\/french\/wp-json\/wp\/v2\/types\/page"}],"author":[{"embeddable":true,"href":"https:\/\/urgenci.net\/french\/wp-json\/wp\/v2\/users\/5"}],"replies":[{"embeddable":true,"href":"https:\/\/urgenci.net\/french\/wp-json\/wp\/v2\/comments?post=3667"}],"version-history":[{"count":5,"href":"https:\/\/urgenci.net\/french\/wp-json\/wp\/v2\/pages\/3667\/revisions"}],"predecessor-version":[{"id":5268,"href":"https:\/\/urgenci.net\/french\/wp-json\/wp\/v2\/pages\/3667\/revisions\/5268"}],"up":[{"embeddable":true,"href":"https:\/\/urgenci.net\/french\/wp-json\/wp\/v2\/pages\/3594"}],"wp:attachment":[{"href":"https:\/\/urgenci.net\/french\/wp-json\/wp\/v2\/media?parent=3667"}],"curies":[{"name":"wp","href":"https:\/\/api.w.org\/{rel}","templated":true}]}}