{"id":3672,"date":"2015-01-08T21:57:14","date_gmt":"2015-01-08T20:57:14","guid":{"rendered":"http:\/\/dizajn-biro.com.hr\/urgenci\/?page_id=3672"},"modified":"2015-07-02T23:30:24","modified_gmt":"2015-07-02T21:30:24","slug":"publications-on-urgenci","status":"publish","type":"page","link":"https:\/\/urgenci.net\/french\/publications-on-urgenci\/","title":{"rendered":"Publications sur Urgenci"},"content":{"rendered":"<h1 align=\"JUSTIFY\"><strong>Books<\/strong><\/h1>\n<ul>\n<li style=\"padding-left: 30px;\">Amemiya Hiroko (dir.),\u00a0<em>Du Teikei aux AMAP. Le renouveau de la vente directe de\u00a0produits fermiers locau<\/em>x, Rennes : Presses universitaires de Rennes (coll.\u00a0Economie et soci\u00e9t\u00e9), 2011, 352 p. ISBN 978-2-7535-1297-9<\/li>\n<li style=\"padding-left: 30px;\">Astruc Lionel &amp; C\u00e9cile Cros,\u00a0<em>Manger local. S\u2019approvisionner et produire ensemble<\/em>,\u00a0Paris : Actes Sud (coll. Domaines du Possible), 2011.<\/li>\n<li style=\"padding-left: 30px;\">Hashimoto Shinji. \u00ab Le syst\u00e8me Teikei au Japon \u00bb in Ciattoni Annette, Rigou\u00a0G\u00e9rard, Baud Pascal, Bourgeat Serge, Bras Catherine,\u00a0Fr\u00e9mont-Vanacore Anne,\u00a0Mariani Antoine, Richard Yann,\u00a0<em>G\u00e9ographie 2nde \u00e9dition 2010,<\/em>\u00a0Paris : Hatier,\u00a02010. p.66. <a href=\"http:\/\/medias.editions-hatier.fr\/hatier\/flipnew\/94413\/index.htm\">http:\/\/medias.editions-hatier.fr\/hatier\/flipnew\/94413\/index.htm<\/a>(consultation au 29 septembre 2010).<\/li>\n<li style=\"padding-left: 30px;\">Henderson Elizabeth &amp; Van En Robyn.\u00a0<em>Sharing the Harvest : a Citizen\u2019s Guide to\u00a0Community \u2013supported Agriculture<\/em>. White River Junction : Chelsea Green\u00a0Publishing, 2007 (reviewed and expanded version), 320 p. ISBN-10:\u00a09781933392103<\/li>\n<li style=\"padding-left: 30px;\">Lamine Claire. Les AMAP : un nouveau pacte entre producteurs et\u00a0consommateurs, Paris : Yves Michel (Collection : Soci\u00e9t\u00e9 Civile), 2008, 164 p.\u00a0ISBN : 978 2 913492 51 6<\/li>\n<li style=\"padding-left: 30px;\">Nyeleni Europe Committee (dont Jocelyn Parot, Urgenci),\u00a0<em>Nyeleni 2011 :\u00a0European Food Sovereignty Forum, Synthesis Report &amp; Action Plan,<\/em>\u00a0Krems :\u00a0Ny\u00e9l\u00e9ni Europe Movement and European Coordination Via Campesina, February\u00a02012, 44 p. Egalement en fran\u00e7ais et en allemand.<\/li>\n<li style=\"padding-left: 30px;\">Robin Marie-Monique, Moissons du futur.\u00a0<em>Comment l\u2019agro\u00e9cologie peut nourrir le\u00a0monde,<\/em>\u00a0Paris : La D\u00e9couverte\/Arte Editions. (La partie concernant le Japon a \u00e9t\u00e9\u00a0\u00e9labor\u00e9e gr\u00e2ce \u00e0 la mise en r\u00e9seau propos\u00e9e par Urgenci).<\/li>\n<li style=\"padding-left: 30px;\"><em>Vivre autrement. L\u2019\u00e9conomie sociale et solidaire en \u00cele-de-France,<\/em>\u00a0Paris :\u00a0Alternatives Economiques, 2011.<\/li>\n<li style=\"padding-left: 30px;\">Weidknnet Annie,\u00a0<em>AMAP, histoire et exp\u00e9riences,<\/em>\u00a0Portet-sur-Garonne : Editions\u00a0Loubati\u00e8res, 2011, 192 p. (Urgenci est pr\u00e9sent\u00e9, et l\u2019article sur Equiterre publi\u00e9\u00a0sur le site d\u2019Urgenci est largement repris)<\/li>\n<\/ul>\n<h1 align=\"JUSTIFY\"><strong>Press articles, reviews<\/strong><\/h1>\n<ul>\n<li style=\"padding-left: 30px;\">B\u00e9ranger Marie-C\u00e9cile, \u00ab D\u00e9velopper les AMAP dans les pays pauvres\u00a0\u00bb,\u00a0<em>La\u00a0Provence<\/em>, 12 novembre 2007.<\/li>\n<li style=\"padding-left: 30px;\">Boyer Corine, \u00ab Les AMAP, ou l\u2019agriculture autrement \u00bb,\u00a0<em>La Croix<\/em>, 24 ao\u00fbt 2008.<\/li>\n<li style=\"padding-left: 30px;\">Brootcorne Nicolas, \u00ab Le pouvoir des consommateurs \u00bb,\u00a0<em>Tagesblatt<\/em>, 5 mars 2008.<\/li>\n<li style=\"padding-left: 30px;\">Bureau Jean-Marc, \u00ab Un r\u00e9seau international pour les circuits courts \u00bb,\u00a0<em>Transrurales Initiatives<\/em>, ao\u00fbt 2012, rubrique Etranger, p.VII.<\/li>\n<li style=\"padding-left: 30px;\">\u00ab Enqu\u00eate : les associations pour le maintien de l\u2019agriculture paysanne\u00a0remportent un succ\u00e8s croissant. Un concept qui a germ\u00e9 au Japon\u00bb,\u00a0<em>Les\u00a0Echos<\/em>, n\u00b0 20506, 10 Septembre 2009, p. 9.<\/li>\n<li style=\"padding-left: 30px;\">Chabaud Christelle, \u00ab Semeurs d\u2019alternatives potag\u00e8res \u00bb,\u00a0<em>L\u2019Humanit\u00e9<\/em>, 5 mars\u00a02008.<\/li>\n<li style=\"padding-left: 30px;\">Chavinskaia Lidia &amp; Wisniewski Allan, \u00ab L\u2019Institut Vavilov, pionnier de la\u00a0biodiversit\u00e9 \u00bb,\u00a0<em>Regards sur l\u2019Est<\/em>, 15 janvier 2009.<\/li>\n<li style=\"padding-left: 30px;\">Coutellec L\u00e9o, Alphand\u00e9ry Marc &amp; Dehondt J\u00e9r\u00f4me, \u00ab Les AMAP se mettent en\u00a0mouvement \u00bb,\u00a0<em>Politis<\/em>, Mai-juin 2010, 44-45.<\/li>\n<li style=\"padding-left: 30px;\">Dehondt J\u00e9r\u00f4me, Hitchman Judith &amp; Parot Jocelyn, \u00ab Le d\u00e9veloppement des\u00a0fermes familiales et biologiques passe par le rapprochement entre producteurs et\u00a0consommateurs \u00bb,\u00a0<em>Sous les pav\u00e9s, la Terre<\/em>\u00a0(bulletin de liaison du R\u00e9seau AMAPIdF).\u00a0n\u00b010. juin 2010.<\/li>\n<li style=\"padding-left: 30px;\">Floran Liviu, \u00ab O nou\u0103 genera\u0163ie de consumatori se na\u015fte \u00een Rom\u00e2nia:\u00a0ASATienii \u00bb,\u00a0<em>AlTreileSector.ro<\/em>, 29 mai 2013.<\/li>\n<li style=\"padding-left: 30px;\">G., A. \u00ab Action Food Democracy Now au secours de la station de Pavlovsk \u00bb.\u00a0Campagnes et environnement. 20 septembre 2010. Terre-Ecos. 25.9.2010\u00a0&lt;<a href=\"http:\/\/www.campagnesetenvironnement.fr\/action-food-democracy-now-au-secours-dela-3645.html\">http:\/\/www.campagnesetenvironnement.fr\/action-food-democracy-now-au-secours-dela-3645.html<\/a><\/li>\n<li style=\"padding-left: 30px;\">Goby Christian &amp; Martagnon Ulysse, \u00ab Plan\u00e8te AMAP. Solidaire de la fourche \u00e0 la\u00a0fourchette \u00bb,\u00a0<em>La Galipote<\/em>, hiver 2008-2009.<\/li>\n<li style=\"padding-left: 30px;\">Henderson Elizabeth, \u00ab Farm-connected CSAs should offer more than just \u2018veggie\u00a0subscriptions\u2019 \u00bb,\u00a0<em>Grist<\/em>, 30 avril 2012 <a href=\"http:\/\/grist.org\/locavore\/csa-just-a-vegetable-subscription-or-a-way-to-truly-connect-with-your-farm\/\">http:\/\/grist.org\/locavore\/csa-just-a-vegetable-subscription-or-a-way-to-truly-connect-with-your-farm\/<\/a><\/li>\n<li style=\"padding-left: 30px;\">Henderson Elizabeth, \u00ab A Global Meeting of Local Food \u00bb,\u00a0<em>Urgenci blog<\/em>, May\u00a02010.<\/li>\n<li style=\"padding-left: 30px;\">Hitchman Judith,\u00a0<a href=\"https:\/\/urgenci.net\/french\/wp-content\/uploads\/2015\/01\/Hitchman_CASS1.pdf\">\u00ab\u00a0Advocacy, social movements, short\u00a0distribution chains and policy: an illustrated\u00a0analytical approach\u00a0\u00bb<\/a>,\u00a0<em>Urgenci Working Paper n\u00b01,\u00a0<\/em>October 2014<em>,\u00a0<\/em>13 p.<\/li>\n<li style=\"padding-left: 30px;\">Hitchman Judith, <a href=\"https:\/\/urgenci.net\/french\/sites\/default\/files\/P10_Africa_112114.pdf\">\u00ab\u00a0Nutritious Food is a Human Right. Better Governance of Local Food Systems will Help Battle Global Malnutrition\u00a0\u00bb<\/a>,\u00a0<em>China Daily<\/em>, November 21-27 2014, p. 10.<\/li>\n<li style=\"padding-left: 30px;\">KnitNell, \u00ab Digging the good life with Community supported Agriculture \u00bb, juin\u00a02013. <a href=\"http:\/\/knitnell.com\/2013\/06\/03\/digging-the-good-life-with-community-supported-agriculture\/\">http:\/\/knitnell.com\/2013\/06\/03\/digging-the-good-life-with-community-supported-agriculture\/<\/a><\/li>\n<li style=\"padding-left: 30px;\">Mikk Merit, \u00ab Tarbija ulatab talunikule abik\u00e4e \u00bb,\u00a0<em>Mahepollumajanduse leht\u00a0<\/em>(\u00d6koloogiliste Tehnoloogiate Keskuse V\u00e4ljaanne). n\u00b048 (1\/2009).\u00a0Notes : pp. 1-3, 3 photos, description des AMAP sur la base de la mission\u00a0r\u00e9alis\u00e9e sur place en juin 2009.<\/li>\n<li style=\"padding-left: 30px;\">Parot Jocelyn, \u00ab Agricultura sus\u021binut\u0103 de comunitate \u00bb in Vetan Mihaela,\u00a0<em>Ghid\u00a0adaptat de bune practici \u00een domeniul incluziunii sociale<\/em>, Timisoara : Centrul de\u00a0resurse pentru initiative etice si solidale, 2012.<\/li>\n<li style=\"padding-left: 30px;\">Parot Jocelyn, \u00ab Une rencontre qui fait date : le Ve colloque d\u2019Urgenci en\u00a0Californie \u00bb, mars 2013,\u00a0<em>Bulletin international de D\u00e9veloppement local durable<\/em>.<\/li>\n<li style=\"padding-left: 30px;\">Parot Jocelyn, R\u00fchlmann Claire, Vall\u00e9e Ga\u00ebtan, \u00ab\u00a0Portrait d&rsquo;un mouvement: les fermiers de famille et les agricultures soutenues par la communaut\u00e9 au Qu\u00e9bec,\u00a0<em>Teikei<\/em>, n\u00b030, juillet 2010.\u00a0<strong><a href=\"https:\/\/urgenci.net\/french\/wp-content\/uploads\/2015\/01\/Equiterre1.pdf\">Download<\/a><\/strong><\/li>\n<li style=\"padding-left: 30px;\">Parot Jocelyn,<a href=\"https:\/\/urgenci.net\/french\/sites\/default\/files\/Nekasarea.pdf\">\u00a0<\/a>\u00ab\u00a0Nekasarea, un collectif basque au service de la lutte quotidienne pour la souverainet\u00e9 alimentaire\u00a0\u00bb,\u00a0<em>Bulletin international de d\u00e9veloppement local\u00a0durable<\/em>, n\u00b074, novembre 2010.\u00a0<a href=\"https:\/\/urgenci.net\/french\/sites\/default\/files\/Nekasarea.pdf\"><strong>Download<\/strong><\/a><\/li>\n<li style=\"padding-left: 30px;\">Rachid Tarik, \u00ab Des jardins mara\u00eechers pour combattre la pauvret\u00e9 \u00bb,\u00a0<em>Le Matin<\/em>,\u00a028 septembre 2008.<\/li>\n<li style=\"padding-left: 30px;\">Sarjas Aive. \u00ab Kas seadus t\u00f5esti seljatab terve m\u00f5istuse ? \u00bb.\u00a0<em>Maaleht.ee<\/em>. 17\u00a0septembre 2009. http :\/\/blog.urgenci.net\/?p=404<\/li>\n<li style=\"padding-left: 30px;\">Sun Ye, \u00ab People Power \u00bb,<em>\u00a0China Daily<\/em>, 14 juillet 2013, p.1.<\/li>\n<li style=\"padding-left: 30px;\">Plusieurs num\u00e9ros de\u00a0<em>Campagnes Solidaires<\/em>\u00a0ont \u00e9galement mentionn\u00e9 Urgenci,\u00a0en particulier l\u2019un, fin 2012, r\u00e9dig\u00e9 par Genevi\u00e8ve Savigny et qui \u00e9voquait la\u00a0rencontre de Milan.<\/li>\n<\/ul>\n<h1 align=\"JUSTIFY\"><strong>Audiovisual documents (films, audio records)<\/strong><\/h1>\n<ul>\n<li style=\"padding-left: 30px;\">Alvarez Concepcion, \u00ab Succ\u00e8s croissant des Amap : le r\u00e9seau \u00cele-de-France r\u00e9uni\u00a0sur la p\u00e9niche Antipode \u00e0 Paris \u00bb, Radio solidaire, 26 mai 2011,\u00a0<a href=\"http:\/\/www.mediasolidaire.com\/\/actualites\/entreprises-solidaires\/225-quatrieme-fete-desamap-dile-de-france-sur-la-peniche-antipode-a-paris.html\">http:\/\/www.radiosolidaire.com\/actualites\/entreprises-solidaires\/225-quat&#8230;<\/a><\/li>\n<li style=\"padding-left: 30px;\">Centrul de Resurse pentru initiative etice si solidale, 4 filme de prezentare a unor\u00a0demersuri de dezvoltare incluziva, Timisoara : CRIES, 2012. (Entretien avec le\u00a0Secr\u00e9taire g\u00e9n\u00e9ral d\u2019Urgenci Jocelyn Parot)<\/li>\n<\/ul>\n<p style=\"padding-left: 60px;\" align=\"JUSTIFY\"><a href=\"http:\/\/www.cries.ro\/implicarea-ta\/4-filme-de-prezentare-a-unor-demersuri-de-dezvoltare-incluziva\/\">http:\/\/www.cries.ro\/implicarea-ta\/4-filme-de-prezentare-a-unor-demersuri-de-dezvoltare-incluziva\/<\/a><\/p>\n<ul>\n<li style=\"padding-left: 30px;\">Oumar Diabat\u00e9, pionnier de l\u2019agro\u00e9cologie au Mali \u00bb, Radio France\u00a0internationale, 11 novembre 2012.<\/li>\n<\/ul>\n<p style=\"padding-left: 60px;\" align=\"JUSTIFY\"><a href=\"http:\/\/www.rfi.fr\/emission\/20130317-2-oumar-diabate-pionnier-agro-ecologie-mali-rediffusion\/\">http:\/\/www.rfi.fr\/emission\/20130317-2-oumar-diabate-pionnier-agro-ecologie-mali-rediffusion\/<\/a><\/p>\n<ul>\n<li style=\"padding-left: 30px;\">Mali, un jardin agro-\u00e9cologique aux portes de Bamako \u00bb, 15 novembre 2012.<\/li>\n<\/ul>\n<p style=\"padding-left: 60px;\" align=\"JUSTIFY\"><a href=\"http:\/\/www.rfi.fr\/afrique\/20121115-jardin-agro-ecologique-portes-bamako-mali-gao-pierre-rabhi\/\">http:\/\/www.rfi.fr\/afrique\/20121115-jardin-agro-ecologique-portes-bamako-mali-gao-pierre-rabhi\/<\/a><\/p>\n","protected":false},"excerpt":{"rendered":"<p>Books Amemiya Hiroko (dir.),\u00a0Du Teikei aux AMAP. Le renouveau de la vente directe de\u00a0produits fermiers locaux, Rennes : Presses universitaires de Rennes (coll.\u00a0Economie et soci\u00e9t\u00e9), 2011, 352 p. ISBN 978-2-7535-1297-9 Astruc Lionel &amp; C\u00e9cile Cros,\u00a0Manger local. S\u2019approvisionner et produire ensemble,\u00a0Paris : Actes Sud (coll. Domaines du Possible), 2011. Hashimoto Shinji. \u00ab Le syst\u00e8me Teikei au&#8230; <\/p>\n<div class=\"clear\"><\/div>\n<p><a href=\"https:\/\/urgenci.net\/french\/publications-on-urgenci\/\" class=\"excerpt-read-more\">Read More<\/a><\/p>\n","protected":false},"author":5,"featured_media":0,"parent":0,"menu_order":0,"comment_status":"closed","ping_status":"closed","template":"","meta":{"footnotes":""},"class_list":["post-3672","page","type-page","status-publish","hentry"],"_links":{"self":[{"href":"https:\/\/urgenci.net\/french\/wp-json\/wp\/v2\/pages\/3672","targetHints":{"allow":["GET"]}}],"collection":[{"href":"https:\/\/urgenci.net\/french\/wp-json\/wp\/v2\/pages"}],"about":[{"href":"https:\/\/urgenci.net\/french\/wp-json\/wp\/v2\/types\/page"}],"author":[{"embeddable":true,"href":"https:\/\/urgenci.net\/french\/wp-json\/wp\/v2\/users\/5"}],"replies":[{"embeddable":true,"href":"https:\/\/urgenci.net\/french\/wp-json\/wp\/v2\/comments?post=3672"}],"version-history":[{"count":5,"href":"https:\/\/urgenci.net\/french\/wp-json\/wp\/v2\/pages\/3672\/revisions"}],"predecessor-version":[{"id":5108,"href":"https:\/\/urgenci.net\/french\/wp-json\/wp\/v2\/pages\/3672\/revisions\/5108"}],"wp:attachment":[{"href":"https:\/\/urgenci.net\/french\/wp-json\/wp\/v2\/media?parent=3672"}],"curies":[{"name":"wp","href":"https:\/\/api.w.org\/{rel}","templated":true}]}}