{"id":3680,"date":"2015-01-08T22:02:02","date_gmt":"2015-01-08T21:02:02","guid":{"rendered":"http:\/\/dizajn-biro.com.hr\/urgenci\/?page_id=3680"},"modified":"2015-07-02T23:29:42","modified_gmt":"2015-07-02T21:29:42","slug":"material-on-csa","status":"publish","type":"page","link":"https:\/\/urgenci.net\/french\/material-on-csa\/","title":{"rendered":"Documentation sur les PLS"},"content":{"rendered":"<p><img loading=\"lazy\" decoding=\"async\" class=\"alignnone wp-image-3451 size-full\" src=\"https:\/\/urgenci.net\/french\/wp-content\/uploads\/2015\/01\/Sunny_talk1.jpg\" alt=\"Sunny_talk\" width=\"700\" height=\"340\" srcset=\"https:\/\/urgenci.net\/french\/wp-content\/uploads\/2015\/01\/Sunny_talk1.jpg 700w, https:\/\/urgenci.net\/french\/wp-content\/uploads\/2015\/01\/Sunny_talk1-300x146.jpg 300w, https:\/\/urgenci.net\/french\/wp-content\/uploads\/2015\/01\/Sunny_talk1-600x291.jpg 600w\" sizes=\"auto, (max-width: 700px) 100vw, 700px\" \/><\/p>\n<h1>Handbooks<\/h1>\n<p>Of course, THE <a href=\"https:\/\/urgenci.net\/french\/wp-content\/uploads\/2015\/03\/CSA4EUrope_Handbook.pdf\">European CSA Handbook<\/a><\/p>\n<p>&amp; <em>A Share in the harvest<\/em>, the Soil Association CSA Action manual and all their <a href=\"http:\/\/www.soilassociation.org\/communitysupportedagriculture\/resources\">\u00ab\u00a0unbeatable\u00a0\u00bb resources<\/a><\/p>\n<p>The resources in this section will help you get the information and support you need to start up a CSA or develop your existing CSA further. You can browse our resources by category below:<\/p>\n<ul>\n<li><a href=\"http:\/\/www.soilassociation.org\/communitysupportedagriculture\/resources\/essentialreading\">Essential reading<\/a><\/li>\n<li><a href=\"http:\/\/www.soilassociation.org\/communitysupportedagriculture\/resources\/landtenancyandplanning\">Land, tenancy and planning<\/a><\/li>\n<li><a href=\"http:\/\/www.soilassociation.org\/communitysupportedagriculture\/resources\/legalgovernanceandfinances\">Legal, governance and finances<\/a><\/li>\n<li><a href=\"http:\/\/www.soilassociation.org\/communitysupportedagriculture\/resources\/farmingandgrowing\">Farming and growing<\/a><\/li>\n<li><a href=\"http:\/\/www.soilassociation.org\/communitysupportedagriculture\/resources\/marketingandmembershipbuilding\">Marketing and membership building<\/a><\/li>\n<li><a href=\"http:\/\/www.soilassociation.org\/communitysupportedagriculture\/casestudies\">Case studies<\/a><\/li>\n<\/ul>\n<p>MIRAMAP: the AMAP basics &#8211; <a href=\"http:\/\/miramap.org\/-Fondements-des-AMAP-.html\">http:\/\/miramap.org\/-Fondements-des-AMAP-.html<\/a><\/p>\n<ol>\n<li>Concept &amp; objectives<\/li>\n<li>What AMAP stand for<\/li>\n<li>The AMAP charter<\/li>\n<li>Where do the AMAP come from<\/li>\n<\/ol>\n<p>MIRAMAP: <a href=\"http:\/\/miramap.org\/-AMAP-.html\">the AMAP in practise<\/a><\/p>\n<ol>\n<li>To start up an AMAP<\/li>\n<li>The ethics of AMAP<\/li>\n<li>To be an AMAP farmer<\/li>\n<li>To run an AMAP<\/li>\n<li>PGS<\/li>\n<\/ol>\n<p><a href=\"http:\/\/www.alliancepec-rhonealpes.org\/Guides\">Rh\u00f4ne-alpes<\/a>\u00a0: The AMAP farmer handbook &amp; The \u00ab\u00a0dissemination\u00a0\u00bb handbook<\/p>\n<p>Literatur from the <a href=\"http:\/\/www.solidarische-landwirtschaft.org\/de\/mediathek\/literatur\/\">Solawi network<\/a> in Germany<\/p>\n<p><a href=\"http:\/\/issuu.com\/tudatosvasarlok\/docs\/community_supported_agriculture-get\/1?e=2857454\/4990596\">community-supported agriculture: getting your share<\/a>, by TVE (exists in <a href=\"http:\/\/issuu.com\/tudatosvasarlok\/docs\/kozossegi_mezogazdalkodas?e=2857454\/3610196\">magyar<\/a> and <a href=\"http:\/\/issuu.com\/tudatosvasarlok\/docs\/l___agriculture_contractuelle_de_pr?e=2857454\/4990618\">french<\/a>)<\/p>\n<h1>Articles<\/h1>\n<h5>B\u00ceRHALA Br\u00eendusa &amp; M\u00d6LLERS Judith, <strong><a href=\"https:\/\/urgenci.net\/french\/sites\/default\/files\/dp144.pdf\">\u00ab\u00a0Community supported\u00a0agriculture in Romania.\u00a0<\/a><\/strong><strong><a href=\"https:\/\/urgenci.net\/french\/sites\/default\/files\/dp144.pdf\">Is it driven by economy or solidarity?\u00a0\u00bb<\/a><\/strong>, <i>Leibniz Institute of Agricultural Development in Transition Economies Discussion Paper no. 144<\/i>, 2014.<\/h5>\n<h5>HITCHMAN Judith, <a href=\"https:\/\/urgenci.net\/french\/sites\/default\/files\/FAO%20SSE%20def1.pdf\"><strong>\u00ab\u00a0The Food and Agriculture Organisation and the Social and Solidarity -based Economy<\/strong><\/a>\u00ab\u00a0, <em>FAO background paper<\/em>, January 2012.<\/h5>\n<h5>SAGE Colin, <a href=\"https:\/\/urgenci.net\/french\/sites\/default\/files\/Journal%20of%20Consumer%20Culture-2014-Sage-1469540514526281.pdf\"><strong>\u00ab\u00a0The Transition Movement and Food Sovereignty: from Local Resilience to Global Engagement in Food System Transformation\u00a0\u00bb<\/strong><\/a>,\u00a0<em>Journal of Consumer Culture,\u00a0<\/em>3 April 2014.<\/h5>\n","protected":false},"excerpt":{"rendered":"<p>Handbooks Of course, THE European CSA Handbook &amp; A Share in the harvest, the Soil Association CSA Action manual and all their \u00ab\u00a0unbeatable\u00a0\u00bb resources The resources in this section will help you get the information and support you need to start up a CSA or develop your existing CSA further. You can browse our resources&#8230; <\/p>\n<div class=\"clear\"><\/div>\n<p><a href=\"https:\/\/urgenci.net\/french\/material-on-csa\/\" class=\"excerpt-read-more\">Read More<\/a><\/p>\n","protected":false},"author":5,"featured_media":0,"parent":0,"menu_order":0,"comment_status":"closed","ping_status":"closed","template":"","meta":{"footnotes":""},"class_list":["post-3680","page","type-page","status-publish","hentry"],"_links":{"self":[{"href":"https:\/\/urgenci.net\/french\/wp-json\/wp\/v2\/pages\/3680","targetHints":{"allow":["GET"]}}],"collection":[{"href":"https:\/\/urgenci.net\/french\/wp-json\/wp\/v2\/pages"}],"about":[{"href":"https:\/\/urgenci.net\/french\/wp-json\/wp\/v2\/types\/page"}],"author":[{"embeddable":true,"href":"https:\/\/urgenci.net\/french\/wp-json\/wp\/v2\/users\/5"}],"replies":[{"embeddable":true,"href":"https:\/\/urgenci.net\/french\/wp-json\/wp\/v2\/comments?post=3680"}],"version-history":[{"count":5,"href":"https:\/\/urgenci.net\/french\/wp-json\/wp\/v2\/pages\/3680\/revisions"}],"predecessor-version":[{"id":5105,"href":"https:\/\/urgenci.net\/french\/wp-json\/wp\/v2\/pages\/3680\/revisions\/5105"}],"wp:attachment":[{"href":"https:\/\/urgenci.net\/french\/wp-json\/wp\/v2\/media?parent=3680"}],"curies":[{"name":"wp","href":"https:\/\/api.w.org\/{rel}","templated":true}]}}