{"id":3902,"date":"2015-01-15T10:13:55","date_gmt":"2015-01-15T09:13:55","guid":{"rendered":"http:\/\/dizajn-biro.com.hr\/urgenci\/?page_id=3902"},"modified":"2016-08-18T08:41:54","modified_gmt":"2016-08-18T06:41:54","slug":"principles-of-teikei","status":"publish","type":"page","link":"https:\/\/urgenci.net\/french\/principles-of-teikei\/","title":{"rendered":"Principes des Teikei"},"content":{"rendered":"<p><img loading=\"lazy\" decoding=\"async\" class=\" alignleft wp-image-3911 size-full\" src=\"https:\/\/urgenci.net\/french\/wp-content\/uploads\/2015\/01\/teikei1.png\" alt=\"teikei\" width=\"271\" height=\"198\" \/><\/p>\n<p>Construire la relation \u00ab\u00a0Producteur-Consommateur dans le Mouvement japonais de l&rsquo;agriculture biologique\/\/ ASSOCIATION DE L&rsquo;AGRICULTURE BIOLOGIQUE DU JAPON, NOVEMBRE1978.<\/p>\n<div class=\"page\" title=\"Page 20\">\n<div class=\"layoutArea\">\n<div class=\"column\">\n<p>Pr\u00e9sent\u00e9s par Teruo ICHIRAKU lors de la 4e \u00e9dition de l\u2019assembl\u00e9e nationale de l\u2019Association Japonaise de l\u2019Agriculture Biologique en 25 novembre 1978 les principes de Teikei ont \u00e9t\u00e9 publi\u00e9s en f\u00e9vrier 1979 dans le n\u00b0 78 de la revue de l\u2019association Tsuchi to kenk\u00f4 (La terre et la sant\u00e9). Ci-dessous les dix principes tels que traduits en fran\u00e7ais par Hiroko Amemiya, et publi\u00e9s dans les <a href=\"http:\/\/download2.cerimes.fr\/canalu\/documents\/utm\/teikei.ou.amap.initiatives.f.minines.autour.des.exp.riences.de.circuits.courts.comparaison.france.japon.hiroko.amemiya_11402\/texte.communication.hiroko.amemiya.pdf\">actes du Colloque Genre et agriculture familiale et paysanne, mai 2012<\/a>.<\/p>\n<h1><strong>1. Esprit fondamental du Teikei<\/strong><\/h1>\n<p style=\"text-align: justify;\">L\u2019esprit fondamental du Teikei entre les producteurs et les consommateurs r\u00e9side dans une relation fraternelle entre les personnes qui ne soit pas du type d\u2019une relation commerciale. Les deux partenaires sont \u00e9gaux et ils entretiennent mutuellement une relation de compr\u00e9hension et d\u2019entraide. Elle doit \u00eatre \u00e9tablie \u00e0 partir d\u2019une r\u00e9flexion sur les modalit\u00e9s de la vie quotidienne du producteur et du consommateur.<\/p>\n<\/div>\n<\/div>\n<\/div>\n<div class=\"page\" title=\"Page 21\">\n<div class=\"layoutArea\">\n<div class=\"column\">\n<h1><strong>2. Principe de la production planifi\u00e9e<\/strong><\/h1>\n<p style=\"text-align: justify;\">Les producteurs planifient avec l\u2019accord des consommateurs la production locale possible dans le but de satisfaire les besoins de consommateurs.<\/p>\n<h1><strong>3. Adaptation de la consommation \u00e0 la production<\/strong><\/h1>\n<p>Les consommateurs acceptent la totalit\u00e9 des produits dont la production est planifi\u00e9e suivant leur souhait et essaient d\u2019organiser leur alimentation avec ces produits.<\/p>\n<\/div>\n<\/div>\n<\/div>\n<div class=\"page\" title=\"Page 22\">\n<div class=\"layoutArea\">\n<div class=\"column\">\n<h1><strong>4. Comment d\u00e9cider le prix<\/strong><\/h1>\n<p style=\"text-align: justify;\">Lorsqu\u2019on d\u00e9finit le prix de l\u2019approvisionnement il faut prendre en compte les choses suivantes : les producteurs peuvent mettre la totalit\u00e9 des produits dans le r\u00e9seau ; les frais et le temps de travail du tri, d\u2019emballage et d\u2019empaquetage seront r\u00e9duits ; les consommateurs peuvent recevoir de bons produits sains et frais.<\/p>\n<h1><strong>5. Effort de consentement mutuel<\/strong><\/h1>\n<p style=\"text-align: justify;\">Pour p\u00e9renniser le Teikei il est important d\u2019approfondir un consentement mutuel et de renforcer des liens amicaux entre les consommateurs et les producteurs. Pour ce faire il est souhaitable de multiplier des occasions de rencontres et d\u2019\u00e9changes entre les membres partenaires.<\/p>\n<h1><strong>6. Modalit\u00e9 de la distribution<\/strong><\/h1>\n<\/div>\n<\/div>\n<div class=\"layoutArea\">\n<div class=\"column\">\n<p style=\"text-align: justify;\">Il est souhaitable que la distribution soit organis\u00e9e par le groupe de producteurs ou celui de consommateurs jusqu\u2019aux lieux de d\u00e9p\u00f4t du groupe des consommateurs sans la confier \u00e0 une tierce personne.<\/p>\n<\/div>\n<\/div>\n<\/div>\n<div class=\"page\" title=\"Page 23\">\n<div class=\"layoutArea\">\n<div class=\"column\">\n<h1><strong>7. Chaque membre assume la responsabilit\u00e9<\/strong><\/h1>\n<p style=\"text-align: justify;\">Il faut essayer de g\u00e9rer d\u00e9mocratiquement les activit\u00e9s au sein du groupe de producteurs et de consommateurs en instaurant une habitude de partage de responsabilit\u00e9 par tous. Il faut \u00e9viter que la majorit\u00e9 des participants devienne trop d\u00e9pendante d\u2019un petit nombre de dirigeants. Cependant il est n\u00e9cessaire de prendre en compte les situations familiales de chaque membre avec attention et esprit d\u2019entraide.<\/p>\n<h1><strong>8. Etudier l\u2019essence du mouvement de Teikei<\/strong><\/h1>\n<p style=\"text-align: justify;\">Les groupes de producteurs et de consommateurs doivent donner de l\u2019importance aux activit\u00e9s d\u2019\u00e9tudes au sein de chaque groupe. Cela ne doit pas s\u2019arr\u00eater \u00e0 la recherche de l\u2019offre et de l\u2019obtention d\u2019aliments sains.<\/p>\n<\/div>\n<\/div>\n<\/div>\n<div class=\"page\" title=\"Page 24\">\n<div class=\"layoutArea\">\n<div class=\"column\">\n<h1><strong>9. Maintenir une taille convenable des groupes<\/strong><\/h1>\n<p style=\"text-align: justify;\">Un nombre trop important de membres dans un groupe ou une dispersion g\u00e9ographique trop \u00e9tendue des membres du groupe mettraient en p\u00e9ril le bon fonctionnement du syst\u00e8me Teikei. Pour la formation d\u2019un groupe il est souhaitable de maintenir un nombre et une localisation appropri\u00e9s quitte \u00e0 augmenter le nombre de groupes pour qu\u2019ils forment une f\u00e9d\u00e9ration.<\/p>\n<h1><strong>10. Pers\u00e9v\u00e9rance pour un progr\u00e8s \u00e9volutif<\/strong><\/h1>\n<p style=\"text-align: justify;\">Dans la plupart des cas, il est difficile de d\u00e9marrer d\u00e8s le d\u00e9but avec les conditions id\u00e9ales pr\u00e9sent\u00e9es ci-dessus que ce soit pour les producteurs ou pour les consommateurs. Il est pourtant important de bien choisir les membres partenaires et de pers\u00e9v\u00e9rer pour am\u00e9liorer ensemble, peu \u00e0 peu les points sur lesquels il y a des insuffisances.<\/p>\n<\/div>\n<\/div>\n<\/div>\n","protected":false},"excerpt":{"rendered":"<p>Construire la relation \u00ab\u00a0Producteur-Consommateur dans le Mouvement japonais de l&rsquo;agriculture biologique\/\/ ASSOCIATION DE L&rsquo;AGRICULTURE BIOLOGIQUE DU JAPON, NOVEMBRE1978. Pr\u00e9sent\u00e9s par Teruo ICHIRAKU lors de la 4e \u00e9dition de l\u2019assembl\u00e9e nationale de l\u2019Association Japonaise de l\u2019Agriculture Biologique en 25 novembre 1978 les principes de Teikei ont \u00e9t\u00e9 publi\u00e9s en f\u00e9vrier 1979 dans le n\u00b0 78 de&#8230; <\/p>\n<div class=\"clear\"><\/div>\n<p><a href=\"https:\/\/urgenci.net\/french\/principles-of-teikei\/\" class=\"excerpt-read-more\">Read More<\/a><\/p>\n","protected":false},"author":5,"featured_media":0,"parent":0,"menu_order":0,"comment_status":"closed","ping_status":"closed","template":"","meta":{"footnotes":""},"class_list":["post-3902","page","type-page","status-publish","hentry"],"_links":{"self":[{"href":"https:\/\/urgenci.net\/french\/wp-json\/wp\/v2\/pages\/3902","targetHints":{"allow":["GET"]}}],"collection":[{"href":"https:\/\/urgenci.net\/french\/wp-json\/wp\/v2\/pages"}],"about":[{"href":"https:\/\/urgenci.net\/french\/wp-json\/wp\/v2\/types\/page"}],"author":[{"embeddable":true,"href":"https:\/\/urgenci.net\/french\/wp-json\/wp\/v2\/users\/5"}],"replies":[{"embeddable":true,"href":"https:\/\/urgenci.net\/french\/wp-json\/wp\/v2\/comments?post=3902"}],"version-history":[{"count":5,"href":"https:\/\/urgenci.net\/french\/wp-json\/wp\/v2\/pages\/3902\/revisions"}],"predecessor-version":[{"id":5362,"href":"https:\/\/urgenci.net\/french\/wp-json\/wp\/v2\/pages\/3902\/revisions\/5362"}],"wp:attachment":[{"href":"https:\/\/urgenci.net\/french\/wp-json\/wp\/v2\/media?parent=3902"}],"curies":[{"name":"wp","href":"https:\/\/api.w.org\/{rel}","templated":true}]}}