{"id":3932,"date":"2015-01-15T14:36:47","date_gmt":"2015-01-15T13:36:47","guid":{"rendered":"http:\/\/dizajn-biro.com.hr\/urgenci\/?page_id=3932"},"modified":"2016-08-18T08:58:15","modified_gmt":"2016-08-18T06:58:15","slug":"kobe-2010","status":"publish","type":"page","link":"https:\/\/urgenci.net\/french\/kobe-2010\/","title":{"rendered":"Kob\u00e9 2010"},"content":{"rendered":"<p style=\"text-align: justify;\"><strong>Compte-rendu du Colloque international de Kob\u00e9 par Elizabeth Henderson, paysanne nord-am\u00e9ricaine et auteure d&rsquo;un ouvrage tr\u00e8s complet sur les CSA.<\/strong><\/p>\n<p style=\"text-align: justify;\"><img loading=\"lazy\" decoding=\"async\" class=\"alignleft wp-image-3930 size-full\" src=\"https:\/\/urgenci.net\/french\/wp-content\/uploads\/2015\/01\/kobe-20101.jpg\" alt=\"kobe-2010\" width=\"425\" height=\"319\" srcset=\"https:\/\/urgenci.net\/french\/wp-content\/uploads\/2015\/01\/kobe-20101.jpg 425w, https:\/\/urgenci.net\/french\/wp-content\/uploads\/2015\/01\/kobe-20101-300x225.jpg 300w\" sizes=\"auto, (max-width: 425px) 100vw, 425px\" \/>Pour le trajet en bus d\u2019une heure jusqu\u2019en ville, j\u2019ai fait \u00e9quipe avec Joy Daniel, un Indien, de l\u2019\u00e2ge de mon fils, qui \u00e9tait lui aussi en route pour la conf\u00e9rence. J\u2019avais connu le p\u00e8re de Joy, Alexander, par des conf\u00e9rences internationales sur l\u2019agriculture biologique. Nous nous \u00e9tions rencontr\u00e9s derni\u00e8rement au Br\u00e9sil lors d\u2019une <strong>rencontre sur les Syst\u00e8mes de garantie participatifs (SGP)<\/strong>, une fa\u00e7on pour les petites fermes qui vendent en direct au public d\u2019avoir le droit d\u2019utiliser le label bio. Gr\u00e2ce \u00e0 l\u2019Institut pour le d\u00e9veloppement rural int\u00e9gr\u00e9 (IIDR en anglais), Alexander avait organis\u00e9 un SGP qui permet aux tous petits paysans indiens, souvent des femmes, de vendre aux march\u00e9s paysans sous un label bio, les lib\u00e9rant ainsi de la n\u00e9cessit\u00e9 d\u2019\u00eatre forc\u00e9es \u00e0 vendre \u00e0 des courtiers peu scrupuleux qui voyagent de village en village en sous-payant les paysans. Quand Alexander est d\u00e9c\u00e9d\u00e9 il y a quelques ann\u00e9es, son fils est retourn\u00e9 en Inde pour le remplacer.<\/p>\n<ol>\n<li style=\"text-align: justify;\"><strong>Urgenci, le r\u00e9seau international des partenariats locaux et solidaires producteurs consommateurs<\/strong><\/li>\n<\/ol>\n<p style=\"text-align: justify;\">Urgenci est un r\u00e9seau international bas\u00e9 dans le sud de la France. L\u2019intitul\u00e9 de sa mission se lit de la mani\u00e8re suivante\u00a0: <em>\u00ab\u00a0un rassemblement mondial de citoyens qui agissent pour une approche \u00e9conomique alternative, qu\u2019on appelle les \u00ab\u00a0Partenariats locaux et solidaires entre producteurs et consommateurs\u00a0\u00bb<\/em>. Un <strong>Comit\u00e9 d\u2019administration de 8 membres<\/strong> qui inclut un Am\u00e9ricain, Benjamin Shute, de la Ferme Hearty Roots, \u00e0 l\u2019Est de l\u2019Etat de New York, gouverne Urgenci, et un jeune Fran\u00e7ais appel\u00e9 Jocelyn Parot est le seul employ\u00e9. Le noyau de GVOCSA (Genesee Valley Organic CSA, le CSA d\u2019Elizabeth Henderson) a vot\u00e9 l\u2019adh\u00e9sion en tant que membre et a pay\u00e9 le montant modeste d\u2019adh\u00e9sion de 10 euros.<\/p>\n<p style=\"text-align: justify;\">Le quatri\u00e8me d\u2019une s\u00e9rie d\u2019\u00e9v\u00e9nements biannuels, les rassemblements d\u2019Urgenci r\u00e9unissent ensemble des paysans, des activistes, et des chercheurs engag\u00e9s dans les CSA\/Teikei\/Reciproco\/AMAP\/ASC et d\u2019autres structures coop\u00e9ratives qui relient des consommateurs directement aux producteurs. Durant les deux derni\u00e8res ann\u00e9es, Urgenci s\u2019est concentr\u00e9 sur ses <strong>\u00ab\u00a0missions\u00a0\u00bb, envoyant des \u00e9quipes de deux, un paysan en AMAP et un consommateur militant, vers des pays d\u2019Europe de l\u2019Est et d\u2019Afrique du Nord<\/strong> pour faire conna\u00eetre\u00a0les partenariats producteurs-consommateurs et pour faciliter les adaptations \u00e0 chaque pays.<\/p>\n<p style=\"text-align: justify;\">Un millier de personnes ou \u00e0 peu pr\u00e8s ont particip\u00e9 \u00e0 la conf\u00e9rence de deux jours, et 75 sont rest\u00e9s pour la rencontre d\u2019Urgenci qui a dur\u00e9 de 9 heures du matin \u00e0 20h00. Bien que les Japonais ont surpass\u00e9 les autres nationalit\u00e9s, il y avait des repr\u00e9sentants d\u2019Angleterre, de la France, des Etats-Unis, de Cor\u00e9e, de Malaisie, d\u2019Australie, d\u2019Italie, de Lettonie, d\u2019Autriche, de Roumanie, du Mali et du Maroc. La pr\u00e9sence des Est-Europ\u00e9ens et des Africains est une preuve du succ\u00e8s des missions d\u2019Urgenci et des \u00e9changes internationaux.<\/p>\n<p style=\"text-align: justify;\"><strong>2. Visites de fermes<\/strong><\/p>\n<p style=\"text-align: justify;\">Avant la Conf\u00e9rence, un bus nous a amen\u00e9s dans les montagnes autour de Kob\u00e9 pour faire la visite de fermes bio. Beaucoup des pins dans les for\u00eats que nous avons long\u00e9es semblaient mourants. Se d\u00e9marquant des for\u00eats environnantes, les villages sont des mosa\u00efques de petits champs \u00e9tag\u00e9s, beaucoup d\u2019entre eux garnis de r\u00e9sidus de plants de riz se dressant en rang\u00e9es nettes. Les corps de ferme traditionnels avec leurs toitures en tuiles incurv\u00e9es sont tr\u00e8s robustes et tr\u00e8s belles. M\u00eame durant la saison d\u2019hiver, vous pouvez voir les jardins d\u00e9coratifs qui les entourent. Notre premier arr\u00eat fut le champ de plants de myrtilles, peut-\u00eatre 0,4 hectare.<\/p>\n<p style=\"text-align: justify;\">Le jeune couple qui cultive ces plantes nous a alors expliqu\u00e9 que les myrtilles fra\u00eeches ne sont pas un fruit habituel pour les march\u00e9s japonais. Le mari a appris l\u2019agriculture biologique comme interne avec Shinji Hashimoto avant de se marier et de s\u2019installer dans un village avec sa femme qui a accept\u00e9 de travailler sur la ferme avec lui, \u00e0 condition qu\u2019ils cultivent des myrtilles. Cinq ans plus tard, les plants de myrtilles ont l\u2019air bien aliment\u00e9s et taill\u00e9s avec attention. La femme nous a offert son premier lot de confitures. Un succ\u00e8s culinaire. Le couple fait fonctionner son propre Teikei avec 40 familles, fournissant aussi des restaurants. Toutes leurs plantations sont certifi\u00e9es en agriculture biologique.<\/p>\n<p style=\"text-align: justify;\">Ce soir-l\u00e0, ces deux agriculteurs faisaient partie des 17 nouveaux paysans honor\u00e9s au cours d\u2019une grande soir\u00e9e de d\u00eener et d\u2019une c\u00e9l\u00e9bration de la nourriture biologique locale. Shinji m\u2019a confi\u00e9 qu\u2019il avait invit\u00e9 le maire de la ville et les autres dignitaires locaux pour prendre la parole au d\u00eener, afin qu\u2019ils puissent voir ces jeunes paysans et go\u00fbter \u00e0 la nourriture qu\u2019ils cultivent. <strong>Dans une r\u00e9gion qui a perdu des paysans sans interruption et o\u00f9 l\u2019\u00e2ge moyen du paysan est de 70 ans, la pr\u00e9fecture d\u2019Ichijima a subventionn\u00e9 les fermes biologiques depuis de nombreuses ann\u00e9es, payant 50,000 Yens par hectare et par ann\u00e9e pour des l\u00e9gumes, couvrant la moiti\u00e9 du montant de la certification et payant un salaire entier des internes qui s\u2019engagent dans l\u2019agriculture dans la r\u00e9gion pour 5 ans.<\/strong> Les r\u00e9sultats ont \u00e9t\u00e9 tangibles lors de ce somptueux d\u00eener.<\/p>\n<p style=\"text-align: justify;\">Au c\u00f4t\u00e9 d\u2019Eliane Joumont, une productrice de fruits en AMAP (la version fran\u00e7aise du CSA), Kirsten Glendinning, qui organise les CSA pour la Soil Association en Angleterre, et Judith Hitchman, notre interpr\u00e8te, j\u2019ai pass\u00e9 la nuit chez Shinji. Alors que la lumi\u00e8re du matin se diffusait, nous avons visit\u00e9 la chapelle shinto,\u00a0 parfaitement camoufl\u00e9e dans les bois pr\u00e8s de la maison. Autour d\u2019un petit d\u00e9jeuner traditionnel de riz et de soupe au miso, la femme de Shinji nous a parl\u00e9 de son travail\u00a0: elle s\u2019occupe de tout le nettoyage, toutes les pr\u00e9parations, et tout l\u2019emballage, alors que Shinji et ses deux internes s\u2019occupent de la culture. Elle et Shinji ont deux fils\u00a0: le plus jeune, \u00e0 11 ans, gagne des comp\u00e9titions de karat\u00e9, tandis que celui qui a 15 ans est dans un internat priv\u00e9 \u00e0 la ville. Durant les 7 ans depuis ma visite, Shinji a \u00e9t\u00e9 en capacit\u00e9 d\u2019acheter plusieurs des petits terrains \u00e9parses qui composent sa ferme. L\u00e0 o\u00f9 un poulailler se dressait autrefois, il y en a maintenant trois. Ensemble avec 5 autres paysans, Shinji fournit des l\u00e9gumes et des \u0153ufs \u00e0 400 familles.<\/p>\n<p style=\"text-align: justify;\">Comme Shinji me l\u2019a expliqu\u00e9, leur Teikei a commenc\u00e9 en 1975 et \u00e0 son pic il y a 20 ans, il comprenait 30 fermes bio et 1500 familles. Ensuite, une division grave s\u2019est produite. Il serait passionnant de rassembler toute l\u2019histoire. De nos jours, les cinq paysans n\u00e9gocient comment les cultures sont r\u00e9parties entre eux et chacun fixe des objectifs pour ce qu\u2019il doit gagner. Ils envoient la facture au groupe en fonction de ce que chacun a demand\u00e9 dans les paniers, et ils paient 2-3% \u00e0 un comptable mis \u00e0 disposition par la coop\u00e9rative agricole dont ils sont membres. Les livraisons sont effectu\u00e9es par camion, les consommateurs payant le conducteur. Les membres aussi paient une adh\u00e9sion, et les paysans peuvent utiliser la somme r\u00e9colt\u00e9e pour effectuer des pr\u00eats sans int\u00e9r\u00eats.<\/p>\n<p style=\"text-align: justify;\">L\u2019apr\u00e8s-midi, la visite se poursuivit aupr\u00e8s d\u2019un riziculteur bio et fabricant de sak\u00e9. Malheureusement, ceux parmi nous qui sont intervenants \u00e0 la conf\u00e9rence durent retourner \u00e0 Kob\u00e9 pour un briefing. Les organisateurs \u00e9taient nerveux, ce qui est compr\u00e9hensible, par rapport \u00e0 la logistique de ce rassemblement de plus de 1000 personnes, avec traduction simultan\u00e9e en anglais, fran\u00e7ais et japonais. Des douzaines d\u2019\u00e9tudiants b\u00e9n\u00e9voles faisaient partie du staff.<\/p>\n<p style=\"text-align: justify;\"><strong>3. La conf\u00e9rence<\/strong><\/p>\n<p style=\"text-align: justify;\">Voici quelques moments phares de la conf\u00e9rence. Le premier jour, apr\u00e8s l\u2019accueil par les dignitaires des minist\u00e8res national et pr\u00e9fectoral de l\u2019agriculture, le Professeur Shigeru Yasuda a effectu\u00e9 une pr\u00e9sentation de l\u2019histoire de l\u2019agriculture biologique au Japon. A pr\u00e9sent retrait\u00e9 de l\u2019Universit\u00e9 de Kob\u00e9, Yasuda \u00e9tait un membre fondateur de l\u2019Association de l\u2019Agriculture biologique du Japon (JOAA) en 1971 et l\u2019un des auteurs des 10 principes Teikei en 1978, bas\u00e9s sur les cinq ann\u00e9es d\u2019exp\u00e9rience en Teikei (vous pouvez les lire en page 269 de <i>Sharing the Harvest<\/i>). L\u2019homme qui a inspir\u00e9 et fourni le socle philosophique pour la JOAA fut <strong>Teruo Ichiraku<\/strong>, un organisateur de coop\u00e9ratives de paysans. Scandalis\u00e9 en apprenant que m\u00eame le lait maternel \u00e9tait contamin\u00e9 avec des pesticides, Ichiraku a d\u00e9velopp\u00e9 une critique de l\u2019agriculture de plus en plus entrepreunariale et industrielle, et a propos\u00e9 des relations directes entre les paysans et leurs clients comme antidote.<\/p>\n<p style=\"text-align: justify;\">Ces citations, tir\u00e9es de <em>\u00ab\u00a0l\u2019Auto-suffisance de la r\u00e9gion du bassin de la rivi\u00e8re\u00a0\u00bb<\/em> et de <em>\u00ab\u00a0Les Teikei seront le moteur de l\u2019agriculture biologique\u00a0\u00bb<\/em>, r\u00e9sument bien ses enseignements\u00a0:<\/p>\n<p style=\"text-align: justify;\"><em>\u00ab\u00a0Teikei dans son sens le plus pur est la coop\u00e9ration de personnes se soutenant les uns les autres dans les \u00e9preuves de la vie quotidienne et vivant gr\u00e2ce au produit de la ferme aussi bien pour les paysans que pour les consommateurs. Cette coop\u00e9ration permet d\u2019\u00e9tablir l\u2019autonomie \u00e0 la fois pour les paysans et pour les consommateurs. Il est correct de dire que l\u2019agriculture biologique et le Teikei repr\u00e9sentent des liens entre des gens, la nature et toutes les cr\u00e9atures sur terre qui nourrissent les pens\u00e9es pour les autres et le d\u00e9sir de cr\u00e9er une soci\u00e9t\u00e9 qui ch\u00e9risse un mode de vie chaleureux et cordial. De telles relations humaines ont vocation \u00e0 d\u00e9passer les fronti\u00e8res des nations, croissant et atteignant chaque r\u00e9gion et chaque pays autour du monde, cr\u00e9er une solidarit\u00e9 mondiale. Cela sera certainement l\u2019\u00e9l\u00e9ment fondateur de la paix mondiale\u00a0\u00bb<\/em> (d\u2019apr\u00e8s un livret distribu\u00e9 au Colloque par la JOAA, f\u00e9vrier 2010, p. 75).<\/p>\n<p style=\"text-align: justify;\">Le Professeur Yasuda a poursuivi pour rappeler que les trois piliers de l\u2019agriculture biologique sont 1. Nettoyer l\u2019environnement\u00a0; 2. Prot\u00e9ger la Terre et 3. Promouvoir la sant\u00e9. Il a conclu son discours en demandant \u00e0 son auditoire de r\u00e9fl\u00e9chir sur leur propre comportement. S\u2019ils avaient mang\u00e9 du pain au petit-d\u00e9jeuner, ils auraient donc enrichi les champs am\u00e9ricains plut\u00f4t que d\u2019avoir apport\u00e9 leur soutien aux cultivateurs de riz locaux et biologiques.<\/p>\n<p style=\"text-align: justify;\">La conf\u00e9rence fut riche en t\u00e9moignages de participants du mouvement Teikei. Yoshinori Kaneko, dont la ferme est encore en train de fournir des familles avec des parts de leur r\u00e9colte apr\u00e8s 35 ans, ont parl\u00e9 des 95 jeunes paysans qu\u2019il a form\u00e9s. Kaneko remplit ses tracteurs avec de l\u2019huile v\u00e9g\u00e9tale recycl\u00e9e, et est devenu un responsable \u00e9lu dans sa l\u2019assembl\u00e9e de son comt\u00e9 o\u00f9 il fait campagne pour le recyclage et le soutien \u00e0 plus de fermes biologiques. Katsuo Watanabe \u00e9tait l\u2019un des 18 paysans du Village Miyoshi qui a r\u00e9pondu \u00e0 un groupe de femmes de Tokyo de \u00ab\u00a0la Soci\u00e9t\u00e9 pour Cultiver et Manger de la Nourriture saine\u00a0\u00bb, afin de former la toute premi\u00e8re coop\u00e9rative Teikei en 1974. \u00ab\u00a0La nourriture, c\u2019est la vie, pas un bien qu\u2019on consomme\u00a0\u00bb, Wakashima Reiko, un membre de 20 ans de ce groupe, a donn\u00e9 voix \u00e0 un th\u00e8me qui a rencontr\u00e9 de l\u2019\u00e9cho tout au long des deux jours. Elle a soulign\u00e9 les principes de base\u00a0: 1.on prend tout ce que le paysan offre, 2. Les paysans fixent les prix, 3. Les consommateurs coop\u00e8rent avec les producteurs pour la distribution. Sa conclusion \u00e9loquente fut\u00a0: <em>\u00ab\u00a0Nous voulions r\u00e9tablir le lien entre, d\u2019une part, l\u2019alimentation saine et le soutien \u00e0 l\u2019agriculture biologique et, d\u2019autre part, la survie de l\u2019agriculture familiale, avec la pr\u00e9servation de l\u2019environnement, avec l\u2019opposition au militarisme et \u00e0 l\u2019imp\u00e9rialisme, avec des demandes de justice sociale, et avec notre besoin de travailler collectivement \u00e0 la cr\u00e9ation d\u2019un futur meilleur\u00a0\u00bb.<\/em> Le Professeur Toshiko Masugata de Kob\u00e9 a \u00e9mu l\u2019assistance jusqu\u2019aux larmes avec ses souvenirs de la fa\u00e7on dont les paysans et les membres des Teikei se sont soutenus les uns les autres durant le d\u00e9sastre du tremblement de terre de Kob\u00e9.<\/p>\n<p style=\"text-align: justify;\">La conf\u00e9rence a \u00e9galement couvert d\u2019autres formes de solidarit\u00e9 <em>\u00ab\u00a0producteur-consommateur\u00a0\u00bb<\/em>. J\u2019ai parl\u00e9 des <strong>\u00ab\u00a0CSA autour du monde\u00a0\u00bb, une mise \u00e0 jour d\u2019un chapitre de <i>Sharing the Harvest\u00a0: A Citizen\u2019s Guide to CSA <\/i>(Chelsea Green 2007)<\/strong>. Les d\u00e9veloppements les plus r\u00e9cents incluent un premier CSA pr\u00e8s de P\u00e9kin, et les remarquables missions d\u2019Urgenci en Europe de l\u2019Est et en Afrique. Andrea Calori, un professeur italien, et un organisateur des \u00ab\u00a0Groupes d\u2019achat solidaire\u00a0\u00bb (GAS, c\u2019est-\u00e0-dire des groupes d\u2019achat fond\u00e9s sur le principe de solidarit\u00e9) a effectu\u00e9 une pr\u00e9sentation vivante sur le local, non pas dans une dimension g\u00e9ographique, mais dans une fa\u00e7on de penser. Une approche holistique du d\u00e9veloppement durable, dans les termes de Calori, doit donner aux acteurs locaux le pouvoir, \u00e0 travers des partenariats qui incluent le commerce, l\u2019agriculture, le politique fonci\u00e8re, honorant enti\u00e8rement l\u2019h\u00e9ritage culturel d\u2019une communaut\u00e9. Depuis 1994, plus de 600 GAS ont permis des groupes de 10 \u00e0 80 familles d\u2019acqu\u00e9rir en direct aupr\u00e8s des producteurs de la nourriture, des habits, et toute sorte de services, et ces groupes locaux ont form\u00e9 des groupements r\u00e9gionaux et un r\u00e9seau national avec des liens au secteur du commerce \u00e9quitable.<\/p>\n<p style=\"text-align: justify;\">Durant un panel sur les syst\u00e8mes alimentaires locaux, Joy Daniel a d\u00e9crit le travail de son institut dans la r\u00e9gion d\u2019Aurangabad, en Inde, o\u00f9 les petits paysans survivent avec moins d\u2019un dollar par jour. L\u2019IIRD a permis \u00e0 plus de 10.000 femmes paysannes d\u2019aller de l\u2019agriculture biologique par d\u00e9faut \u00e0 l\u2019utilisation consciente des m\u00e9thodes biologiques de production pour les march\u00e9s paysans locaux. Au lieu d\u2019avoir recours \u00e0 une certification par un tiers, ils adoptent les syst\u00e8mes de garantie participative (SGP)\u00a0; les femmes qui ont \u00e9t\u00e9 form\u00e9es \u00e0 l\u2019IIRD agissent \u00e0 pr\u00e9sent comme conseill\u00e8res techniques et comme formatrices pour les autres. Du fait que la plupart d\u2019entre eux sont illettr\u00e9s, ils utilisent un engagement verbal \u00e0 respecter une liste de 14 standards clairs et simples.<\/p>\n<p style=\"text-align: justify;\">Andr\u00e9 Leu, un paysan australien et vice-pr\u00e9sident de la F\u00e9d\u00e9ration internationale des Mouvements de l\u2019Agriculture biologique (IFOAM) a prononc\u00e9 un discours excitant sur le r\u00f4le vital des petites exploitations dans la r\u00e9solution de la crise alimentaire mondiale. Il a cit\u00e9 des \u00e9tudes de la FAO, l\u2019organisation des Nations unies pour l\u2019Alimentation et l\u2019Agriculture, qui montrent que plus d\u2019un milliard de personnes, le sixi\u00e8me de l\u2019humanit\u00e9, souffrent quotidiennement de la faim dans le monde. La solution est la production et le commercialisation alimentaires biologiques sur de petites exploitations afin d\u2019assurer la s\u00e9curit\u00e9 alimentaire des communaut\u00e9s locales. Tout comme Joy Daniel, Leu a soulign\u00e9 les conclusions de l\u2019Evaluation internationale de la Connaissance, de la Science et de la technologie agricoles pour le D\u00e9veloppement, stipulant que si nous voulons nourrir tous les habitants de la plan\u00e8te, nous devons accro\u00eetre la biodiversit\u00e9 agricole, am\u00e9liorer le soin des sols, de l\u2019eau et des \u00e9cosyst\u00e8mes, am\u00e9liorer les entreprises rurales et les opportunit\u00e9s du village, augmenter et consommer les produits de fermes locales et manger moins de viande. Leu a annonc\u00e9 que l\u2019IFOAM fait du SGP et du soutien aux petits producteurs leur priorit\u00e9 la plus haute.<\/p>\n<p style=\"text-align: justify;\"><strong>4. Conclusion du Colloque et Assembl\u00e9e g\u00e9n\u00e9rale du r\u00e9seau<\/strong><\/p>\n<p style=\"text-align: justify;\">La conf\u00e9rence a conclu avec une \u00ab\u00a0D\u00e9claration\u00a0\u00bb officielle, affirmant le r\u00f4le des Teikei et d\u2019Urgenci dans \u00ab\u00a0la protection de la petite agriculture biologique et la promotion des partenariats\u2026 o\u00f9 l\u2019alimentation et les fermes soutient la communaut\u00e9 et les communaut\u00e9s soutiennent la plan\u00e8te. C\u2019est la signification d\u2019une v\u00e9ritable souverainet\u00e9 alimentaire. Cela signifie penser global et agir local\u00a0\u00bb.<\/p>\n<p style=\"text-align: justify;\">Cette nuit-l\u00e0, les organisateurs de la conf\u00e9rence nous ont invit\u00e9s, les intervenants et les participants internationaux, \u00e0 un d\u00eener de gala dans un restaurant luxueux au 30<sup>\u00e8me<\/sup> \u00e9tage de l\u2019h\u00f4tel Portopia. Comme Suzanne Wheatcraft, membre pilier du GVOCSA, dirait, \u00ab\u00a0 a bit rich for my blood\u00a0\u00bb (litt\u00e9ralement\u00a0: <i>un peu riche pour mon sang<\/i>, c\u2019est-\u00e0-dire \u00ab\u00a0nous n\u2019avons pas les m\u00eames valeurs\u00a0\u00bb), m\u00eame si je ne nierai pas avoir appr\u00e9ci\u00e9 la nourriture et le sak\u00e9 abondant. La vue du port et de la ville \u00e9tait vraiment spectaculaire. Le Portopia fait partie de la nouvelle section de Kob\u00e9, construite sur une \u00eele artificielle dans la baie.<\/p>\n<p style=\"text-align: justify;\">Le jour suivant, ce fut du boulot \u2013 la rencontre marathon du R\u00e9seau Urgenci. Etant donn\u00e9 que les pr\u00e9c\u00e9dents colloques, \u00e0 la fois celui auxquel j\u2019ai assist\u00e9 au Portugal et le suivant en France, avaient \u00e9t\u00e9 plomb\u00e9s par les conflits, entre Fran\u00e7ais et entre les Fran\u00e7ais et tous les autres, Arthur Getz avait \u00e9t\u00e9 pri\u00e9 d\u2019agir comme m\u00e9diateur et facilitateur. Arthur est un Am\u00e9ricain avec de tr\u00e8s anciens liens avec l\u2019agriculture biologique japonaise, et qui dirige actuellement le Plaidoyer pour le Changement politique global et les syst\u00e8mes alimentaires \u00e0 Heifer international. Il a conduit la rencontre avec humour et adresse, \u00e9vitant ainsi une rechute dans les d\u00e9bats haineux et les incompr\u00e9hensions culturelles qui avaient cisaill\u00e9 les rencontres pr\u00e9c\u00e9dentes. Le Pr\u00e9sident du Conseil d\u2019administration Katsu Murayama et Jocelyn Parot ont pr\u00e9sent\u00e9 le travail d\u2019Urgenci durant les deux ann\u00e9es pr\u00e9c\u00e9dentes et fait un point sur le budget. Les soutiens fran\u00e7ais ont permis \u00e0 l\u2019organisation de perdurer\u00a0; trouver une solution plus durable est l\u2019un des d\u00e9fis qui s\u2019annoncent. En l\u2019honneur de son travail \u00e9nergique et d\u00e9vou\u00e9 pour l\u2019organisation des missions internationales, le groupe a \u00e9lu Daniel Vuillon Pr\u00e9sident d\u2019honneur.\u00a0 (Avec sa femme Denise, Vuillon a fond\u00e9 la premi\u00e8re AMAP en 2001). Comme r\u00e9sultat des discussions du jour, Urgenci continuera d\u2019encourager la diffusion des projets du type CSA, essaiera d\u2019\u00e9tablir des r\u00e9seaux r\u00e9gionaux et cherchera des fonds de fonctionnement aupr\u00e8s de chaque projet, aupr\u00e8s de tous ses membres et des r\u00e9seaux existants comme Just Food \u00e0 New York City. L\u2019autre priorit\u00e9 haute consiste en des partenariats plus \u00e9troits avec l\u2019IFOAM et la Via Campesina, l\u2019autre r\u00e9seau international de petits paysans. Les \u00e9lections du Comit\u00e9 international ont conclu la rencontre. <strong>Afin de remplir une demande d\u2019adh\u00e9sion \u00e0 Urgenci, rendez-vous sur <a href=\"http:\/\/www.urgenci.net\">www.urgenci.net<\/a>. A cette adresse, vous pouvez \u00e9galement consulter les Lettres d\u2019infos du R\u00e9seau et les rapports sur les missions d\u2019essaimage.<\/strong><\/p>\n","protected":false},"excerpt":{"rendered":"<p>Compte-rendu du Colloque international de Kob\u00e9 par Elizabeth Henderson, paysanne nord-am\u00e9ricaine et auteure d&rsquo;un ouvrage tr\u00e8s complet sur les CSA. Pour le trajet en bus d\u2019une heure jusqu\u2019en ville, j\u2019ai fait \u00e9quipe avec Joy Daniel, un Indien, de l\u2019\u00e2ge de mon fils, qui \u00e9tait lui aussi en route pour la conf\u00e9rence. J\u2019avais connu le p\u00e8re&#8230; <\/p>\n<div class=\"clear\"><\/div>\n<p><a href=\"https:\/\/urgenci.net\/french\/kobe-2010\/\" class=\"excerpt-read-more\">Read More<\/a><\/p>\n","protected":false},"author":5,"featured_media":0,"parent":0,"menu_order":0,"comment_status":"closed","ping_status":"closed","template":"","meta":{"footnotes":""},"class_list":["post-3932","page","type-page","status-publish","hentry"],"_links":{"self":[{"href":"https:\/\/urgenci.net\/french\/wp-json\/wp\/v2\/pages\/3932","targetHints":{"allow":["GET"]}}],"collection":[{"href":"https:\/\/urgenci.net\/french\/wp-json\/wp\/v2\/pages"}],"about":[{"href":"https:\/\/urgenci.net\/french\/wp-json\/wp\/v2\/types\/page"}],"author":[{"embeddable":true,"href":"https:\/\/urgenci.net\/french\/wp-json\/wp\/v2\/users\/5"}],"replies":[{"embeddable":true,"href":"https:\/\/urgenci.net\/french\/wp-json\/wp\/v2\/comments?post=3932"}],"version-history":[{"count":4,"href":"https:\/\/urgenci.net\/french\/wp-json\/wp\/v2\/pages\/3932\/revisions"}],"predecessor-version":[{"id":5364,"href":"https:\/\/urgenci.net\/french\/wp-json\/wp\/v2\/pages\/3932\/revisions\/5364"}],"wp:attachment":[{"href":"https:\/\/urgenci.net\/french\/wp-json\/wp\/v2\/media?parent=3932"}],"curies":[{"name":"wp","href":"https:\/\/api.w.org\/{rel}","templated":true}]}}