{"id":4042,"date":"2015-02-11T10:28:07","date_gmt":"2015-02-11T09:28:07","guid":{"rendered":"http:\/\/dizajn-biro.com.hr\/urgenci\/?page_id=4042"},"modified":"2017-05-24T19:25:16","modified_gmt":"2017-05-24T17:25:16","slug":"membership","status":"publish","type":"page","link":"https:\/\/urgenci.net\/french\/membership\/","title":{"rendered":"Adh\u00e9sion"},"content":{"rendered":"<p><strong>Le r\u00e9seau international URGENCI\u00a0<\/strong><strong>a pour objectif principal de\u00a0<\/strong><strong>construire un espace de partage, de discussion et d\u2019analyse des pratiques et des strat\u00e9gies des CSA.<\/strong><strong>\u00a0<\/strong><strong>Ses principales activit\u00e9s visent \u00e0\u00a0<\/strong><strong>mettre en forme et en lien ces exp\u00e9riences et ces savoirs pour contribuer activement au mouvement pour la Souverainet\u00e9 alimentaire, \u00e9galement en d\u00e9veloppant un travail de plaidoyer ad\u00e9quat.<\/strong><\/p>\n<h4><strong>PARCE QU&rsquo;IL Y A DES ACTIONS QUE SEUL UN RESEAU INTERNATIONAL PEUT MENER!<\/strong><\/h4>\n<p>Le r\u00e9seau international de l\u2019Agriculture Soutenue par les Citoyens est\u00a0<strong>l&rsquo;espace le plus appropri\u00e9 pour<\/strong>:<\/p>\n<ul>\n<li><strong>Diffuser le plus largement le concept de CSA &#8211;\u00a0<em>essaimer<\/em>,<\/strong><\/li>\n<li><strong>Favoriser les \u00e9changes de pratiques entre ces partenariats,<\/strong><\/li>\n<li><strong>Encourager la mobilisation des r\u00e9seaux locaux et nationaux, mutualiser les outils et renforcer leur viabilit\u00e9<\/strong><\/li>\n<li><strong>Cr\u00e9er des alliances avec d\u2019autres initiatives au niveau continental et international,<\/strong><\/li>\n<li><strong>Coordonner des actions au niveau international et faciliter leur mise en coh\u00e9rence,<\/strong><\/li>\n<li><strong>Engager un dialogue avec les institutions publiques au niveau continental et international.<\/strong><\/li>\n<\/ul>\n<h3>\n<p style=\"text-align: center;\"><strong>C&rsquo;est le moment de vous impliquer!<\/strong><\/p>\n<\/h3>\n<h1><strong>&gt; Participez!<\/strong><\/h1>\n<p>Un sujet vous int\u00e9resse-t-il plus particuli\u00e8rement\u00a0? Vous pouvez vous inscrire \u00e0 nos listes \u00e9lectroniques et groupes de travail.\u00a0<em>Pour cela, merci de nous \u00e9crire \u00e0\u00a0<\/em><a href=\"mailto:contact@urgenci.net\">contact@urgenci.net<\/a><\/p>\n<h1><strong>&gt; Adh\u00e9rez \ud83d\ude42<\/strong><\/h1>\n<p>Avoir de (tr\u00e8s) nombreux membres est essentiel pour une organisation comme URGENCI\u00a0: le montant des cotisations nous permet de disposer de fonds propres, et bien au-del\u00e0 de la dimension financi\u00e8re, nos membres constituent la base de nos actions et la condition pr\u00e9alable \u00e0 tout plaidoyer efficace. En devenant membre, vous pouvez p<img loading=\"lazy\" decoding=\"async\" class=\"size-full wp-image-5522 alignright\" src=\"https:\/\/urgenci.net\/french\/wp-content\/uploads\/2015\/02\/radis.jpeg\" alt=\"\" width=\"183\" height=\"276\" \/>articiper \u00e0 nos missions d\u2019essaimage, aux rencontres\u2026<\/p>\n<ul>\n<li><a href=\"https:\/\/urgenci.net\/french\/wp-content\/uploads\/2015\/02\/membership_FORMULAIRE-N\u00b01_FR.pdf\">Adh\u00e9rent de Type 1, CSA\/AMAP\/partenariat local et solidaire<\/a>: contribution de 10\u00a0\u20ac\/an;<\/li>\n<li><a href=\"https:\/\/urgenci.net\/french\/wp-content\/uploads\/2015\/02\/membership_FORMULAIRE-N\u00b02_FR.pdf\">Adh\u00e9rent de Type 2, r\u00e9seau r\u00e9gional\/ national\u00a0CSA<\/a>: contribution de 100\u00a0\u20ac\/an;<\/li>\n<li><a href=\"https:\/\/urgenci.net\/french\/wp-content\/uploads\/2015\/02\/membership_FORMULAIRE-N\u00b03_FR.pdf\">Adh\u00e9rent de Type 3, organisation alli\u00e9e<\/a>\u00a0: contribution de 100\u00a0\u20ac\/an;<\/li>\n<li><a href=\"https:\/\/urgenci.net\/french\/wp-content\/uploads\/2015\/02\/membership-FORMULAIRE-N\u00b04_FR.pdf\">Adh\u00e9rent de Type 4, soutien individuel <\/a>de 10\u00a0\u20ac\/an.<\/li>\n<\/ul>\n<p lang=\"fr-FR\" align=\"JUSTIFY\"><strong>Comment faire?<\/strong> T\u00e9l\u00e9charger le bulletin d&rsquo;adh\u00e9sion et renvoyez-le \u00e0 contact(at)urgenci.net.<\/p>\n<p lang=\"fr-FR\" align=\"JUSTIFY\">Vous pouvez payer votre adh\u00e9sion en r\u00e9alisant un virement sur le compte d&rsquo;Urgenci dont <a href=\"https:\/\/urgenci.net\/french\/wp-content\/uploads\/2015\/02\/rib_urgenci.jpg\">voici le RIB<\/a>.<\/p>\n<p lang=\"fr-FR\" align=\"JUSTIFY\">Merci!<\/p>\n<form action=\"https:\/\/www.paypal.com\/cgi-bin\/webscr\" method=\"post\" target=\"_top\"><\/form>\n","protected":false},"excerpt":{"rendered":"<p>Le r\u00e9seau international URGENCI\u00a0a pour objectif principal de\u00a0construire un espace de partage, de discussion et d\u2019analyse des pratiques et des strat\u00e9gies des CSA.\u00a0Ses principales activit\u00e9s visent \u00e0\u00a0mettre en forme et en lien ces exp\u00e9riences et ces savoirs pour contribuer activement au mouvement pour la Souverainet\u00e9 alimentaire, \u00e9galement en d\u00e9veloppant un travail de plaidoyer ad\u00e9quat. PARCE&#8230; <\/p>\n<div class=\"clear\"><\/div>\n<p><a href=\"https:\/\/urgenci.net\/french\/membership\/\" class=\"excerpt-read-more\">Read More<\/a><\/p>\n","protected":false},"author":5,"featured_media":0,"parent":0,"menu_order":0,"comment_status":"closed","ping_status":"closed","template":"","meta":{"footnotes":""},"class_list":["post-4042","page","type-page","status-publish","hentry"],"_links":{"self":[{"href":"https:\/\/urgenci.net\/french\/wp-json\/wp\/v2\/pages\/4042","targetHints":{"allow":["GET"]}}],"collection":[{"href":"https:\/\/urgenci.net\/french\/wp-json\/wp\/v2\/pages"}],"about":[{"href":"https:\/\/urgenci.net\/french\/wp-json\/wp\/v2\/types\/page"}],"author":[{"embeddable":true,"href":"https:\/\/urgenci.net\/french\/wp-json\/wp\/v2\/users\/5"}],"replies":[{"embeddable":true,"href":"https:\/\/urgenci.net\/french\/wp-json\/wp\/v2\/comments?post=4042"}],"version-history":[{"count":5,"href":"https:\/\/urgenci.net\/french\/wp-json\/wp\/v2\/pages\/4042\/revisions"}],"predecessor-version":[{"id":5510,"href":"https:\/\/urgenci.net\/french\/wp-json\/wp\/v2\/pages\/4042\/revisions\/5510"}],"wp:attachment":[{"href":"https:\/\/urgenci.net\/french\/wp-json\/wp\/v2\/media?parent=4042"}],"curies":[{"name":"wp","href":"https:\/\/api.w.org\/{rel}","templated":true}]}}