{"id":4066,"date":"2015-02-12T09:27:00","date_gmt":"2015-02-12T09:27:00","guid":{"rendered":"http:\/\/dizajn-biro.com.hr\/urgenci\/?page_id=4066"},"modified":"2015-03-11T09:47:27","modified_gmt":"2015-03-11T08:47:27","slug":"benin","status":"publish","type":"page","link":"https:\/\/urgenci.net\/french\/benin\/","title":{"rendered":"B\u00e9nin"},"content":{"rendered":"<p><img loading=\"lazy\" decoding=\"async\" class=\"alignleft wp-image-4067 size-full\" src=\"https:\/\/urgenci.net\/french\/wp-content\/uploads\/2015\/02\/benin-logo-def1.jpg\" alt=\"benin-logo-def\" width=\"1015\" height=\"255\" srcset=\"https:\/\/urgenci.net\/french\/wp-content\/uploads\/2015\/02\/benin-logo-def1.jpg 1015w, https:\/\/urgenci.net\/french\/wp-content\/uploads\/2015\/02\/benin-logo-def1-300x75.jpg 300w, https:\/\/urgenci.net\/french\/wp-content\/uploads\/2015\/02\/benin-logo-def1-600x151.jpg 600w\" sizes=\"auto, (max-width: 1015px) 100vw, 1015px\" \/><\/p>\n<p>Cette premi\u00e8re AMAP au B\u00e9nin a vu le jour en novembre 2008 \u00e0 Cotonou sur l\u2019initiative de la \u00ab\u00a0Ferme du Bien Etre\u00a0\u00bb. Nous avons r\u00e9cemment chang\u00e9 le nom en <a href=\"https:\/\/amapbenin.wordpress.com\/\">\u00ab\u00a0Nouveaux Paysans Bio\u00bb<\/a>. L\u2019AMAP regroupe aujourd\u2019hui plus de 200 familles qui re\u00e7oivent chaque semaine leur panier de l\u00e9gumes sains, fra\u00eechement r\u00e9colt\u00e9s par une quarantaine de producteurs partenaires.<\/p>\n<p><b>Comment l\u2019aventure a-t-elle d\u00e9but\u00e9e ?<br \/>\n<\/b>Edgar D\u00e9gu\u00e9non, fondateur de l\u2019AMAP est \u00e0 l\u2019origine formateur, conseiller en horticulture et en irrigation. Il compte plus de quinze ann\u00e9es d\u2019exp\u00e9rience en mara\u00eechage urbain. Il participe \u00e9galement \u00e0 des s\u00e9minaires pour am\u00e9liorer les conditions pr\u00e9caires des petits exploitants et voyage \u00e0 travers toute l\u2019Afrique \u00e0 la recherche de solutions.<\/p>\n<p>En juillet 2008, soutenu par l\u2019Ambassade de France au B\u00e9nin, il s\u2019est initi\u00e9 en France \u00e0 l\u2019agriculture biologique au cours d\u2019un stage organis\u00e9 par le R\u00e9seau B\u00e9nin de l\u2019enseignement agricole fran\u00e7ais. A cette occasion, il \u00e9t\u00e9 s\u00e9duit par l\u2019id\u00e9e d\u2019offrir des produits biologiques \u00e0 des prix raisonnables pour les consommateurs, tout en assurant une r\u00e9mun\u00e9ration \u00e9quitable des producteurs, gr\u00e2ce \u00e0 l\u2019\u00e9limination des interm\u00e9diaires. Cette exp\u00e9rience lui a donn\u00e9 l\u2019impulsion pour mettre en place au B\u00e9nin la premi\u00e8re Association pour le Maintien de l\u2019Agriculture Paysanne\/Biologique (AMAP).<\/p>\n<p><b>De retour au B\u00e9nin, le projet se concr\u00e9tise<br \/>\n<\/b>Au d\u00e9but, l\u2019AMAP a b\u00e9n\u00e9fici\u00e9 de la mise \u00e0 disposition de terres de l\u2019Etat pour une superficie totale de 1,5 ha \u00e0 la sortie de Cotonou en direction de Porto Novo. Le sol y est malheureusement tr\u00e8s sablonneux, ce qui n\u00e9cessite un arrosage deux fois par jour et un apport r\u00e9gulier de fumures organiques (compost, fiente de volaille,\u2026). Edgar et les ouvriers agricoles doivent faire face \u00e0 un autre obstacle\u00a0: la surface est insuffisante pour produire de mani\u00e8re continue toutes les cultures. En cons\u00e9quence il \u00e9tait r\u00e9guli\u00e8rement confront\u00e9 \u00e0 l\u2019impossibilit\u00e9 de fournir chaque semaine certains l\u00e9gumes.<\/p>\n<p>Face \u00e0 ces difficult\u00e9s, en septembre 2009, Edgar entreprend d\u2019acqu\u00e9rir un terrain d\u2019un demi-hectare au bord du Lac Toho (en direction de Ouidah). Ces terres plus appropri\u00e9es \u00e0 l\u2019agriculture biologique permettent de mieux ma\u00eetriser la production. Puis, gr\u00e2ce \u00e0 l\u2019augmentation du nombre d\u2019abonnements aux paniers, il ach\u00e8te un autre demi hectare de terres agricoles.<\/p>\n<p><b>R\u00e9ussite du projet<br \/>\n<\/b>Aujourd\u2019hui les efforts portent leurs fruits Ces investissements et la participation d\u2019autres producteurs \u00e0 l\u2019AMAP permettent de disposer aujourd\u2019hui de\u00a0 12 hectares de cultures (ce chiffre inclus les terres d\u2019autres producteurs membres de l\u2019AMAP) permettant de\u00a0 fournir des l\u00e9gumes biologiques \u00e0 plus de 200 familles. L\u2019organisation assure \u00e9galement des revenus corrects \u00e0 une quarantaine d\u2019exploitants dont la moiti\u00e9 emploie au moins un ouvrier agricole. Plus de 1,3 tonne de l\u00e9gumes biologiques sont ainsi distribu\u00e9s chaque semaine par les \u00ab\u00a0Nouveaux Paysans Bio\u00bb.<\/p>\n<p><b>La certification SPG, pour une plus grande cr\u00e9dibilit\u00e9<br \/>\n<\/b>Fin 2011, avec le soutien de d\u2019Helvetas B\u00e9nin, nous avons entam\u00e9 une d\u00e9marche de certification biologique. Notre choix s\u2019est port\u00e9 sur la <a title=\"Notre d\u00e9marche de\u00a0certification\" href=\"https:\/\/amapbenin.wordpress.com\/notre-demarche-de-certification\/\">certification SPG<\/a> (Syst\u00e8me Participatif de Garantie) qui certifie les producteurs sur base d\u2019une participation active des acteurs concern\u00e9s, en particulier les consommateurs.<\/p>\n<p><b>Mais ce n\u2019est pas tout\u00a0!<br \/>\n<\/b>Edgar veut aller plus loin\u00a0: \u00ab <i>Je nourris le r\u00eave de cr\u00e9er sur le terrain de Gakp\u00e9 un centre de production et de formation en agriculture biologique\u00a0<\/i>\u00bb.\u00a0Il nous faudra donc construire sur le domaine quelques infrastructures pouvant h\u00e9berger des stagiaires, de nouvelles paillottes pour les activit\u00e9s p\u00e9dagogiques, des unit\u00e9s d\u2019\u00e9levage, etc.<\/p>\n<p>Le projet a \u00e9t\u00e9 \u00e9valu\u00e9 \u00e0 27\u00a0000\u00a0000 FCFA. Il ne reste plus qu\u2019\u00e0 mobiliser les moyens financiers pour le mettre en \u0153uvre. Toutes les formes de soutien, d\u2019assistance et de conseils pour appuyer cette initiative sont bien s\u00fbr les bienvenues.<\/p>\n","protected":false},"excerpt":{"rendered":"<p>Cette premi\u00e8re AMAP au B\u00e9nin a vu le jour en novembre 2008 \u00e0 Cotonou sur l\u2019initiative de la \u00ab\u00a0Ferme du Bien Etre\u00a0\u00bb. Nous avons r\u00e9cemment chang\u00e9 le nom en \u00ab\u00a0Nouveaux Paysans Bio\u00bb. L\u2019AMAP regroupe aujourd\u2019hui plus de 200 familles qui re\u00e7oivent chaque semaine leur panier de l\u00e9gumes sains, fra\u00eechement r\u00e9colt\u00e9s par une quarantaine de producteurs&#8230; <\/p>\n<div class=\"clear\"><\/div>\n<p><a href=\"https:\/\/urgenci.net\/french\/benin\/\" class=\"excerpt-read-more\">Read More<\/a><\/p>\n","protected":false},"author":5,"featured_media":0,"parent":0,"menu_order":0,"comment_status":"closed","ping_status":"closed","template":"","meta":{"footnotes":""},"class_list":["post-4066","page","type-page","status-publish","hentry"],"_links":{"self":[{"href":"https:\/\/urgenci.net\/french\/wp-json\/wp\/v2\/pages\/4066","targetHints":{"allow":["GET"]}}],"collection":[{"href":"https:\/\/urgenci.net\/french\/wp-json\/wp\/v2\/pages"}],"about":[{"href":"https:\/\/urgenci.net\/french\/wp-json\/wp\/v2\/types\/page"}],"author":[{"embeddable":true,"href":"https:\/\/urgenci.net\/french\/wp-json\/wp\/v2\/users\/5"}],"replies":[{"embeddable":true,"href":"https:\/\/urgenci.net\/french\/wp-json\/wp\/v2\/comments?post=4066"}],"version-history":[{"count":1,"href":"https:\/\/urgenci.net\/french\/wp-json\/wp\/v2\/pages\/4066\/revisions"}],"predecessor-version":[{"id":4895,"href":"https:\/\/urgenci.net\/french\/wp-json\/wp\/v2\/pages\/4066\/revisions\/4895"}],"wp:attachment":[{"href":"https:\/\/urgenci.net\/french\/wp-json\/wp\/v2\/media?parent=4066"}],"curies":[{"name":"wp","href":"https:\/\/api.w.org\/{rel}","templated":true}]}}