{"id":4129,"date":"2013-11-11T14:22:04","date_gmt":"2013-11-11T13:22:04","guid":{"rendered":"http:\/\/themes.goodlayers2.com\/flawless\/?page_id=16"},"modified":"2021-08-23T17:25:39","modified_gmt":"2021-08-23T15:25:39","slug":"bulletin-teikei","status":"publish","type":"page","link":"https:\/\/urgenci.net\/french\/bulletin-teikei\/","title":{"rendered":"Bulletin Teikei"},"content":{"rendered":"<h1><strong>\u63d0\u643a-<\/strong> <i>Teikei<\/i>\u00a0en japonais veut dire \u00ab\u00a0coop\u00e9ration\u00a0\u00bb, \u00ab\u00a0association\u00a0\u00bb. En parlant des CSA, on l&rsquo;associe fr\u00e9quemment au slogan \u00ab\u00a0des l\u00e9gumes avec le visage de leur producteur\u00a0\u00bb! Il est compos\u00e9 de deux caract\u00e8res qui rendent compte d&rsquo;une action: se donner la main.<\/h1>\n<p>L&rsquo;Association japonaise d&rsquo;Agriculture Biologique (JOAA), fond\u00e9e en 1971, d\u00e9crit les Teikei comme \u00ab\u00a0<em>l&rsquo;id\u00e9e de cr\u00e9er un syst\u00e8me de distribution alternatif, s&rsquo;extrayant\u00a0du march\u00e9 conventionnel. Bien que les formes de Teikei varient, il s&rsquo;agit fondamentalement d&rsquo;un syst\u00e8me de distribution directe. Pour le faire vivre, producteur(s) et consommateur(s) ont des discussions constantes pour approfondir leur compr\u00e9hension mutuelle: ceux qui fournissent la main-d&rsquo;\u0153uvre et ceux qui investissent des\u00a0capitaux pour soutenir leur syst\u00e8me propre\u00a0de livraison &#8230;. Teikei est non seulement une id\u00e9e pratique, c&rsquo;est aussi une philosophie dynamique pour faire que\u00a0les gens prennent le temps de penser \u00e0 un meilleur mode de vie, soit en tant que producteur ou en tant que consommateur, et s&rsquo;am\u00e9liorent par leurs interactions.<\/em>\u00a0\u00bb<\/p>\n<p>Urgenci a choisi de nommer son bulletin d&rsquo;information \u00ab\u00a0TEIKEI\u00a0\u00bb apr\u00e8s la catastrophe nucl\u00e9aire de Fukushima, comme un hommage aux Japonais-es.<\/p>\n<p><strong>Le bulletin de l&rsquo;\u00e9t\u00e9 2016 (Teikei n\u00b045) est d\u00e9sormais disponible en fran\u00e7ais:\u00a0<a href=\"https:\/\/urgenci.net\/french\/wp-content\/uploads\/2013\/11\/TEIKEI-45_FR.pdf\">TEIKEI 45_FR<\/a>.<\/strong><\/p>\n<p>&nbsp;<\/p>\n","protected":false},"excerpt":{"rendered":"<p>\u63d0\u643a- Teikei\u00a0en japonais veut dire \u00ab\u00a0coop\u00e9ration\u00a0\u00bb, \u00ab\u00a0association\u00a0\u00bb. En parlant des CSA, on l&rsquo;associe fr\u00e9quemment au slogan \u00ab\u00a0des l\u00e9gumes avec le visage de leur producteur\u00a0\u00bb! Il est compos\u00e9 de deux caract\u00e8res qui rendent compte d&rsquo;une action: se donner la main. L&rsquo;Association japonaise d&rsquo;Agriculture Biologique (JOAA), fond\u00e9e en 1971, d\u00e9crit les Teikei comme \u00ab\u00a0l&rsquo;id\u00e9e de cr\u00e9er un&#8230; <\/p>\n<div class=\"clear\"><\/div>\n<p><a href=\"https:\/\/urgenci.net\/french\/bulletin-teikei\/\" class=\"excerpt-read-more\">Read More<\/a><\/p>\n","protected":false},"author":5,"featured_media":0,"parent":0,"menu_order":0,"comment_status":"closed","ping_status":"closed","template":"","meta":{"footnotes":""},"class_list":["post-4129","page","type-page","status-publish","hentry"],"_links":{"self":[{"href":"https:\/\/urgenci.net\/french\/wp-json\/wp\/v2\/pages\/4129","targetHints":{"allow":["GET"]}}],"collection":[{"href":"https:\/\/urgenci.net\/french\/wp-json\/wp\/v2\/pages"}],"about":[{"href":"https:\/\/urgenci.net\/french\/wp-json\/wp\/v2\/types\/page"}],"author":[{"embeddable":true,"href":"https:\/\/urgenci.net\/french\/wp-json\/wp\/v2\/users\/5"}],"replies":[{"embeddable":true,"href":"https:\/\/urgenci.net\/french\/wp-json\/wp\/v2\/comments?post=4129"}],"version-history":[{"count":7,"href":"https:\/\/urgenci.net\/french\/wp-json\/wp\/v2\/pages\/4129\/revisions"}],"predecessor-version":[{"id":5385,"href":"https:\/\/urgenci.net\/french\/wp-json\/wp\/v2\/pages\/4129\/revisions\/5385"}],"wp:attachment":[{"href":"https:\/\/urgenci.net\/french\/wp-json\/wp\/v2\/media?parent=4129"}],"curies":[{"name":"wp","href":"https:\/\/api.w.org\/{rel}","templated":true}]}}