{"id":4422,"date":"2015-02-19T10:38:58","date_gmt":"2015-02-19T09:38:58","guid":{"rendered":"http:\/\/dizajn-biro.com.hr\/urgenci\/?page_id=4422"},"modified":"2015-07-02T23:26:15","modified_gmt":"2015-07-02T21:26:15","slug":"czech-republic","status":"publish","type":"page","link":"https:\/\/urgenci.net\/french\/czech-republic\/","title":{"rendered":"R\u00e9publique tch\u00e8que"},"content":{"rendered":"<p><b><\/b><b><img loading=\"lazy\" decoding=\"async\" class=\"alignnone wp-image-4425 size-full\" src=\"https:\/\/urgenci.net\/french\/urgenci\/wp-content\/uploads\/2015\/02\/KPZ_logo_pruhledne_180.png\" alt=\"KPZ_logo_pruhledne_180\" width=\"280\" height=\"94\" \/><\/b> <a href=\"http:\/\/www.kpzinfo.cz\/\"><b>Komunitou podporovan\u00e9 zem\u011bd\u011blstv\u00ed<\/b><\/a><\/p>\n<p>By the beginning of 2013 there were around 10 alternative food distribution schemes describing themselves as CSAs. All the schemes are based on solidarity, in other words risk and reward sharing between the farmers and consumers. A majority of them are farmer driven CSAs where the informal group of consumers is coupled with an already existing farm that is owned by the producer. Typically the informal consumer group pays in advance (month or a whole season) for the farmer\u00b4s production and gets the harvest while taking responsibility for delivery, administration etc. Nonetheless there are few solely community owned farms based on the principle of shared ownership and social enterpreneurship.The majority of so far existing initiatives has been initiated by environmental NGOs in cities and they are geographically spread all over the country. The CSA movement is very much bound to the organic farming practices as majority of the farmers are certified organic or use organic practices.<\/p>\n<h5><strong><a title=\"CSA in Czech Republic\" href=\"https:\/\/urgenci.net\/french\/csa-in-czech-republic\/\">Community Supported Agriculture in Czech Republic<\/a>\u00a0(<\/strong>Jan Valeska, 2014)<\/h5>\n","protected":false},"excerpt":{"rendered":"<p>Komunitou podporovan\u00e9 zem\u011bd\u011blstv\u00ed By the beginning of 2013 there were around 10 alternative food distribution schemes describing themselves as CSAs. All the schemes are based on solidarity, in other words risk and reward sharing between the farmers and consumers. A majority of them are farmer driven CSAs where the informal group of consumers is coupled&#8230; <\/p>\n<div class=\"clear\"><\/div>\n<p><a href=\"https:\/\/urgenci.net\/french\/czech-republic\/\" class=\"excerpt-read-more\">Read More<\/a><\/p>\n","protected":false},"author":5,"featured_media":0,"parent":0,"menu_order":0,"comment_status":"closed","ping_status":"closed","template":"","meta":{"footnotes":""},"class_list":["post-4422","page","type-page","status-publish","hentry"],"_links":{"self":[{"href":"https:\/\/urgenci.net\/french\/wp-json\/wp\/v2\/pages\/4422","targetHints":{"allow":["GET"]}}],"collection":[{"href":"https:\/\/urgenci.net\/french\/wp-json\/wp\/v2\/pages"}],"about":[{"href":"https:\/\/urgenci.net\/french\/wp-json\/wp\/v2\/types\/page"}],"author":[{"embeddable":true,"href":"https:\/\/urgenci.net\/french\/wp-json\/wp\/v2\/users\/5"}],"replies":[{"embeddable":true,"href":"https:\/\/urgenci.net\/french\/wp-json\/wp\/v2\/comments?post=4422"}],"version-history":[{"count":2,"href":"https:\/\/urgenci.net\/french\/wp-json\/wp\/v2\/pages\/4422\/revisions"}],"predecessor-version":[{"id":5095,"href":"https:\/\/urgenci.net\/french\/wp-json\/wp\/v2\/pages\/4422\/revisions\/5095"}],"wp:attachment":[{"href":"https:\/\/urgenci.net\/french\/wp-json\/wp\/v2\/media?parent=4422"}],"curies":[{"name":"wp","href":"https:\/\/api.w.org\/{rel}","templated":true}]}}