{"id":4434,"date":"2015-02-19T10:52:47","date_gmt":"2015-02-19T09:52:47","guid":{"rendered":"http:\/\/dizajn-biro.com.hr\/urgenci\/?page_id=4434"},"modified":"2015-07-02T23:30:38","modified_gmt":"2015-07-02T21:30:38","slug":"romania","status":"publish","type":"page","link":"https:\/\/urgenci.net\/french\/romania\/","title":{"rendered":"Roumanie"},"content":{"rendered":"<h4><strong><img loading=\"lazy\" decoding=\"async\" class=\"alignnone wp-image-4435 size-full\" src=\"https:\/\/urgenci.net\/french\/wp-content\/uploads\/2015\/02\/cropped-ASAT-Has.9aug12_0130s1.jpg\" alt=\"cropped-ASAT-Has.9aug12_0130s\" width=\"940\" height=\"198\" srcset=\"https:\/\/urgenci.net\/french\/wp-content\/uploads\/2015\/02\/cropped-ASAT-Has.9aug12_0130s1.jpg 940w, https:\/\/urgenci.net\/french\/wp-content\/uploads\/2015\/02\/cropped-ASAT-Has.9aug12_0130s1-300x63.jpg 300w, https:\/\/urgenci.net\/french\/wp-content\/uploads\/2015\/02\/cropped-ASAT-Has.9aug12_0130s1-600x126.jpg 600w\" sizes=\"auto, (max-width: 940px) 100vw, 940px\" \/><\/strong><\/h4>\n<h4><strong><a href=\"http:\/\/asatromania.ro\/\">Asocia\u021bia pentru Sus\u021binerea Agriculturii \u021a\u0103r\u0103ne\u0219ti<\/a><br \/>\n<\/strong><\/h4>\n<h5><strong><a title=\"Evolution of ASAT Partnerships in Romania\" href=\"https:\/\/urgenci.net\/french\/evolution-of-asat-partnerships-in-romania\/\">Evolution of ASAT Partnerships in Romania<\/a><\/strong>\u00a0(Jocelyn Parot, 2013)<\/h5>\n<h5><strong><a href=\"https:\/\/urgenci.net\/french\/urgenci\/wp-content\/uploads\/2015\/01\/Community-supported-agriculture-in-Romania.pdf\">Community supported\u00a0agriculture in Romania.\u00a0Is it driven by economy or solidarity?<\/a><\/strong>\u00a0(Br\u00eendu\u015fa B\u00eerhal\u0103, Judith M\u00f6llers, 2014)<\/h5>\n","protected":false},"excerpt":{"rendered":"<p>Asocia\u021bia pentru Sus\u021binerea Agriculturii \u021a\u0103r\u0103ne\u0219ti Evolution of ASAT Partnerships in Romania\u00a0(Jocelyn Parot, 2013) Community supported\u00a0agriculture in Romania.\u00a0Is it driven by economy or solidarity?\u00a0(Br\u00eendu\u015fa B\u00eerhal\u0103, Judith M\u00f6llers, 2014)<\/p>\n","protected":false},"author":5,"featured_media":0,"parent":0,"menu_order":0,"comment_status":"closed","ping_status":"closed","template":"","meta":{"footnotes":""},"class_list":["post-4434","page","type-page","status-publish","hentry"],"_links":{"self":[{"href":"https:\/\/urgenci.net\/french\/wp-json\/wp\/v2\/pages\/4434","targetHints":{"allow":["GET"]}}],"collection":[{"href":"https:\/\/urgenci.net\/french\/wp-json\/wp\/v2\/pages"}],"about":[{"href":"https:\/\/urgenci.net\/french\/wp-json\/wp\/v2\/types\/page"}],"author":[{"embeddable":true,"href":"https:\/\/urgenci.net\/french\/wp-json\/wp\/v2\/users\/5"}],"replies":[{"embeddable":true,"href":"https:\/\/urgenci.net\/french\/wp-json\/wp\/v2\/comments?post=4434"}],"version-history":[{"count":3,"href":"https:\/\/urgenci.net\/french\/wp-json\/wp\/v2\/pages\/4434\/revisions"}],"predecessor-version":[{"id":5109,"href":"https:\/\/urgenci.net\/french\/wp-json\/wp\/v2\/pages\/4434\/revisions\/5109"}],"wp:attachment":[{"href":"https:\/\/urgenci.net\/french\/wp-json\/wp\/v2\/media?parent=4434"}],"curies":[{"name":"wp","href":"https:\/\/api.w.org\/{rel}","templated":true}]}}