{"id":4438,"date":"2015-02-19T10:57:32","date_gmt":"2015-02-19T10:57:32","guid":{"rendered":"http:\/\/dizajn-biro.com.hr\/urgenci\/?page_id=4438"},"modified":"2015-10-29T23:10:10","modified_gmt":"2015-10-29T22:10:10","slug":"hungary-2","status":"publish","type":"page","link":"https:\/\/urgenci.net\/french\/hungary-2\/","title":{"rendered":"Hongrie"},"content":{"rendered":"<p><img loading=\"lazy\" decoding=\"async\" class=\"alignnone wp-image-4439 size-full\" src=\"https:\/\/urgenci.net\/french\/wp-content\/uploads\/2015\/02\/tve-csa1.jpg\" alt=\"tve csa\" width=\"450\" height=\"314\" srcset=\"https:\/\/urgenci.net\/french\/wp-content\/uploads\/2015\/02\/tve-csa1.jpg 450w, https:\/\/urgenci.net\/french\/wp-content\/uploads\/2015\/02\/tve-csa1-300x209.jpg 300w\" sizes=\"auto, (max-width: 450px) 100vw, 450px\" \/><\/p>\n<p>In Hungary there are about eight community supported farms and about six buying groups in 2013, but the numbers are increasing continuously.<\/p>\n<p><a href=\"http:\/\/tudatosvasarlo.hu\/\">Tudatos V\u00e1s\u00e1rl\u00f3k Egyes\u00fclete<\/a>, the Association of Conscious Consumers, mainly promotes the idea of community supported farms, because the network of buying groups is already well-functioning. The CSA concept was introduced to Hungary in 1998, but the three farms which were influenced by the English CSA concept gave up the model. The reasons for the failure were really diverse: 1) the costs were not properly calculated, 2) the concept was new for the consumers and 3) the consumption habits were not \u201cready\u201d for the non-negotiated content of the vegetable boxes.<br \/>\nIn 2010 three new CSA farms started to take shape, owing to the French AMAP visits. The French influence is still determinative among the eight existing farms (many of them using the translated<br \/>\nAMAP charter), but new functional forms also have appeared, e.g. a social cooperative or a non-profit Ltd. Most of the initiatives are farmer-driven and dependant on consumers from cities.<br \/>\nIn Hungary, CSA is strongly connected to organic agriculture, all of the initiatives are certified organic or produce without chemicals. ACC is promoting the idea of CSA in Hungary &#8211; publishing information<br \/>\nabout the national and international best practices and organising trainings for local communities.<\/p>\n<h5><strong><a href=\"https:\/\/urgenci.net\/french\/wp-content\/uploads\/2015\/01\/IFOAM_poszter_DZ_Final1.ppt\">Alternative Development in the Organic Sector Horizon: Community Supported Agriculture in Hungary<\/a><\/strong>\u00a0(Zoltan\u00a0Dezs\u00e9ny, Katalin R\u00e9thy and\u00a0B\u00e1lint Bal\u00e1zs, 2014)<\/h5>\n","protected":false},"excerpt":{"rendered":"<p>In Hungary there are about eight community supported farms and about six buying groups in 2013, but the numbers are increasing continuously. Tudatos V\u00e1s\u00e1rl\u00f3k Egyes\u00fclete, the Association of Conscious Consumers, mainly promotes the idea of community supported farms, because the network of buying groups is already well-functioning. The CSA concept was introduced to Hungary in&#8230; <\/p>\n<div class=\"clear\"><\/div>\n<p><a href=\"https:\/\/urgenci.net\/french\/hungary-2\/\" class=\"excerpt-read-more\">Read More<\/a><\/p>\n","protected":false},"author":5,"featured_media":0,"parent":0,"menu_order":0,"comment_status":"closed","ping_status":"closed","template":"","meta":{"footnotes":""},"class_list":["post-4438","page","type-page","status-publish","hentry"],"_links":{"self":[{"href":"https:\/\/urgenci.net\/french\/wp-json\/wp\/v2\/pages\/4438","targetHints":{"allow":["GET"]}}],"collection":[{"href":"https:\/\/urgenci.net\/french\/wp-json\/wp\/v2\/pages"}],"about":[{"href":"https:\/\/urgenci.net\/french\/wp-json\/wp\/v2\/types\/page"}],"author":[{"embeddable":true,"href":"https:\/\/urgenci.net\/french\/wp-json\/wp\/v2\/users\/5"}],"replies":[{"embeddable":true,"href":"https:\/\/urgenci.net\/french\/wp-json\/wp\/v2\/comments?post=4438"}],"version-history":[{"count":4,"href":"https:\/\/urgenci.net\/french\/wp-json\/wp\/v2\/pages\/4438\/revisions"}],"predecessor-version":[{"id":5204,"href":"https:\/\/urgenci.net\/french\/wp-json\/wp\/v2\/pages\/4438\/revisions\/5204"}],"wp:attachment":[{"href":"https:\/\/urgenci.net\/french\/wp-json\/wp\/v2\/media?parent=4438"}],"curies":[{"name":"wp","href":"https:\/\/api.w.org\/{rel}","templated":true}]}}