{"id":4529,"date":"2015-02-24T00:13:20","date_gmt":"2015-02-23T23:13:20","guid":{"rendered":"http:\/\/dizajn-biro.com.hr\/urgenci\/?page_id=4529"},"modified":"2016-07-08T09:39:37","modified_gmt":"2016-07-08T07:39:37","slug":"kick-off-meeting-budapest-nov-2015","status":"publish","type":"page","link":"https:\/\/urgenci.net\/french\/actions\/be-part-of-csa\/kick-off-meeting-budapest-nov-2015\/","title":{"rendered":"R\u00e9union de lancement &#8211; Budapest, Nov. 2015"},"content":{"rendered":"<p><img loading=\"lazy\" decoding=\"async\" class=\"alignleft wp-image-4462 size-full\" src=\"https:\/\/urgenci.net\/french\/wp-content\/uploads\/2015\/02\/szatyor1.jpg\" alt=\"szatyor\" width=\"367\" height=\"552\" srcset=\"https:\/\/urgenci.net\/french\/wp-content\/uploads\/2015\/02\/szatyor1.jpg 367w, https:\/\/urgenci.net\/french\/wp-content\/uploads\/2015\/02\/szatyor1-199x300.jpg 199w\" sizes=\"auto, (max-width: 367px) 100vw, 367px\" \/><\/p>\n<p><strong>Be part of CSA!<\/strong>\u00a0: Rencontre de lancement \u00e0 Budapest<br \/>\npar Per\u00e9nyi Zs\u00f3fia, coordinatrice, Tudatos V\u00e1s\u00e1rl\u00f3k Egyes\u00fclete (Hongrie).<\/p>\n<p style=\"text-align: justify;\">Le projet <em>\u201cBe part of CSA!\u201d<\/em> a d\u00e9but\u00e9 en novembre. Des activistes, b\u00e9n\u00e9voles, paysans, animateurs et sp\u00e9cialistes de l&rsquo;\u00e9ducation des quatre pays partenaires (Hongrie, R\u00e9publique tch\u00e8que, Roumanie et France) se sont r\u00e9unis afin de synth\u00e9tiser leurs connaissances et d\u2019entamer le travail sur un programme europ\u00e9en de formation pour et par les \u00ab\u00a0amap-ien-ne-s\u00a0\u00bb. Bien que le mouvement des partenariats locaux et solidaires entre producteurs et consommateurs (PLS) soit diff\u00e9rent dans chacun des pays, les participants ont pu identifi\u00e9 certains th\u00e8mes communs \u2013 comment faciliter une participation plus active des membres, \u00e9tablir la communication entre les agriculteurs et les consommateurs ou former les consommateurs aux grands enjeux de l&rsquo;agriculture &#8211; qui joueront un r\u00f4le cl\u00e9 dans le programme de formation informelle.<\/p>\n<p style=\"text-align: justify;\">Alors que le calendrier de la r\u00e9union \u00e9tait tr\u00e8s serr\u00e9, l&rsquo;organisation h\u00f4te (TVE, Hongrie) a essay\u00e9 de donner \u00e0 voir quelques initiatives int\u00e9ressantes de Budapest. Ainsi, le premier d\u00eener a \u00e9t\u00e9 organis\u00e9 au local d\u2019un groupement d&rsquo;achat solidaire, le Szatyor, qui est depuis devenu une entreprise sociale (site: http:\/\/szatyorbolt.hu\/rolunk). Le d\u00eener v\u00e9g\u00e9talien, pr\u00e9par\u00e9 \u00e0 partir de produits frais des agriculteurs locaux, s\u2019est d\u00e9roul\u00e9 dans une bonne ambiance.<\/p>\n<p style=\"text-align: justify;\">L&rsquo;\u00e9tape suivante consiste \u00e0 pr\u00e9parer un questionnaire destin\u00e9 \u00e0 \u00eatre largement distribu\u00e9 aux futur-e-s participant-e-s des sessions de formation pour recueillir leurs besoins et leurs souhaits et d\u2019ainsi identifier les points-cl\u00e9s \u00e0 inclure dans le programme de formation informelle. Puis viendra le temps de la r\u00e9daction des premiers contenus p\u00e9dagogiques qui serviront aux sessions de formation qui auront lieu en 2015-2016 en Hongrie, Roumanie et r\u00e9publique Tch\u00e8que.<\/p>\n<p style=\"text-align: justify;\">Plus d\u2019informations sur le programme de formation: <a href=\"http:\/\/www.urgenci.net\/en-gb\/content\/be-part-csa\">http:\/\/www.urgenci.net\/en-gb\/content\/be-part-csa<\/a><\/p>\n","protected":false},"excerpt":{"rendered":"<p>Be part of CSA!\u00a0: Rencontre de lancement \u00e0 Budapest par Per\u00e9nyi Zs\u00f3fia, coordinatrice, Tudatos V\u00e1s\u00e1rl\u00f3k Egyes\u00fclete (Hongrie). Le projet \u201cBe part of CSA!\u201d a d\u00e9but\u00e9 en novembre. Des activistes, b\u00e9n\u00e9voles, paysans, animateurs et sp\u00e9cialistes de l&rsquo;\u00e9ducation des quatre pays partenaires (Hongrie, R\u00e9publique tch\u00e8que, Roumanie et France) se sont r\u00e9unis afin de synth\u00e9tiser leurs connaissances et&#8230; <\/p>\n<div class=\"clear\"><\/div>\n<p><a href=\"https:\/\/urgenci.net\/french\/actions\/be-part-of-csa\/kick-off-meeting-budapest-nov-2015\/\" class=\"excerpt-read-more\">Read More<\/a><\/p>\n","protected":false},"author":5,"featured_media":0,"parent":3598,"menu_order":0,"comment_status":"closed","ping_status":"closed","template":"","meta":{"footnotes":""},"class_list":["post-4529","page","type-page","status-publish","hentry"],"_links":{"self":[{"href":"https:\/\/urgenci.net\/french\/wp-json\/wp\/v2\/pages\/4529","targetHints":{"allow":["GET"]}}],"collection":[{"href":"https:\/\/urgenci.net\/french\/wp-json\/wp\/v2\/pages"}],"about":[{"href":"https:\/\/urgenci.net\/french\/wp-json\/wp\/v2\/types\/page"}],"author":[{"embeddable":true,"href":"https:\/\/urgenci.net\/french\/wp-json\/wp\/v2\/users\/5"}],"replies":[{"embeddable":true,"href":"https:\/\/urgenci.net\/french\/wp-json\/wp\/v2\/comments?post=4529"}],"version-history":[{"count":4,"href":"https:\/\/urgenci.net\/french\/wp-json\/wp\/v2\/pages\/4529\/revisions"}],"predecessor-version":[{"id":5061,"href":"https:\/\/urgenci.net\/french\/wp-json\/wp\/v2\/pages\/4529\/revisions\/5061"}],"up":[{"embeddable":true,"href":"https:\/\/urgenci.net\/french\/wp-json\/wp\/v2\/pages\/3598"}],"wp:attachment":[{"href":"https:\/\/urgenci.net\/french\/wp-json\/wp\/v2\/media?parent=4529"}],"curies":[{"name":"wp","href":"https:\/\/api.w.org\/{rel}","templated":true}]}}