{"id":5152,"date":"2015-09-30T22:32:28","date_gmt":"2015-09-30T20:32:28","guid":{"rendered":"http:\/\/urgenci.net\/french\/?page_id=5152"},"modified":"2015-10-13T23:30:38","modified_gmt":"2015-10-13T21:30:38","slug":"assises-locales-de-lalimentation","status":"publish","type":"page","link":"https:\/\/urgenci.net\/french\/actions\/assises-locales-de-lalimentation\/","title":{"rendered":"Assises locales de l&rsquo;alimentation"},"content":{"rendered":"<p><em><strong><span style=\"color: #000000;\"><span style=\"font-family: Verdana, sans-serif;\"><span style=\"font-size: medium;\">Des actions citoyennes pour manger local dans le Sud de l&rsquo;Oise<\/span><\/span><\/span><\/strong><\/em><\/p>\n<p><a href=\"https:\/\/urgenci.net\/french\/wp-content\/uploads\/2015\/09\/01_Poster_Light.png\"><img loading=\"lazy\" decoding=\"async\" class=\"alignnone size-medium wp-image-5188\" src=\"https:\/\/urgenci.net\/french\/wp-content\/uploads\/2015\/09\/01_Poster_Light-200x300.png\" alt=\"01_Poster_Light\" width=\"200\" height=\"300\" srcset=\"https:\/\/urgenci.net\/french\/wp-content\/uploads\/2015\/09\/01_Poster_Light-200x300.png 200w, https:\/\/urgenci.net\/french\/wp-content\/uploads\/2015\/09\/01_Poster_Light-375x562.png 375w, https:\/\/urgenci.net\/french\/wp-content\/uploads\/2015\/09\/01_Poster_Light.png 497w\" sizes=\"auto, (max-width: 200px) 100vw, 200px\" \/><\/a><\/p>\n<p style=\"text-align: justify;\"><span style=\"color: #000000;\"><span style=\"font-family: Verdana, sans-serif;\"><span style=\"font-size: medium;\">Les <strong>Assises locales de l&rsquo;alimentation du Sud de l&rsquo;Oise<\/strong>\u00a0rassembleront des consommateurs, citoyens, paysans, \u00e9lus, entrepreneurs, acteurs des fili\u00e8res alimentaires, tous d\u00e9sireux de promouvoir une alimentation saine et de qualit\u00e9 pour tous.\u00a0<\/span><\/span><\/span><\/p>\n<ul>\n<li style=\"text-align: justify;\"><span style=\"color: #000000;\"><span style=\"font-family: Verdana, sans-serif;\"><span style=\"font-size: medium;\">Comment<strong>\u00a0orienter l&rsquo;agriculture locale\u00a0pour une alimentation locale<\/strong>\u00a0?<\/span><\/span><\/span><\/li>\n<li style=\"text-align: justify;\"><span style=\"color: #000000;\"><span style=\"font-family: Verdana, sans-serif;\"><span style=\"font-size: medium;\">Quel est le<strong> r\u00f4le du citoyen<\/strong> dans ses choix alimentaires\u00a0? Comment mieux manger sans d\u00e9penser plus\u00a0?<\/span><\/span><\/span><\/li>\n<li style=\"text-align: justify;\"><span style=\"color: #000000;\"><span style=\"font-family: Verdana, sans-serif;\"><span style=\"font-size: medium;\">La <strong>solidarit\u00e9 au service d&rsquo;une alimentation saine<\/strong>\u00a0: comment\u00a0?<\/span><\/span><\/span><\/li>\n<li style=\"text-align: justify;\"><span style=\"color: #000000;\"><span style=\"font-family: Verdana, sans-serif;\"><span style=\"font-size: medium;\">Comment <strong>agir sur les d\u00e9chets alimentaires<\/strong> en respectant l&rsquo;environnement\u00a0?<\/span><\/span><\/span><\/li>\n<\/ul>\n<p style=\"text-align: justify;\"><a href=\"https:\/\/urgenci.net\/french\/wp-content\/uploads\/2015\/09\/01_flyer_Recto.png\"><img loading=\"lazy\" decoding=\"async\" class=\"alignnone size-medium wp-image-5190\" src=\"https:\/\/urgenci.net\/french\/wp-content\/uploads\/2015\/09\/01_flyer_Recto-300x213.png\" alt=\"01_flyer_Recto\" width=\"300\" height=\"213\" srcset=\"https:\/\/urgenci.net\/french\/wp-content\/uploads\/2015\/09\/01_flyer_Recto-300x213.png 300w, https:\/\/urgenci.net\/french\/wp-content\/uploads\/2015\/09\/01_flyer_Recto-793x562.png 793w, https:\/\/urgenci.net\/french\/wp-content\/uploads\/2015\/09\/01_flyer_Recto-600x425.png 600w, https:\/\/urgenci.net\/french\/wp-content\/uploads\/2015\/09\/01_flyer_Recto.png 849w\" sizes=\"auto, (max-width: 300px) 100vw, 300px\" \/><\/a> <a href=\"https:\/\/urgenci.net\/french\/wp-content\/uploads\/2015\/09\/01_flyer_Verso.png\"><img loading=\"lazy\" decoding=\"async\" class=\"alignnone size-medium wp-image-5191\" src=\"https:\/\/urgenci.net\/french\/wp-content\/uploads\/2015\/09\/01_flyer_Verso-300x212.png\" alt=\"01_flyer_Verso\" width=\"300\" height=\"212\" srcset=\"https:\/\/urgenci.net\/french\/wp-content\/uploads\/2015\/09\/01_flyer_Verso-300x212.png 300w, https:\/\/urgenci.net\/french\/wp-content\/uploads\/2015\/09\/01_flyer_Verso-797x562.png 797w, https:\/\/urgenci.net\/french\/wp-content\/uploads\/2015\/09\/01_flyer_Verso-600x423.png 600w, https:\/\/urgenci.net\/french\/wp-content\/uploads\/2015\/09\/01_flyer_Verso.png 852w\" sizes=\"auto, (max-width: 300px) 100vw, 300px\" \/><\/a><\/p>\n<p style=\"text-align: justify;\"><span style=\"color: #000000;\"><span style=\"font-family: Verdana, sans-serif;\"><span style=\"font-size: medium;\">Tout au long de la journ\u00e9e, nous imaginerons ensemble comment notre territoire pourra, demain, nourrir sa population en lui offrant des produits locaux, de haute qualit\u00e9, respectueux de l&rsquo;environnement.<\/span><\/span><\/span><\/p>\n<p style=\"text-align: justify;\"><span style=\"color: #262626;\"><span style=\"font-family: Verdana, sans-serif;\"><span style=\"font-size: medium;\">Les \u00e9changes\u00a0seront ouverts dans la matin\u00e9e par <strong>Marie-Monique Robin<\/strong>, documentariste (Le Monde selon Monsanto, Moissons du Futur) et <strong>Marc Dufumier<\/strong>, professeur \u00e9merite \u00e0 AgroParisTech, qui d\u00e9battront des questions suivantes: quelles actions pour une souverainet\u00e9 alimentaire sur notre territoire? Quelle alimentation pour sauver le climat?\u00a0<\/span><\/span><\/span><\/p>\n<p style=\"text-align: justify;\"><span style=\"color: #000000;\"><span style=\"font-family: Verdana, sans-serif;\"><span style=\"font-size: medium;\">Lieu:\u00a0Sarcus Centre d\u2019Affaires et d\u2019innovation sociale\u00a09, rue Ronsard 60180 NOGENT-SUR-OISE<\/span><\/span><\/span><\/p>\n<p style=\"text-align: justify;\"><span style=\"color: #000000;\"><span style=\"font-family: Verdana, sans-serif;\"><span style=\"font-size: medium;\">Horaires: journ\u00e9e, 9h &#8211; 18h<\/span><\/span><\/span><\/p>\n<p style=\"text-align: justify;\"><span style=\"color: #000000;\"><span style=\"font-family: Verdana, sans-serif;\"><span style=\"font-size: medium;\">Organis\u00e9 par :URGENCI et Echanges pour une terre solidaire<\/span><\/span><\/span><\/p>\n<p style=\"text-align: justify;\"><strong><span style=\"color: #000000;\"><span style=\"font-family: Verdana, sans-serif;\"><span style=\"font-size: medium;\">Inscription:\u00a0<a href=\"http:\/\/bit.ly\/1hrnmuR\">http:\/\/bit.ly\/1hrnmuR<\/a><\/span><\/span><\/span><\/strong><\/p>\n<p style=\"text-align: justify;\"><span style=\"color: #000000;\"><span style=\"font-family: Verdana, sans-serif;\"><span style=\"font-size: medium;\">Renseignements par courriel <a href=\"mailto:assises.alimentation@sudoise.fr\"><u>assises.alimentation@sudoise.fr<\/u><\/a>\u00a0et par t\u00e9l\u00e9phone: 06 87 04 49 30<\/span><\/span><\/span><\/p>\n<p style=\"text-align: justify;\"><span style=\"font-family: Verdana, sans-serif;\"><span style=\"font-size: medium;\"><span style=\"color: #000000;\">N&rsquo;oubliez pas qu&rsquo;une Gratiferia aura lieu tout au long de la journ\u00e9e: <em>amenez ce que vous voulez ou rien du tout. Repartez avec ce qui vous pla\u00eet&#8230; ou rien du tout!<\/em><\/span><\/span><\/span><\/p>\n<p style=\"text-align: justify;\"><a href=\"https:\/\/urgenci.net\/french\/wp-content\/uploads\/2015\/09\/01_Poster_Programme.png\"><img loading=\"lazy\" decoding=\"async\" class=\"alignnone size-medium wp-image-5192\" src=\"https:\/\/urgenci.net\/french\/wp-content\/uploads\/2015\/09\/01_Poster_Programme-199x300.png\" alt=\"01_Poster_Programme\" width=\"199\" height=\"300\" srcset=\"https:\/\/urgenci.net\/french\/wp-content\/uploads\/2015\/09\/01_Poster_Programme-199x300.png 199w, https:\/\/urgenci.net\/french\/wp-content\/uploads\/2015\/09\/01_Poster_Programme-373x562.png 373w, https:\/\/urgenci.net\/french\/wp-content\/uploads\/2015\/09\/01_Poster_Programme.png 470w\" sizes=\"auto, (max-width: 199px) 100vw, 199px\" \/><\/a><\/p>\n","protected":false},"excerpt":{"rendered":"<p>Des actions citoyennes pour manger local dans le Sud de l&rsquo;Oise Les Assises locales de l&rsquo;alimentation du Sud de l&rsquo;Oise\u00a0rassembleront des consommateurs, citoyens, paysans, \u00e9lus, entrepreneurs, acteurs des fili\u00e8res alimentaires, tous d\u00e9sireux de promouvoir une alimentation saine et de qualit\u00e9 pour tous.\u00a0 Comment\u00a0orienter l&rsquo;agriculture locale\u00a0pour une alimentation locale\u00a0? Quel est le r\u00f4le du citoyen dans&#8230; <\/p>\n<div class=\"clear\"><\/div>\n<p><a href=\"https:\/\/urgenci.net\/french\/actions\/assises-locales-de-lalimentation\/\" class=\"excerpt-read-more\">Read More<\/a><\/p>\n","protected":false},"author":2,"featured_media":0,"parent":3594,"menu_order":0,"comment_status":"closed","ping_status":"closed","template":"","meta":{"footnotes":""},"class_list":["post-5152","page","type-page","status-publish","hentry"],"_links":{"self":[{"href":"https:\/\/urgenci.net\/french\/wp-json\/wp\/v2\/pages\/5152","targetHints":{"allow":["GET"]}}],"collection":[{"href":"https:\/\/urgenci.net\/french\/wp-json\/wp\/v2\/pages"}],"about":[{"href":"https:\/\/urgenci.net\/french\/wp-json\/wp\/v2\/types\/page"}],"author":[{"embeddable":true,"href":"https:\/\/urgenci.net\/french\/wp-json\/wp\/v2\/users\/2"}],"replies":[{"embeddable":true,"href":"https:\/\/urgenci.net\/french\/wp-json\/wp\/v2\/comments?post=5152"}],"version-history":[{"count":5,"href":"https:\/\/urgenci.net\/french\/wp-json\/wp\/v2\/pages\/5152\/revisions"}],"predecessor-version":[{"id":5196,"href":"https:\/\/urgenci.net\/french\/wp-json\/wp\/v2\/pages\/5152\/revisions\/5196"}],"up":[{"embeddable":true,"href":"https:\/\/urgenci.net\/french\/wp-json\/wp\/v2\/pages\/3594"}],"wp:attachment":[{"href":"https:\/\/urgenci.net\/french\/wp-json\/wp\/v2\/media?parent=5152"}],"curies":[{"name":"wp","href":"https:\/\/api.w.org\/{rel}","templated":true}]}}