{"id":5213,"date":"2016-05-04T09:51:27","date_gmt":"2016-05-04T07:51:27","guid":{"rendered":"http:\/\/urgenci.net\/french\/?page_id=5213"},"modified":"2016-07-08T09:37:52","modified_gmt":"2016-07-08T07:37:52","slug":"film-danimation-be-part-of-csa","status":"publish","type":"page","link":"https:\/\/urgenci.net\/french\/actions\/be-part-of-csa\/film-danimation-be-part-of-csa\/","title":{"rendered":"Film d&rsquo;animation \u00ab\u00a0Be part of CSA!\u00a0\u00bb"},"content":{"rendered":"<p>Dans le cadre du partenariat <strong>\u00ab\u00a0Be part of CSA!\u00a0\u00bb<\/strong>, nous avons r\u00e9alis\u00e9 un film d&rsquo;animation -en anglais, sous-titr\u00e9 en fran\u00e7ais, sur les partenariats locaux et solidaires, l&rsquo;agriculture soutenue par la communaut\u00e9.<\/p>\n<p>Nous publierons bient\u00f4t d&rsquo;autres outils pour promouvoir les CSA, dont la brochure p\u00e9dagogique reprenant les 4 modules de formation et un manuel \u00e0 destination des formateurs en CSA.<\/p>\n<p><iframe loading=\"lazy\" src=\"https:\/\/www.youtube.com\/embed\/LkKiwupEGiI\" width=\"853\" height=\"480\" frameborder=\"0\" allowfullscreen=\"allowfullscreen\"><\/iframe><\/p>\n<p><em>L\u2019agriculture soutenue par la communaut\u00e9, ainsi que d\u2019autres initiatives, cherchent \u00e0 raccourcir les fili\u00e8res alimentaires et \u00e0 restaurer la connexion entre le producteur et le consommateur, en recr\u00e9ant du lien autour de l\u2019alimentation<a href=\"#_edn1\" name=\"_ednref1\"><\/a>.<\/em><\/p>\n<p><em>C&rsquo;est un partenariat entre un producteur ou une productrice et des personnes vivant \u00e0 proximit\u00e9, qui consomment les aliments qu\u2019il ou elle produit. L\u2019essence de cette relation repose sur un engagement mutuel\u00a0: la ferme nourrit les personnes, qui, \u00e0 leur tour, lui apportent son soutien, en partageant les risques et les avantages inh\u00e9rents \u00e0 l\u2019activit\u00e9 agricole. En effet, l\u2019agriculture soutenue par la communaut\u00e9 constitue un mod\u00e8le novateur de production et de distribution d\u2019aliments.<\/em><\/p>\n","protected":false},"excerpt":{"rendered":"<p>Dans le cadre du partenariat \u00ab\u00a0Be part of CSA!\u00a0\u00bb, nous avons r\u00e9alis\u00e9 un film d&rsquo;animation -en anglais, sous-titr\u00e9 en fran\u00e7ais, sur les partenariats locaux et solidaires, l&rsquo;agriculture soutenue par la communaut\u00e9. Nous publierons bient\u00f4t d&rsquo;autres outils pour promouvoir les CSA, dont la brochure p\u00e9dagogique reprenant les 4 modules de formation et un manuel \u00e0 destination&#8230; <\/p>\n<div class=\"clear\"><\/div>\n<p><a href=\"https:\/\/urgenci.net\/french\/actions\/be-part-of-csa\/film-danimation-be-part-of-csa\/\" class=\"excerpt-read-more\">Read More<\/a><\/p>\n","protected":false},"author":3,"featured_media":0,"parent":3598,"menu_order":0,"comment_status":"closed","ping_status":"closed","template":"","meta":{"footnotes":""},"class_list":["post-5213","page","type-page","status-publish","hentry"],"_links":{"self":[{"href":"https:\/\/urgenci.net\/french\/wp-json\/wp\/v2\/pages\/5213","targetHints":{"allow":["GET"]}}],"collection":[{"href":"https:\/\/urgenci.net\/french\/wp-json\/wp\/v2\/pages"}],"about":[{"href":"https:\/\/urgenci.net\/french\/wp-json\/wp\/v2\/types\/page"}],"author":[{"embeddable":true,"href":"https:\/\/urgenci.net\/french\/wp-json\/wp\/v2\/users\/3"}],"replies":[{"embeddable":true,"href":"https:\/\/urgenci.net\/french\/wp-json\/wp\/v2\/comments?post=5213"}],"version-history":[{"count":5,"href":"https:\/\/urgenci.net\/french\/wp-json\/wp\/v2\/pages\/5213\/revisions"}],"predecessor-version":[{"id":5236,"href":"https:\/\/urgenci.net\/french\/wp-json\/wp\/v2\/pages\/5213\/revisions\/5236"}],"up":[{"embeddable":true,"href":"https:\/\/urgenci.net\/french\/wp-json\/wp\/v2\/pages\/3598"}],"wp:attachment":[{"href":"https:\/\/urgenci.net\/french\/wp-json\/wp\/v2\/media?parent=5213"}],"curies":[{"name":"wp","href":"https:\/\/api.w.org\/{rel}","templated":true}]}}