{"id":5278,"date":"2016-07-06T11:15:59","date_gmt":"2016-07-06T09:15:59","guid":{"rendered":"http:\/\/urgenci.net\/french\/?page_id=5278"},"modified":"2016-10-11T14:34:40","modified_gmt":"2016-10-11T12:34:40","slug":"le-projet-mediterraneen-des-pls","status":"publish","type":"page","link":"https:\/\/urgenci.net\/french\/actions\/le-projet-mediterraneen-des-pls\/","title":{"rendered":"Le projet m\u00e9diterran\u00e9en des PLSA"},"content":{"rendered":"<h1><strong><span style=\"color: #a0c750;\">Pr\u00e9sentation du projet <\/span><\/strong><strong><em>&lt;Vers un r\u00e9seau m\u00e9diterran\u00e9en des Partenariats Locaux et Solidaires Agro\u00e9cologiques<\/em><\/strong><strong>&gt;<\/strong><\/h1>\n<p><strong>&gt; Cadre g\u00e9n\u00e9ral\u00a0: Historique du projet m\u00e9diterran\u00e9en<\/strong><\/p>\n<p>Le r\u00e9seau Urgenci se construit depuis 2004 comme un r\u00e9seau international d&rsquo;acteurs de terrain, citoyens, producteurs et consom\u2019acteurs, porteurs de cette approche \u00e9conomique alternative que sont les <strong>Partenariats Locaux et Solidaires<\/strong> entre producteurs et consommateurs (PLS).\u00a0Qu\u2019on les appelle <em>Community Supported Agriculture <\/em>(CSA) aux Etats-Unis, au Royaume-Uni, et en Chine, <em> Agriculture Soutenue par la Communaut\u00e9 au Qu\u00e9bec<\/em>, <em>Teikei<\/em> au Japon, Solidarischelandwirtschaft en Allemagne et Autriche ou <em>Association pour le Maintien de l\u2019Agriculture Paysanne<\/em> (AMAP) en France, ces partenariats reposent tous sur un contrat entre un ou plusieurs paysan-s et un groupe de consommateurs, qui permet aux uns de vivre dignement et aux autres de manger des aliments dont ils savent qu\u2019ils sont frais et de qualit\u00e9. <strong>Les PLS sont un outil pour construire une plus grande solidarit\u00e9 entre les communaut\u00e9s urbaines et rurales; ils\u00a0constituent des solutions locales aux probl\u00e8mes communs<\/strong> auxquels sont confront\u00e9s paysans et mangeurs du monde entier. En effet, les paysans endossent trop souvent seuls les risques d\u2019un\u00a0march\u00e9 agricole mondialis\u00e9 et financiaris\u00e9 qui force des millions de paysans vers l\u2019exode rurale, l\u2019injustice sociale et une crise alimentaire.<\/p>\n<p><img loading=\"lazy\" decoding=\"async\" class=\"size-medium wp-image-5282 alignright\" src=\"https:\/\/urgenci.net\/french\/wp-content\/uploads\/2016\/07\/me\u0301diterrane\u0301e-203x300-203x300.jpg\" alt=\"me\u0301diterrane\u0301e-203x300\" width=\"203\" height=\"300\" \/><\/p>\n<p>Les consommateurs se trouvent de plus en plus priv\u00e9s du choix de \u00ab\u00a0manger local\u00a0\u00bb,\u00a0avec l\u2019installation massive de la grande distribution et l\u2019importation d\u2019aliments trop souvent hautement transform\u00e9s. Or la r\u00e9alit\u00e9 est que la vaste majorit\u00e9 des r\u00e9gions du monde peuvent nourrir la population locale. Il s\u2019agit d\u2019instaurer une approche locale de souverainet\u00e9 alimentaire qui le permet.\u00a0Les PLS offrent des alternatives encourageantes \u00e0 un tel choix; ils sont le seul mod\u00e8le de l&rsquo;agriculture dans lequelles consommateurs s\u2019engagent consciemment \u00e0 partager les risques et les avantages d\u2019une agriculture agro\u00e9cologique avec les paysans.<\/p>\n<p>Un des objectifs cl\u00e9s du r\u00e9seau international Urgenci est de rep\u00e9rer les nombreuses exp\u00e9riences de PLS de par le monde, et de les faire dialoguer afin d\u2019aider \u00e0 promouvoir le plus largement possible ce type de partenariat comme une des solutions efficaces aux d\u00e9r\u00e8glements des\u00a0march\u00e9s mondiaux de production et de distribution alimentaires. Ce faisant, il entend <strong>participer aux efforts men\u00e9s par de nombreuses organisations de la soci\u00e9t\u00e9 civile pour instaurer la souverainet\u00e9 alimentaire et l\u2019\u00e9conomie solidaire, deux des piliers principaux de l\u2019agro\u00e9cologie.<\/strong><\/p>\n<p style=\"text-align: right;\"><em><strong>M\u00e9diterran\u00e9e sans fronti\u00e8res, Sabine R\u00e9thor\u00e9, 2011.<\/strong><\/em><\/p>\n<p>Urgenci m\u00e8ne de nombreuses actions de plaidoyer visant \u00e0 mettre en lumi\u00e8re le r\u00f4le important que peut jouer l\u2019alliance forte des producteurs et des consommateurs et des PLS. Depuis 2012, le r\u00e9seau participe au M\u00e9canisme de la Soci\u00e9t\u00e9 Civile\u00a0(MSC) du Comit\u00e9 de la S\u00e9curit\u00e9 Alimentaire de la FAO o\u00f9<br \/>\nil repr\u00e9sente le secteur des consommateurs. Les membres travaillent aussi avec leurs alli\u00e9s au sein du Comit\u00e9 International de Planification pour la Souverainet\u00e9 Alimentaire (IPC) qui regroupe de nombreux mouvements sociaux.<\/p>\n<p><img loading=\"lazy\" decoding=\"async\" class=\"size-medium wp-image-5284 alignleft\" src=\"https:\/\/urgenci.net\/french\/wp-content\/uploads\/2016\/07\/UR_Med-2-300x200-300x200.png\" alt=\"UR_Med-2-300x200\" width=\"300\" height=\"200\" \/>La FAO a r\u00e9cemment propos\u00e9 \u00e0 Urgenci d&rsquo;apporter son soutien \u00e0\u00a0un projet pilote visant \u00e0 \u00ab\u00a0<strong><em>promouvoir les \u00e9changes de bonnes pratiques entre syst\u00e8mes<\/em><em> alternatifs de production et de distribution alimentaire et participer au renforcement des initiatives des citoyens ruraux et urbains qui visent \u00e0 mettre en place des syst\u00e8mes de distribution alimentaire durables dans le bassin m\u00e9diterran\u00e9en<\/em>.<\/strong>\u00bb\u00a0C\u2019est pour le r\u00e9seau une grande chance car, si Urgenci est pr\u00e9sent sur les cinq continents, et tr\u00e8s actif dans certaines r\u00e9gions (notamment l\u2019Europe et l\u2019Asie), le d\u00e9fi est maintenant de renforcer la dynamique des PLS l\u00e0 o\u00f9 elle est encore peu pr\u00e9sente. Cela correspond aussi \u00e0 la possibilit\u00e9 d\u2019augmenter la s\u00e9curit\u00e9 alimentaire dans des r\u00e9gions et pays cibles de la FAO.<\/p>\n<p><strong>&gt; Pourquoi la r\u00e9gion m\u00e9diterran\u00e9enne\u00a0?<\/strong><\/p>\n<p>Suite \u00e0 la sollicitation de la R\u00e9gion Provence-Alpes-C\u00f4te d\u2019Azur de participer \u00e0 la premi\u00e8re <strong>MedCOP21\u00a0\u00e0 Marseille en juin 2015<\/strong>, Urgenci &#8211; gr\u00e2ce \u00e0 l\u2019implication forte de trois de ses partenaires\u00a0: Les AMAP de Provence, r\u00e9seau r\u00e9gional du Miramap (France), les Swani Tiqa (Maroc) et les GAS (Italie) \u2013 s\u2019est mobilis\u00e9 pour \u00eatre pr\u00e9sent\u00a0: <strong>la lutte contre le changement climatique est naturellement une finalit\u00e9 des PLS, fond\u00e9s sur la coop\u00e9ration et l&rsquo;harmonie avec la nature\u00a0<\/strong>(agriculture \u00e0 faible impact, sans utilisation d\u2019intrants chimiques coupl\u00e9 avec une distribution locale avec un minimum d\u2019emballages).<\/p>\n<p>En participant au mouvement de relocalisation de l&rsquo;\u00e9conomie, les PLS soutiennent le maintien et le d\u00e9veloppement de l\u2019agro\u00e9cologie \u00e0 travers l\u2019agriculture paysanne et la relation \u00e9troite avec les consommateurs locaux. Il contribue aussi largement \u00e0 une plus grande biodiversit\u00e9, dans l\u2019int\u00e9r\u00eat des g\u00e9n\u00e9rations futures.<\/p>\n<p>A cette occasion, Urgenci s\u2019est engag\u00e9 \u00e0 renforcer ses partenariats avec\u00a0<span style=\"line-height: 1.5;\">les initiatives du pourtour de la M\u00e9diterran\u00e9e<\/span><span style=\"line-height: 1.5;\">\u00a0et \u00e0 mettre en place des \u00e9changes d\u2019exp\u00e9riences et de pratiques, pour aboutir, \u00e0 terme \u00e0 la cr\u00e9ation d\u2019un r\u00e9seau m\u00e9diterran\u00e9en des PLS. Notre proposition figure au c\u0153ur de l\u2019Agenda Positif m\u00e9diterran\u00e9en, comme une des solutions \u00e0 <\/span><em style=\"line-height: 1.5;\">l\u2019enjeu n\u00b05\u00a0: <strong>Renforcer la solidarit\u00e9 pour des villes et des territoires durables.<\/strong><\/em><\/p>\n<p>L\u2019obtention de fonds, gr\u00e2ce \u00e0 la signature fin novembre 2015 d\u2019une lettre d\u2019accord avec la FAO, a rendu possible la tenue d\u2019une <strong>premi\u00e8re r\u00e9union exploratoire \u00e0 Paris le 7 d\u00e9cembre 2015<\/strong>, en marge de la COP21, entre Urgenci, le R\u00e9seau des Initiatives Agro\u00e9cologiques au Maroc, le p\u00f4le \u00ab\u00a0Pourtour m\u00e9diterran\u00e9en\u00a0\u00bb de Terre &amp; Humanisme et Les AMAP de Provence.\u00a0<strong>\u00a0<\/strong><br \/>\n<img loading=\"lazy\" decoding=\"async\" class=\"size-medium wp-image-5281 alignleft\" src=\"https:\/\/urgenci.net\/french\/wp-content\/uploads\/2016\/07\/Terre-et-Humanisme-300x116-300x116.png\" alt=\"Terre-et-Humanisme-300x116\" width=\"300\" height=\"116\" \/>L&rsquo;association Terre &amp; Humanisme, au nom de son p\u00f4le Solidarit\u00e9 Internationale et \u00e0 travers son action dans le pourtour m\u00e9diterran\u00e9en, porte ce partenariat avec le r\u00e9seau Urgenci dans le cadre de ses objectifs g\u00e9n\u00e9raux que sont \u00ab\u00a0la relocalisation de l&rsquo;\u00e9conomie \u00e0 l&rsquo;\u00e9chelle des bassins de vie et l&rsquo;\u00e9quit\u00e9 dans les \u00e9changes\u00a0\u00bb.<\/p>\n<p>Le mod\u00e8le AMAP en particulier, et les circuits courts en g\u00e9n\u00e9ral, sont des alternatives que Terre &amp; Humanisme promeut. Depuis de nombreuses ann\u00e9es, l&rsquo;association Terre &amp; Humanisme soutient des jardins agro\u00e9cologiques et plusieurs initiatives de type AMAP, port\u00e9es par ses partenaires au Maroc et au Burkina Faso.\u00a0Aussi Terre &amp; Humanisme, en lien avec plusieurs acteurs de l&rsquo;agro\u00e9cologie du pourtour m\u00e9diterran\u00e9en, souhaite favoriser toutes initiatives de nature \u00e0 renforcer les liens, les \u00e9changes, les synergies et la capitalisation d&rsquo;exp\u00e9riences entre les acteurs locaux.<\/p>\n<p><strong>Terre &amp; Humanisme participe \u00e0 l&rsquo;\u00e9mergence de ce r\u00e9seau m\u00e9diterran\u00e9en des partenariats locaux et solidaires agro\u00e9cologiques (PLSA), projet pilote men\u00e9 par Urgenci, dans un cadre favorable au \u00ab\u00a0d\u00e9veloppement d&rsquo;une agriculture paysanne agro\u00e9cologique, respectueuse de l&rsquo;Humain et de l&rsquo;Environnement\u00a0\u00bb dont \u00a0la promotion et la diffusion sont au c\u0153ur des missions de Terre &amp; Humanisme.<\/strong><\/p>\n<p><strong>\u00a0<\/strong><a href=\"http:\/\/riam.ma\/fr\/index\">Le R\u00e9seau des Initiatives Agro\u00e9cologiques au Maroc (RIAM)<\/a> a pour objectifs statutaires de c<img loading=\"lazy\" decoding=\"async\" class=\"size-medium wp-image-5280 alignright\" src=\"https:\/\/urgenci.net\/french\/wp-content\/uploads\/2016\/07\/RIAM.png\" alt=\"RIAM\" width=\"228\" height=\"142\" \/>onstituer et d\u2019animer un r\u00e9seau en cr\u00e9ant des liens de communication et de collaboration, de soutenir les initiatives agro\u00e9cologiques et permacoles au Maroc, d\u2019organiser des rencontres entre les acteurs agro\u00e9cologistes et permaculteurs, de sensibiliser la soci\u00e9t\u00e9 civile dans son ensemble, tant la population rurale qu\u2019urbaine, de d\u00e9velopper le plaidoyer pour une approche \u00e9thique et globale de la transition \u00e9cologique, enfin, de tisser des liens de coop\u00e9ration et de collaboration au niveau national et international.<\/p>\n<p><strong>Le RIAM, en lien avec Urgenci par l\u2019un de ses membres les Swani Tiqa, au c\u0153ur de plusieurs intentions de mise en r\u00e9seau, et m\u00fb par une volont\u00e9 de dynamique collaborative \u00e9conome et efficace, s\u2019est engag\u00e9 \u00e0 participer au projet-pilote \u00ab\u00a0Vers un r\u00e9seau m\u00e9diterran\u00e9en des PLS\u00a0\u00bb port\u00e9 par Urgenci. Les MedCop 22 et COP 22 qui se tiendront au Maroc en 2016 constituent pour le RIAM une opportunit\u00e9 in\u00e9gal\u00e9e de mettre en lien les acteurs multiples au Maroc, autour de la M\u00e9diterran\u00e9e et dans le monde\u00a0; de construire des partenriats singuliers favorisant les synergies coop\u00e9ratives Nord\/Sud et Sud\/Sud comme dynamique et force de changement positif pour l\u2019humanit\u00e9 et la plan\u00e8te, notamment dans le cadre de la souverainet\u00e9 et de la s\u00e9curit\u00e9 alimentaire.<\/strong><strong>\u00a0<\/strong><\/p>\n<p><img loading=\"lazy\" decoding=\"async\" class=\"size-medium wp-image-5279 alignleft\" src=\"https:\/\/urgenci.net\/french\/wp-content\/uploads\/2016\/07\/AMAP-Provence-300x102-300x102.png\" alt=\"AMAP-Provence-300x102\" width=\"300\" height=\"102\" \/>L&rsquo;association <em>Alliance Provence<\/em> (devenue au 14 novembre 2014 <em><a href=\"http:\/\/www.lesamapdeprovence.org\/\"><strong>Les AMAP de Provence<\/strong>,<\/a> r\u00e9seau r\u00e9gional du Miramap<\/em>) a \u00e9t\u00e9 cr\u00e9\u00e9e en Provence en 2001 dans l&rsquo;\u00e9lan de la cr\u00e9ation de la premi\u00e8re AMAP (Association pour le Maintien d&rsquo;une Agriculture Paysanne) en France. L&rsquo;objectif \u00e9tait de permettre l&rsquo;essaimage de ce mod\u00e8le en R\u00e9gion PACA et \u00e0 plus grande envergure. Les AMAP ont connu un succ\u00e8s et un essor important depuis et ce syst\u00e8me reste pr\u00e9pond\u00e9rant dans l&rsquo;engagement citoyen pour soutenir une agriculture paysanne et bio de proximit\u00e9 de dimension \u00e9conomiquement viable, socialement \u00e9quitable et respectueuse des humains, des animaux et de l&rsquo;environnement.\u00a0La R\u00e9gion PACA, partenaire financier historique du r\u00e9seau r\u00e9gional <em>Les AMAP de Provence<\/em>, a sollicit\u00e9 l&rsquo;association pour faire participer en juin dernier les initiatives locales et solidaires sur le pourtour m\u00e9diterran\u00e9en qui sont reconnues comme \u00e9tant des solutions contre le r\u00e9chauffement climatique. C&rsquo;est ainsi qu&rsquo;un r\u00e9seau de GAS italien et que le r\u00e9seau RIAM repr\u00e9sent\u00e9 par les Swani Tiqa ont rejoint <em>Les AMAP de Provence<\/em> lors de la MedCop21 en juin 2015.<\/p>\n<p><strong>Aujourd&rsquo;hui, il appara\u00eet \u00e9vident au r\u00e9seau <em>Les AMAP de Provence<\/em> de participer \u00e0 ce projet-pilote de cr\u00e9ation d&rsquo;un r\u00e9seau m\u00e9diterran\u00e9en des PLS men\u00e9 par Urgenci et d&rsquo;apporter leur soutien \u00e0 ce projet en accueillant la premi\u00e8re rencontre des acteurs du pourtour m\u00e9diterran\u00e9en.<\/strong><\/p>\n<p>&nbsp;<\/p>\n<p>&nbsp;<\/p>\n<p><a href=\"#_ftnref1\" name=\"_ftn1\">[1]<\/a>Le MSC a \u00e9t\u00e9 cr\u00e9\u00e9 par la FAO lors du processus de r\u00e9forme du Comit\u00e9 de la s\u00e9curit\u00e9 alimentaire mondiale (CSA) des Nations Unies en 2009. Son objectif est de<em> faciliter la participation de la soci\u00e9t\u00e9 civile dans l\u2019\u00e9laboration de politiques en mati\u00e8re d\u2019agriculture, de s\u00e9curit\u00e9 alimentaire et de nutrition, \u00e0 l\u2019\u00e9chelon national, r\u00e9gional et mondial, dans le cadre des activit\u00e9s du Comit\u00e9 de la s\u00e9curit\u00e9 alimentaire mondiale.<\/em><\/p>\n<p><a href=\"#_ftnref3\" name=\"_ftn3\">[3]<\/a> Ev\u00e9nement destin\u00e9 \u00e0 rassembler les acteurs m\u00e9diterran\u00e9ens en amont de la COP21 pour construire un Agenda Positif des solutions au changement climatique. La prochaine aura lieu en mai 2016 \u00e0 Tanger au Maroc.<\/p>\n<p><a href=\"#_ftnref4\" name=\"_ftn4\">[4]<\/a> L&rsquo;action d&rsquo;URGENCI en direction du bassin m\u00e9diterran\u00e9en a eu pour l\u2019instant trois r\u00e9sultats concrets\u00a0:<\/p>\n<ul>\n<li>D\u2019abord, elle a conduit \u00e0 la naissance d\u2019exp\u00e9riences-pilote dans plusieurs pays (depuis 2099, des Partenariats locaux et solidaires au Maroc (Swani Tiqa= Jardins mara\u00eechers de confiance)\u00a0: un r\u00e9seau de 15 partenariats locaux et solidaires, impliquant 9 fermes et un millier de consommateurs en Croatie depuis 2012\u00a0; des initiatives de syst\u00e8mes alimentaires locaux en Gr\u00e8ce, notamment avec le durcissement de la crise.)<\/li>\n<li>Ensuite, des mouvements naissants se consolident et s\u2019ins\u00e8rent dans la dynamique de mise en r\u00e9seau. En octobre 2014, une conf\u00e9rence organis\u00e9e dans le cadre du Congr\u00e8s mondial bio de la F\u00e9d\u00e9ration Internationale des Mouvements de l\u2019Agriculture Biologique (IFOAM) \u00e0 Istanbul avec nos partenaires, a rassembl\u00e9 175 participants et mis en lumi\u00e8re l&rsquo;action d&rsquo;une ONG turque pour favoriser la mise en r\u00e9seau de partenariats locaux et solidaires, au nombre de plusieurs dizaines. Depuis 2011, les Swani Tiqa ont d\u00e9j\u00e0 \u00e9chang\u00e9 avec des acteurs en Tunisie et en Egypte.<\/li>\n<li>Enfin, l&rsquo;action d&rsquo;URGENCI a conduit au renforcement des r\u00e9seaux constitu\u00e9s dans les pays o\u00f9 le mouvement est pr\u00e9sent depuis longtemps\u00a0(en France et en Italie notamment o\u00f9 Associations pour le Maintien de l\u2019Agriculture Paysanne \u2013 AMAP et Groupes d\u2019Achat Solidaires \u2013 GAS sont structur\u00e9s en r\u00e9seaux r\u00e9gionaux et inter-r\u00e9gionaux\u00a0; et en Espagne.)<\/li>\n<\/ul>\n<p>&nbsp;<\/p>\n","protected":false},"excerpt":{"rendered":"<p>Pr\u00e9sentation du projet &lt;Vers un r\u00e9seau m\u00e9diterran\u00e9en des Partenariats Locaux et Solidaires Agro\u00e9cologiques&gt; &gt; Cadre g\u00e9n\u00e9ral\u00a0: Historique du projet m\u00e9diterran\u00e9en Le r\u00e9seau Urgenci se construit depuis 2004 comme un r\u00e9seau international d&rsquo;acteurs de terrain, citoyens, producteurs et consom\u2019acteurs, porteurs de cette approche \u00e9conomique alternative que sont les Partenariats Locaux et Solidaires entre producteurs et consommateurs&#8230; <\/p>\n<div class=\"clear\"><\/div>\n<p><a href=\"https:\/\/urgenci.net\/french\/actions\/le-projet-mediterraneen-des-pls\/\" class=\"excerpt-read-more\">Read More<\/a><\/p>\n","protected":false},"author":3,"featured_media":0,"parent":3594,"menu_order":0,"comment_status":"closed","ping_status":"closed","template":"","meta":{"footnotes":""},"class_list":["post-5278","page","type-page","status-publish","hentry"],"_links":{"self":[{"href":"https:\/\/urgenci.net\/french\/wp-json\/wp\/v2\/pages\/5278","targetHints":{"allow":["GET"]}}],"collection":[{"href":"https:\/\/urgenci.net\/french\/wp-json\/wp\/v2\/pages"}],"about":[{"href":"https:\/\/urgenci.net\/french\/wp-json\/wp\/v2\/types\/page"}],"author":[{"embeddable":true,"href":"https:\/\/urgenci.net\/french\/wp-json\/wp\/v2\/users\/3"}],"replies":[{"embeddable":true,"href":"https:\/\/urgenci.net\/french\/wp-json\/wp\/v2\/comments?post=5278"}],"version-history":[{"count":5,"href":"https:\/\/urgenci.net\/french\/wp-json\/wp\/v2\/pages\/5278\/revisions"}],"predecessor-version":[{"id":5396,"href":"https:\/\/urgenci.net\/french\/wp-json\/wp\/v2\/pages\/5278\/revisions\/5396"}],"up":[{"embeddable":true,"href":"https:\/\/urgenci.net\/french\/wp-json\/wp\/v2\/pages\/3594"}],"wp:attachment":[{"href":"https:\/\/urgenci.net\/french\/wp-json\/wp\/v2\/media?parent=5278"}],"curies":[{"name":"wp","href":"https:\/\/api.w.org\/{rel}","templated":true}]}}