{"id":5292,"date":"2016-07-06T15:36:25","date_gmt":"2016-07-06T13:36:25","guid":{"rendered":"http:\/\/urgenci.net\/french\/?page_id=5292"},"modified":"2016-07-06T16:07:15","modified_gmt":"2016-07-06T14:07:15","slug":"premiere-rencontre-dechange-dexperiences-marseille-mars-2016","status":"publish","type":"page","link":"https:\/\/urgenci.net\/french\/actions\/le-projet-mediterraneen-des-pls\/premiere-rencontre-dechange-dexperiences-marseille-mars-2016\/","title":{"rendered":"Premi\u00e8re rencontre d\u2019\u00e9change d\u2019exp\u00e9riences, Marseille, mars 2016"},"content":{"rendered":"<p><strong>Une\u00a0premi\u00e8re rencontre d\u2019\u00e9change d\u2019exp\u00e9riences s&rsquo;est tenue\u00a0en Provence, du 29 f\u00e9vrier au 2 mars 2015, \u00e0 Marseille, avec des intervenant-e-s de 12 pays des deux rives m\u00e9diterran\u00e9ennes: Maroc, Alg\u00e9rie, Tunisie, Egypte, Palestine, Liban, Turquie, R\u00e9publique de Mac\u00e9doine, Gr\u00e8ce, Croatie, France et Espagne.<\/strong><\/p>\n<p>Notre id\u00e9e \u00e9tait d\u2019inviter \u00e0 la fois des acteurs de terrain, porteurs de projet f\u00e9d\u00e9rateurs sur leurs territoires, et des experts \u00e0 m\u00eame de d\u00e9crypter la situation en M\u00e9diterran\u00e9e concernant l\u2019\u00e9tat d\u2019avancement des initiatives agro\u00e9cologiques et des partenariats locaux et solidaires entre producteurs et consommateurs.<\/p>\n<p>Voici le d\u00e9roul\u00e9 de\u00a0ces Rencontres sur trois jours\u00a0:<\/p>\n<ul>\n<li><strong>1<sup>er<\/sup> jour\u00a0: Visites de ferme<\/strong>, \u00e0 la rencontre de paysans en AMAP et d\u2019Amapiens de Provence: \u00e0 la ferme de J\u00e9r\u00f4me Laplane \u00e0 Roquevaire, puis de Marie-H\u00e9l\u00e9ne di Ruzza \u00e0 la Destrousse<\/li>\n<\/ul>\n<p><img loading=\"lazy\" decoding=\"async\" class=\"size-medium wp-image-5301 alignleft\" style=\"line-height: 1.5;\" src=\"https:\/\/urgenci.net\/french\/wp-content\/uploads\/2016\/07\/UR_Med-je\u0301ro\u0302me-300x197-300x197.png\" alt=\"UR_Med-je\u0301ro\u0302me-300x197\" width=\"300\" height=\"197\" \/><img loading=\"lazy\" decoding=\"async\" class=\"size-medium wp-image-5300 alignright\" src=\"https:\/\/urgenci.net\/french\/wp-content\/uploads\/2016\/07\/M-H-Di-Ruzza-300x140-300x140.jpg\" alt=\"M-H-Di-Ruzza-300x140\" width=\"300\" height=\"140\" \/><img loading=\"lazy\" decoding=\"async\" class=\"alignnone wp-image-5299\" src=\"https:\/\/urgenci.net\/french\/wp-content\/uploads\/2016\/07\/AMAP-Monde-300x225-300x225.png\" alt=\"AMAP-Monde-300x225\" width=\"187\" height=\"140\" \/> puis lors d&rsquo;une soir\u00e9e au caf\u00e9 associatif l&rsquo;Equitable avec distribution de l&rsquo; AMAP Monde et l&rsquo;intervention de Victorien Barbet, doctorant au GREQAM sur les facteurs de r\u00e9ussite en AMAP suivi d&rsquo;une discussion avec les participants.<\/p>\n<ul>\n<li><img loading=\"lazy\" decoding=\"async\" class=\"size-medium wp-image-5298 alignleft\" src=\"https:\/\/urgenci.net\/french\/wp-content\/uploads\/2016\/07\/UR_Med-CSA-map.jpg-300x226.png\" alt=\"UR_Med CSA map.jpg\" width=\"300\" height=\"226\" srcset=\"https:\/\/urgenci.net\/french\/wp-content\/uploads\/2016\/07\/UR_Med-CSA-map.jpg-300x226.png 300w, https:\/\/urgenci.net\/french\/wp-content\/uploads\/2016\/07\/UR_Med-CSA-map.jpg-600x451.png 600w, https:\/\/urgenci.net\/french\/wp-content\/uploads\/2016\/07\/UR_Med-CSA-map.jpg-400x300.png 400w, https:\/\/urgenci.net\/french\/wp-content\/uploads\/2016\/07\/UR_Med-CSA-map.jpg.png 690w\" sizes=\"auto, (max-width: 300px) 100vw, 300px\" \/><strong>2<sup>\u00e8me<\/sup> jour\u00a0: R\u00e9union de travail pour mieux conna\u00eetre les exp\u00e9riences de chacun, partager les premiers r\u00e9sultats d\u2019une cartographie des initiatives<\/strong> qui ont retenu notre attention en M\u00e9diterran\u00e9e et s\u2019accorder sur des \u00e9l\u00e9ments de compr\u00e9hension sur les diff\u00e9rents \u00ab\u00a0PLS\u00a0\u00bb en M\u00e9diterran\u00e9e.<\/li>\n<\/ul>\n<p>Une <a href=\"http:\/\/urgenci.net\/wp-content\/uploads\/2016\/03\/UR_Med-MAPPING_RESULTS-0416.pdf\"><strong>premi\u00e8re cartographie et analyse des PLSA en M\u00e9diterran\u00e9e<\/strong><\/a>\u00a0a \u00e9t\u00e9 r\u00e9dig\u00e9e en anglais. Nous esp\u00e9rons disposer\u00a0bient\u00f4t de la version fran\u00e7aise.<\/p>\n<ul>\n<li>3<sup>\u00e8me<\/sup> jour\u00a0: <strong>Poursuivre la r\u00e9flexion prospective sur un futur r\u00e9seau des PLS de M\u00e9diterran\u00e9e<\/strong> et engager un premier diagnostic\u00a0partag\u00e9: comment poursuivre nos travaux\u00a0?<\/li>\n<\/ul>\n<p>Nous avons commenc\u00e9 \u00e0 construire un plan strat\u00e9gique pour l&rsquo;avenir, avec comme question cl\u00e9, celle de savoir comment d\u00e9velopper un projet commun?<\/p>\n<ol>\n<li><strong>Quel objectif commun?<\/strong><\/li>\n<li><strong>Que devons-nous faire pour atteindre cet objectif?<\/strong><\/li>\n<\/ol>\n<p>Nous avons commenc\u00e9 nos discussions en partant des trois m\u00eames principes fondamentaux que nous avions d&rsquo;abord identifi\u00e9s: Agro\u00e9cologie, Solidarit\u00e9 entre producteurs et consommateurs, Souverainet\u00e9 alimentaire\u00a0; mais nous avons finalement abouti \u00e0 des conclusions l\u00e9g\u00e8rement diff\u00e9rentes:<\/p>\n<h1><img loading=\"lazy\" decoding=\"async\" class=\"size-medium wp-image-5295 alignleft\" src=\"https:\/\/urgenci.net\/french\/wp-content\/uploads\/2016\/07\/committed-actors-300x198.png\" alt=\"committed actors\" width=\"300\" height=\"198\" srcset=\"https:\/\/urgenci.net\/french\/wp-content\/uploads\/2016\/07\/committed-actors-300x198.png 300w, https:\/\/urgenci.net\/french\/wp-content\/uploads\/2016\/07\/committed-actors.png 378w\" sizes=\"auto, (max-width: 300px) 100vw, 300px\" \/><span style=\"text-decoration: underline;\"><strong>1. Des acteurs engag\u00e9s\u00a0:<\/strong><\/span><\/p>\n<ul><\/h1>\n<li>Partage d\u2019exp\u00e9riences sur la relation producteur-consommateur\/ partage des risques<\/li>\n<li>Am\u00e9lioration des moyens de subsistance des agriculteurs et des consommateurs et des conditions de vie<\/li>\n<li>Droit \u00e0 l\u2019alimentation!<\/li>\n<li>Communication\/ Plaidoyer<\/li>\n<\/ul>\n<p>&nbsp;<\/p>\n<p><strong>OBJECTIFS:<\/strong><\/p>\n<ul>\n<li>Mettre en place des voyages apprenants pour faire vivre ces partenariats, les accompagner et renforcer gr\u00e2ce \u00e0 des visites r\u00e9guli\u00e8res de producteurs et consommateurs exp\u00e9riment\u00e9s<\/li>\n<li>Organiser des sessions de formation plus pratiques sur des sujets sp\u00e9cifiques<\/li>\n<li>Faciliter le partage des connaissances gr\u00e2ce \u00e0 la mise en ligne de tutoriels, vid\u00e9os, mat\u00e9riaux p\u00e9dagogiques<\/li>\n<li>Se motiver\u00a0!<\/li>\n<\/ul>\n<p><strong>COMMENT LES ATTEINDRE:<\/strong><\/p>\n<ul>\n<li>Ouvrir une page Facebook pour rester en contact (ce qui n\u00e9cessite un mod\u00e9rateur)<\/li>\n<li>R\u00e9diger un document de principes communs, expliquant qui nous sommes<\/li>\n<li>Aider la production de petites vid\u00e9os pour diffuser les connaissances et savoir-faire (autour de certains projets sp\u00e9cifiques)<\/li>\n<li>Organiser des formations sur comment mieux faire entendre la voix des agriculteurs\/producteurs<\/li>\n<li>Cr\u00e9er un dossier de presse<\/li>\n<li>Former des ambassadeurs \/ catalyseurs de PLSA<\/li>\n<\/ul>\n<p><img loading=\"lazy\" decoding=\"async\" class=\"size-medium wp-image-5296 alignright\" src=\"https:\/\/urgenci.net\/french\/wp-content\/uploads\/2016\/07\/plot-of-land-300x225.png\" alt=\"plot of land\" width=\"300\" height=\"225\" srcset=\"https:\/\/urgenci.net\/french\/wp-content\/uploads\/2016\/07\/plot-of-land-300x225.png 300w, https:\/\/urgenci.net\/french\/wp-content\/uploads\/2016\/07\/plot-of-land-400x300.png 400w, https:\/\/urgenci.net\/french\/wp-content\/uploads\/2016\/07\/plot-of-land.png 550w\" sizes=\"auto, (max-width: 300px) 100vw, 300px\" \/><\/p>\n<p><span style=\"text-decoration: underline;\"><strong>\u00a02. Un lopin de terre\u00a0:<\/strong><\/span><\/p>\n<ul>\n<li>Proposer des formations agro\u00e9cologiques de paysan \u00e0 paysan\u00a0: mettre en place un syst\u00e8me de parrainage par des paysans en PLS exp\u00e9riment\u00e9s<\/li>\n<li>D\u00e9velopper des \u00ab\u00a0couveuses\u00a0\u00bb et jardins exp\u00e9rimentaux\u00a0: des incubateurs pour les producteurs mais aussi pour du jardinage communautaire, un endroit o\u00f9 accueillir des r\u00e9fugi\u00e9s, etc.<\/li>\n<\/ul>\n<ul>\n<li>Echanger des informations pour des ressources non pollu\u00e9es (questions de l&rsquo;eau pollu\u00e9e et de la terre, sans OGM)<\/li>\n<\/ul>\n<ul>\n<li>Travailler sur les questions d\u2019acc\u00e8s \u00e0 la terre et d\u2019\u00e9nergie en partenariat avec d\u2019autres organisations<\/li>\n<\/ul>\n<p><strong>\u00a0<\/strong><strong>&gt; OBJECTIFS<\/strong><\/p>\n<ul>\n<li>Cr\u00e9er un r\u00e9seau de fermes \/ jardins agro\u00e9cologiques dans notre r\u00e9gion, avec au moins une ferme p\u00e9dagogique dans chaque pays<\/li>\n<li>Am\u00e9liorer l\u2019acc\u00e8s \u00e0 la terre et \u00e0 des ressources propres<\/li>\n<li>S\u2019allier avec les r\u00e9seaux de semences paysannes<\/li>\n<li>Promouvoir l\u2019\u00e9ducation populaire<\/li>\n<\/ul>\n<p><strong>&gt;&gt; COMMENT LES ATTEINDRE<\/strong><\/p>\n<ul>\n<li>Affiner l\u2019\u00e9valuation de nos besoins (pour les initiatives avec lesquelles nous travaillons dans chaque pays) \u2192 \u00e9tablir un document mod\u00e8le d\u2019\u00e9valuation des besoins de chaque pays<\/li>\n<li>Etablir une liste de discussion<\/li>\n<li>Faire vivre notre page Facebook<\/li>\n<li>Enqu\u00eater sur les aspects juridiques des questions fonci\u00e8res (plus tard)<\/li>\n<li>Construire des alliances locales avec des r\u00e9seaux de semences paysannes<\/li>\n<li>Mettre en place une base de donn\u00e9es de partage des comp\u00e9tences<\/li>\n<li>Plaidoyer<\/li>\n<\/ul>\n<p><img loading=\"lazy\" decoding=\"async\" class=\"size-medium wp-image-5297 alignleft\" src=\"https:\/\/urgenci.net\/french\/wp-content\/uploads\/2016\/07\/trust-300x200.jpg\" alt=\"trust\" width=\"300\" height=\"200\" srcset=\"https:\/\/urgenci.net\/french\/wp-content\/uploads\/2016\/07\/trust-300x200.jpg 300w, https:\/\/urgenci.net\/french\/wp-content\/uploads\/2016\/07\/trust.jpg 415w\" sizes=\"auto, (max-width: 300px) 100vw, 300px\" \/><span style=\"text-decoration: underline;\"><strong style=\"line-height: 1.5;\">3. Encourager la confiance<\/strong><\/span><\/p>\n<p>Favoriser:<\/p>\n<ul>\n<li>les solidarit\u00e9s locales entre les agriculteurs et les consommateurs (y compris les r\u00e9fugi\u00e9s et les personnes d\u00e9plac\u00e9es \u00e0 notre niveau local)<\/li>\n<li>la solidarit\u00e9 internationale entre les mouvements et initiatives<\/li>\n<li>les alliances avec d&rsquo;autres acteurs de terrain \/ mouvements autour du bassin m\u00e9diterran\u00e9en<\/li>\n<li>Mieux d\u00e9finir nos Valeurs communes \/ Normes \/ D\u00e9claration<\/li>\n<li>Adopter une approche holistique<\/li>\n<\/ul>\n<p><strong>&gt; OBJECTIFS<\/strong><\/p>\n<ul>\n<li>Encourager:<\/li>\n<\/ul>\n<p>&#8211; la confiance entre les agriculteurs et les consommateurs<\/p>\n<p>&#8211; la confiance entre nous, les uns avec les autres<\/p>\n<p>&#8211; la confiance avec les autorit\u00e9s comp\u00e9tentes, des \u00c9tats au niveau local<\/p>\n<ul>\n<li>Organiser plus de r\u00e9unions comme celle-ci\u00a0!<\/li>\n<li>Privil\u00e9gier la confiance au contr\u00f4le<\/li>\n<li>Prendre le temps de r\u00e9diger une D\u00e9claration commune (ne peut pas \u00eatre fait maintenant, cela n\u00e9cessite un travail plus dense au sein de notre groupe)<\/li>\n<\/ul>\n<p><strong>&gt;&gt; COMMENT ATTEINDRE CES OBJECTIFS<\/strong><\/p>\n<ul>\n<li>R\u00e9diger un communiqu\u00e9 de presse<\/li>\n<li>Etablir une base de donn\u00e9es pour faciliter le partage des connaissances, o\u00f9 chacun-e d&rsquo;entre nous peut regrouper toutes les ressources \/ contacts<\/li>\n<li>Trouver des catalyseurs dans chaque pays pour faciliter la relation entre les producteurs et les consommateurs; tout profil est bon\u00a0: \u00e9conomiste, chercheur, agronome&#8230;<\/li>\n<li>Choisir une lingua franca (l\u2019anglais?) car continuer \u00e0 utiliser l&rsquo;interpr\u00e9tation\/traduction est plus difficile. Elle serait pourtant plus que n\u00e9cessaire\u00a0!<\/li>\n<li>Cr\u00e9er un \u00ab\u00a0dossier commun m\u00e9diterran\u00e9en\u00a0\u00bb o\u00f9 partager nos documents<\/li>\n<\/ul>\n<p>&nbsp;<\/p>\n<p>Le <strong>rapport complet de ces trois jours<\/strong>, avec la pr\u00e9sentation des initiatives et des participants et le d\u00e9roule complet de nos activit\u00e9s, est disponible en anglais pour l&rsquo;instant.<\/p>\n","protected":false},"excerpt":{"rendered":"<p>Une\u00a0premi\u00e8re rencontre d\u2019\u00e9change d\u2019exp\u00e9riences s&rsquo;est tenue\u00a0en Provence, du 29 f\u00e9vrier au 2 mars 2015, \u00e0 Marseille, avec des intervenant-e-s de 12 pays des deux rives m\u00e9diterran\u00e9ennes: Maroc, Alg\u00e9rie, Tunisie, Egypte, Palestine, Liban, Turquie, R\u00e9publique de Mac\u00e9doine, Gr\u00e8ce, Croatie, France et Espagne. Notre id\u00e9e \u00e9tait d\u2019inviter \u00e0 la fois des acteurs de terrain, porteurs de projet&#8230; <\/p>\n<div class=\"clear\"><\/div>\n<p><a href=\"https:\/\/urgenci.net\/french\/actions\/le-projet-mediterraneen-des-pls\/premiere-rencontre-dechange-dexperiences-marseille-mars-2016\/\" class=\"excerpt-read-more\">Read More<\/a><\/p>\n","protected":false},"author":3,"featured_media":0,"parent":5278,"menu_order":0,"comment_status":"closed","ping_status":"closed","template":"","meta":{"footnotes":""},"class_list":["post-5292","page","type-page","status-publish","hentry"],"_links":{"self":[{"href":"https:\/\/urgenci.net\/french\/wp-json\/wp\/v2\/pages\/5292","targetHints":{"allow":["GET"]}}],"collection":[{"href":"https:\/\/urgenci.net\/french\/wp-json\/wp\/v2\/pages"}],"about":[{"href":"https:\/\/urgenci.net\/french\/wp-json\/wp\/v2\/types\/page"}],"author":[{"embeddable":true,"href":"https:\/\/urgenci.net\/french\/wp-json\/wp\/v2\/users\/3"}],"replies":[{"embeddable":true,"href":"https:\/\/urgenci.net\/french\/wp-json\/wp\/v2\/comments?post=5292"}],"version-history":[{"count":5,"href":"https:\/\/urgenci.net\/french\/wp-json\/wp\/v2\/pages\/5292\/revisions"}],"predecessor-version":[{"id":5323,"href":"https:\/\/urgenci.net\/french\/wp-json\/wp\/v2\/pages\/5292\/revisions\/5323"}],"up":[{"embeddable":true,"href":"https:\/\/urgenci.net\/french\/wp-json\/wp\/v2\/pages\/5278"}],"wp:attachment":[{"href":"https:\/\/urgenci.net\/french\/wp-json\/wp\/v2\/media?parent=5292"}],"curies":[{"name":"wp","href":"https:\/\/api.w.org\/{rel}","templated":true}]}}