{"id":5309,"date":"2016-07-06T15:43:06","date_gmt":"2016-07-06T13:43:06","guid":{"rendered":"http:\/\/urgenci.net\/french\/?page_id=5309"},"modified":"2016-07-06T20:19:27","modified_gmt":"2016-07-06T18:19:27","slug":"communique-de-presse-marseille-2-mars-2016","status":"publish","type":"page","link":"https:\/\/urgenci.net\/french\/actions\/le-projet-mediterraneen-des-pls\/premiere-rencontre-dechange-dexperiences-marseille-mars-2016\/communique-de-presse-marseille-2-mars-2016\/","title":{"rendered":"Communiqu\u00e9 de presse &#8211; Marseille, 2 mars 2016"},"content":{"rendered":"<h1><strong>La premi\u00e8re rencontre m\u00e9diterran\u00e9enne des partenariats locaux\u00a0et solidaires producteurs-consommateurs a eu lieu \u00e0 Marseille.<\/strong><\/h1>\n<p><img loading=\"lazy\" decoding=\"async\" class=\"wp-image-5310 aligncenter\" src=\"https:\/\/urgenci.net\/french\/wp-content\/uploads\/2016\/07\/UR_Med-0-842x562-300x200.png\" alt=\"UR_Med-0-842x562\" width=\"420\" height=\"280\" srcset=\"https:\/\/urgenci.net\/french\/wp-content\/uploads\/2016\/07\/UR_Med-0-842x562-300x200.png 300w, https:\/\/urgenci.net\/french\/wp-content\/uploads\/2016\/07\/UR_Med-0-842x562-768x513.png 768w, https:\/\/urgenci.net\/french\/wp-content\/uploads\/2016\/07\/UR_Med-0-842x562.png 842w, https:\/\/urgenci.net\/french\/wp-content\/uploads\/2016\/07\/UR_Med-0-842x562-600x400.png 600w\" sizes=\"auto, (max-width: 420px) 100vw, 420px\" \/><\/p>\n<p>Nous sommes paysan-ne-s, amapien-ne-s, organisateurs de march\u00e9s paysans, agronomes, agro\u00e9cologistes, formateurs en permaculture, militantes des mouvements de la Souverainet\u00e9 Alimentaire, acteurs de la soci\u00e9t\u00e9 civile issus de 12 pays du pourtour m\u00e9diterran\u00e9en. Nous venons du Maroc, de l&rsquo;Alg\u00e9rie, de la Tunisie, d&rsquo;Egypte, de Palestine, du Liban, de la Turquie, de la Gr\u00e8ce, de la Mac\u00e9doine, de la Croatie, de France et d&rsquo;Espagne.<\/p>\n<p>En plus de d\u00e9fis sociaux et \u00e9conomiques immenses, nos soci\u00e9t\u00e9s sont toutes confront\u00e9es au changement climatique et \u00e0 une ins\u00e9curit\u00e9 alimentaire grandissante, pour la plupart dans une situation d&rsquo;extr\u00eame vuln\u00e9rabilit\u00e9. Face \u00e0 cet enjeu commun, au moment o\u00f9 nous aurions besoin d&rsquo;\u00e9changes, de partage et de soutien mutuel, les fronti\u00e8res se ferment et la M\u00e9diterran\u00e9e devient un espace de division, dans lequel errent des centaines de milliers de r\u00e9fugi\u00e9s.<\/p>\n<p>Nous, acteurs engag\u00e9s de terrain de la soci\u00e9t\u00e9 civile et des mouvements sociaux, voyons au contraire la M\u00e9diterran\u00e9e comme un espace qui rassemble. Sur chaque rive, dans nos communaut\u00e9s, nous travaillons quotidiennement \u00e0 inventer des solutions ancr\u00e9es dans la souverainet\u00e9 alimentaire et l\u2019\u00e9conomie solidaire. Le soin de la terre qui nourrit, et des hommes qu&rsquo;elle fait vivre, est au coeur de nos pr\u00e9occupations. Nous faisons chaque jour la d\u00e9monstration que l&rsquo;agro\u00e9cologie, pratiqu\u00e9e par des paysans et soutenue par des consommateurs engag\u00e9s, r\u00e9pond mieux que l&rsquo;agro-industrie aux d\u00e9fis environnementaux.<\/p>\n<p>A l&rsquo;initiative d&rsquo;Urgenci et de ses partenaires, l&rsquo;association Terre &amp; Humanisme, le R\u00e9seau des Amap de Provence et le r\u00e9seau des initiatives agro\u00e9cologiques au Maroc, nous nous sommes rassembl\u00e9s, du 29 f\u00e9vrier au 2 mars \u00e0 Marseille, pour la premi\u00e8re rencontre m\u00e9diterran\u00e9enne des initiatives pour une alimentation locale et solidaire. L\u2019association BEDE et Semences Paysannes se sont aussi associ\u00e9es \u00e0 nous travaux.<\/p>\n<p>A l&rsquo;issue de cette rencontre historique, nous sommes convaincus que nos initiatives contribueront demain \u00e0 renforcer l\u2019agriculture paysanne, sa capacit\u00e9 \u00e0 nourrir nos villes, \u00e0 recr\u00e9er le lien social tant rural-urbain que dans les villes, et \u00e0 rendre leur dignit\u00e9 aux paysans de la grande r\u00e9gion m\u00e9diterran\u00e9enne.<\/p>\n<p>Pour cela, nous devons essaimer les bonnes pratiques. Nous devons, par l&rsquo;\u00e9change de terrain et le dialogue des savoirs, renforcer, dans leur diversit\u00e9, celles et ceux qui se mobilisent pour une agriculture paysanne et des syst\u00e8mes d\u2019alimentation durables. Nous voulons b\u00e2tir un r\u00e9seau m\u00e9diterran\u00e9en des alliances entre producteurs en agro\u00e9cologie et consommateurs conscients. Nous ouvrons ce chantier. C&rsquo;est un chantier collectif o\u00f9 chacun peut apporter sa pierre. Rejoignez-nous !<\/p>\n<p>Cette rencontre n&rsquo;aurait pas pu avoir lieu sans le soutien de la FAO (Organisation des Nations Unies pour l&rsquo;agriculture et l&rsquo;alimentation) et de la R\u00e9gion Provence Alpes C\u00f4tes d\u2019Azur.<\/p>\n","protected":false},"excerpt":{"rendered":"<p>La premi\u00e8re rencontre m\u00e9diterran\u00e9enne des partenariats locaux\u00a0et solidaires producteurs-consommateurs a eu lieu \u00e0 Marseille. Nous sommes paysan-ne-s, amapien-ne-s, organisateurs de march\u00e9s paysans, agronomes, agro\u00e9cologistes, formateurs en permaculture, militantes des mouvements de la Souverainet\u00e9 Alimentaire, acteurs de la soci\u00e9t\u00e9 civile issus de 12 pays du pourtour m\u00e9diterran\u00e9en. Nous venons du Maroc, de l&rsquo;Alg\u00e9rie, de la Tunisie,&#8230; <\/p>\n<div class=\"clear\"><\/div>\n<p><a href=\"https:\/\/urgenci.net\/french\/actions\/le-projet-mediterraneen-des-pls\/premiere-rencontre-dechange-dexperiences-marseille-mars-2016\/communique-de-presse-marseille-2-mars-2016\/\" class=\"excerpt-read-more\">Read More<\/a><\/p>\n","protected":false},"author":3,"featured_media":5310,"parent":5292,"menu_order":0,"comment_status":"closed","ping_status":"closed","template":"","meta":{"footnotes":""},"class_list":["post-5309","page","type-page","status-publish","has-post-thumbnail","hentry"],"_links":{"self":[{"href":"https:\/\/urgenci.net\/french\/wp-json\/wp\/v2\/pages\/5309","targetHints":{"allow":["GET"]}}],"collection":[{"href":"https:\/\/urgenci.net\/french\/wp-json\/wp\/v2\/pages"}],"about":[{"href":"https:\/\/urgenci.net\/french\/wp-json\/wp\/v2\/types\/page"}],"author":[{"embeddable":true,"href":"https:\/\/urgenci.net\/french\/wp-json\/wp\/v2\/users\/3"}],"replies":[{"embeddable":true,"href":"https:\/\/urgenci.net\/french\/wp-json\/wp\/v2\/comments?post=5309"}],"version-history":[{"count":3,"href":"https:\/\/urgenci.net\/french\/wp-json\/wp\/v2\/pages\/5309\/revisions"}],"predecessor-version":[{"id":5314,"href":"https:\/\/urgenci.net\/french\/wp-json\/wp\/v2\/pages\/5309\/revisions\/5314"}],"up":[{"embeddable":true,"href":"https:\/\/urgenci.net\/french\/wp-json\/wp\/v2\/pages\/5292"}],"wp:featuredmedia":[{"embeddable":true,"href":"https:\/\/urgenci.net\/french\/wp-json\/wp\/v2\/media\/5310"}],"wp:attachment":[{"href":"https:\/\/urgenci.net\/french\/wp-json\/wp\/v2\/media?parent=5309"}],"curies":[{"name":"wp","href":"https:\/\/api.w.org\/{rel}","templated":true}]}}