{"id":5353,"date":"2016-08-18T07:53:18","date_gmt":"2016-08-18T05:53:18","guid":{"rendered":"http:\/\/urgenci.net\/french\/?page_id=5353"},"modified":"2016-08-18T07:58:55","modified_gmt":"2016-08-18T05:58:55","slug":"serment-commun","status":"publish","type":"page","link":"https:\/\/urgenci.net\/french\/urgenci\/serment-commun\/","title":{"rendered":"Serment commun"},"content":{"rendered":"<p style=\"text-align: justify;\"><b><i>SERMENT COMMUN POUR L\u2019AGRICULTURE SOUTENUE PAR LES CITOYENS<\/i><\/b>,<\/p>\n<p style=\"text-align: justify;\">adopt\u00e9 lors du Colloque international tenu \u00e0 Shunyi, Chine, le 21 novembre 2015.<\/p>\n<p><img loading=\"lazy\" decoding=\"async\" class=\"alignnone  wp-image-5357\" src=\"https:\/\/urgenci.net\/french\/wp-content\/uploads\/2016\/08\/Common-Pledge-300x123.jpg\" alt=\"Common Pledge\" width=\"485\" height=\"199\" srcset=\"https:\/\/urgenci.net\/french\/wp-content\/uploads\/2016\/08\/Common-Pledge-300x123.jpg 300w, https:\/\/urgenci.net\/french\/wp-content\/uploads\/2016\/08\/Common-Pledge-768x316.jpg 768w, https:\/\/urgenci.net\/french\/wp-content\/uploads\/2016\/08\/Common-Pledge.jpg 900w, https:\/\/urgenci.net\/french\/wp-content\/uploads\/2016\/08\/Common-Pledge-600x247.jpg 600w\" sizes=\"auto, (max-width: 485px) 100vw, 485px\" \/><\/p>\n<p style=\"text-align: justify;\"><b>L&rsquo;agriculture soutenue par les citoyens <\/b>est ce qui nous r\u00e9unit. ASC est le nom que nous donnons \u00e0 une diversit\u00e9 d&rsquo;approches qui visent toutes \u00e0 renforcer les relations directes entre mangeurs et producteurs. Cela inclut le partage des risques et des b\u00e9n\u00e9fices. Il s&rsquo;agit de l&rsquo;essence de l\u2019ASC.<\/p>\n<p style=\"text-align: justify;\">Urgenci est l&rsquo;organisation internationale qui facilite les connexions entre les r\u00e9seaux nationaux et locaux existants, \u00e0 travers la croyance partag\u00e9e dans les valeurs fondamentales de l&rsquo;Agro\u00e9cologie\u00a0: la Souverainet\u00e9 alimentaire, l&rsquo;Economie solidaire et la Biodiversit\u00e9.<\/p>\n<p style=\"text-align: justify;\">Urgenci cherche \u00e0 essaimer et plaider pour l\u2019ASC. Urgenci soutient \u00e9galement la construction de nouveau r\u00e9seaux d\u2019ASC aux niveaux national et r\u00e9gional.<\/p>\n<p style=\"text-align: justify;\">En pr\u00e8s de 10 ann\u00e9es d&rsquo;existence, Urgenci a acquis une reconnaissance internationale et le mouvement de l\u2019ASC implique d\u00e9sormais 5 continents et 1,5 millions de personnes.<\/p>\n<p style=\"text-align: justify;\">Nous sommes paysans, mangeurs, repr\u00e9sentants de r\u00e9seaux, et militants du monde entier. Nous nous sommes r\u00e9unis pour le 6e Colloque international d&rsquo;Urgenci, organis\u00e9 conjointement avec la 7e Conf\u00e9rence nationale chinoise de l\u2019ASC, afin de soutenir le mouvement de R\u00e9g\u00e9n\u00e9ration rurale et donner un nouveau souffle \u00e0 nos initiatives tout autour du monde.<\/p>\n<p style=\"text-align: justify;\">Sur la base de nos \u00e9changes, nous faisons ce serment.<\/p>\n<p style=\"text-align: justify;\"><b><i>Nous nous engageons \u00e0 communiquer les b\u00e9n\u00e9ficies de l\u2019ASC, et son r\u00f4le vital dans la transformation radicale du syst\u00e8me alimentaire.\u00a0<\/i><\/b><\/p>\n<p style=\"text-align: justify;\"><b><i>Nous nous engageons \u00e0 construire des relations personnelles et organisationnelles qui nourrissent nos existences, tout comme des alliances strat\u00e9giques pour d\u00e9velopper l\u2019ASC au niveau global. \u00a0<\/i><\/b><\/p>\n<p style=\"text-align: justify;\"><b><i>Nous nous engageons \u00e0 soutenir et renforcer les r\u00e9seaux locaux, nationaux et continentaux dans toute leur diversit\u00e9.\u00a0<\/i><\/b><\/p>\n<p style=\"text-align: justify;\"><b><i>Nous nous engageons \u00e0 favoriser l&rsquo;\u00e9change des savoirs entre tous les acteurs, particuli\u00e8rement de paysan \u00e0 paysan.\u00a0<\/i><\/b><\/p>\n<p style=\"text-align: justify;\"><b><i>Nous nous engageons \u00e0 c\u00e9l\u00e9brer les paysans et les communaut\u00e9s.\u00a0<\/i><\/b><\/p>\n<p style=\"text-align: justify;\"><b><i>Nous nous engageons \u00e0 soutenir les paysans et les mangeurs dans leur soin pour la terre et les gens dans leur pratique de l&rsquo;Agro\u00e9cologie.\u00a0<\/i><\/b><\/p>\n<p style=\"text-align: justify;\"><b><i>Nous ramenons ces engagements chez nous dans nos communaut\u00e9s pour les partager, avec la d\u00e9termination que le mouvement de l\u2019ASC puisse continuer \u00e0 cro\u00eetre.<\/i><\/b><\/p>\n","protected":false},"excerpt":{"rendered":"<p>SERMENT COMMUN POUR L\u2019AGRICULTURE SOUTENUE PAR LES CITOYENS, adopt\u00e9 lors du Colloque international tenu \u00e0 Shunyi, Chine, le 21 novembre 2015. L&rsquo;agriculture soutenue par les citoyens est ce qui nous r\u00e9unit. ASC est le nom que nous donnons \u00e0 une diversit\u00e9 d&rsquo;approches qui visent toutes \u00e0 renforcer les relations directes entre mangeurs et producteurs. Cela&#8230; <\/p>\n<div class=\"clear\"><\/div>\n<p><a href=\"https:\/\/urgenci.net\/french\/urgenci\/serment-commun\/\" class=\"excerpt-read-more\">Read More<\/a><\/p>\n","protected":false},"author":2,"featured_media":0,"parent":3041,"menu_order":0,"comment_status":"closed","ping_status":"closed","template":"","meta":{"footnotes":""},"class_list":["post-5353","page","type-page","status-publish","hentry"],"_links":{"self":[{"href":"https:\/\/urgenci.net\/french\/wp-json\/wp\/v2\/pages\/5353","targetHints":{"allow":["GET"]}}],"collection":[{"href":"https:\/\/urgenci.net\/french\/wp-json\/wp\/v2\/pages"}],"about":[{"href":"https:\/\/urgenci.net\/french\/wp-json\/wp\/v2\/types\/page"}],"author":[{"embeddable":true,"href":"https:\/\/urgenci.net\/french\/wp-json\/wp\/v2\/users\/2"}],"replies":[{"embeddable":true,"href":"https:\/\/urgenci.net\/french\/wp-json\/wp\/v2\/comments?post=5353"}],"version-history":[{"count":4,"href":"https:\/\/urgenci.net\/french\/wp-json\/wp\/v2\/pages\/5353\/revisions"}],"predecessor-version":[{"id":5359,"href":"https:\/\/urgenci.net\/french\/wp-json\/wp\/v2\/pages\/5353\/revisions\/5359"}],"up":[{"embeddable":true,"href":"https:\/\/urgenci.net\/french\/wp-json\/wp\/v2\/pages\/3041"}],"wp:attachment":[{"href":"https:\/\/urgenci.net\/french\/wp-json\/wp\/v2\/media?parent=5353"}],"curies":[{"name":"wp","href":"https:\/\/api.w.org\/{rel}","templated":true}]}}