{"id":5443,"date":"2016-11-08T09:32:07","date_gmt":"2016-11-08T08:32:07","guid":{"rendered":"http:\/\/urgenci.net\/french\/?page_id=5443"},"modified":"2016-11-08T09:32:07","modified_gmt":"2016-11-08T08:32:07","slug":"be-part-of-csa-soyons-de-plus-en-plus-nombreux","status":"publish","type":"page","link":"https:\/\/urgenci.net\/french\/be-part-of-csa-soyons-de-plus-en-plus-nombreux\/","title":{"rendered":"\u201cBe part of CSA\u201d : Soyons de plus en plus nombreux!"},"content":{"rendered":"<p><img loading=\"lazy\" decoding=\"async\" class=\"size-medium wp-image-5447 alignleft\" src=\"https:\/\/urgenci.net\/french\/wp-content\/uploads\/2016\/11\/BPCSA-Ostrava-1-300x225.jpg\" alt=\"bpcsa-ostrava-1\" width=\"300\" height=\"225\" srcset=\"https:\/\/urgenci.net\/french\/wp-content\/uploads\/2016\/11\/BPCSA-Ostrava-1-300x225.jpg 300w, https:\/\/urgenci.net\/french\/wp-content\/uploads\/2016\/11\/BPCSA-Ostrava-1-768x576.jpg 768w, https:\/\/urgenci.net\/french\/wp-content\/uploads\/2016\/11\/BPCSA-Ostrava-1-750x562.jpg 750w, https:\/\/urgenci.net\/french\/wp-content\/uploads\/2016\/11\/BPCSA-Ostrava-1-600x450.jpg 600w, https:\/\/urgenci.net\/french\/wp-content\/uploads\/2016\/11\/BPCSA-Ostrava-1-400x300.jpg 400w, https:\/\/urgenci.net\/french\/wp-content\/uploads\/2016\/11\/BPCSA-Ostrava-1.jpg 1031w\" sizes=\"auto, (max-width: 300px) 100vw, 300px\" \/>La 3e rencontre europ\u00e9enne de l\u2019Agriculture soutenue par les Citoyens (ASC\/CSA) qui s\u2019est tenue \u00e0 Ostrava en R\u00e9publique Tch\u00e8que du 16 au 18 septembre est aussi un jalon important du programme \u00e9ducatif \u00abBe part of CSA!\u00bb engag\u00e9 en novembre 2014. C&rsquo;est en effet la premi\u00e8re fois que les partenaires du projet ont pu partager largement leurs exp\u00e9riences avec les acteurs de groupes CSA venus de toute l&rsquo;Europe. C\u2019est aussi gr\u00e2ce aux fonds de ce programme europ\u00e9en que cette rencontre a en partie \u00e9t\u00e9 financ\u00e9e.<\/p>\n<p>L&rsquo;\u00e9ducation est un outil vraiment essentiel pour renforcer le mouvement de l\u2019ASC\u00a0: c\u2019est de ce constat qu\u2019est partie la discussion r\u00e9unissant environ 25 personnes investies dans des d\u00e9marches d\u2019ASC lors d\u2019un atelier autour de \u00abBe part of CSA!\u00bb \u00e0 Ostrava. Les initiatives \u00e9ducatives locales de par l\u2019Europe, cr\u00e9\u00e9es en fonction des besoins sp\u00e9cifiques des groupes d\u2019ASC, sont nombreuses et vari\u00e9es\u00a0; mais apprendre qu\u2019il existe un programme \u00e9ducatif sur les CSA \u00e0 l\u2019\u00e9chelle europ\u00e9enne a \u00e9t\u00e9 une d\u00e9couverte pour beaucoup et une source d&rsquo;inspiration pour tout le monde.<\/p>\n<p><img loading=\"lazy\" decoding=\"async\" class=\"size-medium wp-image-5445 alignright\" src=\"https:\/\/urgenci.net\/french\/wp-content\/uploads\/2016\/11\/BPCSA-Ostrava-3-225x300.jpg\" alt=\"bpcsa-ostrava-3\" width=\"225\" height=\"300\" srcset=\"https:\/\/urgenci.net\/french\/wp-content\/uploads\/2016\/11\/BPCSA-Ostrava-3-225x300.jpg 225w, https:\/\/urgenci.net\/french\/wp-content\/uploads\/2016\/11\/BPCSA-Ostrava-3-422x562.jpg 422w, https:\/\/urgenci.net\/french\/wp-content\/uploads\/2016\/11\/BPCSA-Ostrava-3.jpg 580w\" sizes=\"auto, (max-width: 225px) 100vw, 225px\" \/>Pour que l\u2019atelier se d\u00e9roule de fa\u00e7on participative, chaque personne a pu faire part de son exp\u00e9rience\u00a0: apr\u00e8s une br\u00e8ve pr\u00e9sentation des activit\u00e9s de formation men\u00e9es dans le cadre de \u00ab\u00a0Be part of CSA\u00a0\u00bb, les participants Hongrois et Roumains du projet ont pu partager leur exp\u00e9rience avec les autres au sein de deux groupes de discussion. Paysans et consommateurs investis dans la formation ont racont\u00e9 leurs motivations \u00e0 participer \u00e0 ces 4 modules, et expliquer les bienfaits qu\u2019ils en ont tir\u00e9s\u00a0: rencontrer d\u2019autres personnes aux questionnements similaires, se confronter aux m\u00eames doutes et difficult\u00e9s, profiter des conseils avis\u00e9s des formateurs et de paysans et consommateurs plus aguerris. Participer \u00e0 ces sessions a tout bonnement chang\u00e9 leurs vies\u00a0: depuis lors, ils n\u2019imaginent plus leur vie sans un CSA\u00a0!<\/p>\n<p>C\u2019est sans doute la plus grande force de ce programme p\u00e9dagogique\u00a0: \u201cBe part of CSA!\u201d ne permet pas simplement d\u2019acqu\u00e9rir de nouvelles connaissances, gr\u00e2ce aux 4 modules progressifs, les personnes construisent en plusieurs \u00e9tapes leur projet et deviennent autonomes, tout en comptant sur le collectif\u00a0! En effet, au fil des sessions, des liens forts se tissent entre participants et formateurs, activistes et animateurs \u2013 consolidant par l\u00e0-m\u00eame les r\u00e9seaux locaux de CSA. Ces relations ne s\u2019arr\u00eatent pas \u00e0 la fin de la formation, elles sont l\u00e0 pour durer et se renforcer\u00a0!<\/p>\n<p><img loading=\"lazy\" decoding=\"async\" class=\"size-medium wp-image-5446 alignleft\" src=\"https:\/\/urgenci.net\/french\/wp-content\/uploads\/2016\/11\/BPCSA-Ostrava-2-300x225.jpg\" alt=\"bpcsa-ostrava-2\" width=\"300\" height=\"225\" srcset=\"https:\/\/urgenci.net\/french\/wp-content\/uploads\/2016\/11\/BPCSA-Ostrava-2-300x225.jpg 300w, https:\/\/urgenci.net\/french\/wp-content\/uploads\/2016\/11\/BPCSA-Ostrava-2-768x576.jpg 768w, https:\/\/urgenci.net\/french\/wp-content\/uploads\/2016\/11\/BPCSA-Ostrava-2-750x562.jpg 750w, https:\/\/urgenci.net\/french\/wp-content\/uploads\/2016\/11\/BPCSA-Ostrava-2-600x450.jpg 600w, https:\/\/urgenci.net\/french\/wp-content\/uploads\/2016\/11\/BPCSA-Ostrava-2-400x300.jpg 400w, https:\/\/urgenci.net\/french\/wp-content\/uploads\/2016\/11\/BPCSA-Ostrava-2.jpg 1031w\" sizes=\"auto, (max-width: 300px) 100vw, 300px\" \/>Cette approche participative est donc aussi b\u00e9n\u00e9fique pour les organisations qui promeuvent l\u2019Agriculture Soutenue par les Citoyens et les partenariats entre producteurs et consommateurs. C\u2019est pourquoi, il a \u00e9t\u00e9 d\u00e9cid\u00e9 qu\u2019une fois finalis\u00e9e la version anglaise des principaux mat\u00e9riaux \u00e9ducatifs (brochure explicative, guide du formateur, film d\u2019animation, plan de culture), ces derniers seront diffus\u00e9s pour \u00eatre adapt\u00e9s dans d\u2019autres langues.<\/p>\n<p>Au terme de l\u2019atelier, une liste des participant-e-s a circul\u00e9 pour leur permettre d\u2019\u00eatre tenus au courant des activit\u00e9s du groupe \u201cForm<img loading=\"lazy\" decoding=\"async\" class=\"size-medium wp-image-5444 alignright\" src=\"https:\/\/urgenci.net\/french\/wp-content\/uploads\/2016\/11\/BPCSA-Ostrava-4-225x300.jpg\" alt=\"bpcsa-ostrava-4\" width=\"225\" height=\"300\" srcset=\"https:\/\/urgenci.net\/french\/wp-content\/uploads\/2016\/11\/BPCSA-Ostrava-4-225x300.jpg 225w, https:\/\/urgenci.net\/french\/wp-content\/uploads\/2016\/11\/BPCSA-Ostrava-4-422x562.jpg 422w, https:\/\/urgenci.net\/french\/wp-content\/uploads\/2016\/11\/BPCSA-Ostrava-4.jpg 580w\" sizes=\"auto, (max-width: 225px) 100vw, 225px\" \/>ation \u00e0 l\u2019ASC\u201d.<\/p>\n<p>&nbsp;<\/p>\n<p>L\u2019\u00e9quipe du projet \u201cBe part of CSA!\u201d s\u2019est assur\u00e9 que les avis de tou-te-s ont \u00e9t\u00e9 collect\u00e9s\u00a0: l\u2019\u00e9valuation des diff\u00e9rentes activit\u00e9s par les participants fait partie int\u00e9grante du processus de construction de la formation, qui sans cesse s\u2019alimente des retours qui sont faits aux formateurs. Juste apr\u00e8s cet atelier, l\u2019\u00e9quipe s\u2019est r\u00e9unie pour une r\u00e9union de projet, suite \u00e0 la tenue de la Rencontre Europ\u00e9enne qui \u00e9tait pour eux l\u2019occasion de partager les r\u00e9sultats de deux ans de travail avec plus de 150 activistes venus de l\u2019Europe enti\u00e8re\u00a0; cela a \u00e9t\u00e9 l\u2019occasion de planifier la phase finale d\u2019\u00e9valuation ainsi que les derni\u00e8res activit\u00e9s de diffusion et de transmission des acquis \u00e0 mener en vue de cl\u00f4turer le projet au mieux, dans le respect des objectifs fix\u00e9s lors de sa d\u00e9finition collective.<\/p>\n","protected":false},"excerpt":{"rendered":"<p>La 3e rencontre europ\u00e9enne de l\u2019Agriculture soutenue par les Citoyens (ASC\/CSA) qui s\u2019est tenue \u00e0 Ostrava en R\u00e9publique Tch\u00e8que du 16 au 18 septembre est aussi un jalon important du programme \u00e9ducatif \u00abBe part of CSA!\u00bb engag\u00e9 en novembre 2014. C&rsquo;est en effet la premi\u00e8re fois que les partenaires du projet ont pu partager largement&#8230; <\/p>\n<div class=\"clear\"><\/div>\n<p><a href=\"https:\/\/urgenci.net\/french\/be-part-of-csa-soyons-de-plus-en-plus-nombreux\/\" class=\"excerpt-read-more\">Read More<\/a><\/p>\n","protected":false},"author":3,"featured_media":0,"parent":0,"menu_order":0,"comment_status":"closed","ping_status":"closed","template":"","meta":{"footnotes":""},"class_list":["post-5443","page","type-page","status-publish","hentry"],"_links":{"self":[{"href":"https:\/\/urgenci.net\/french\/wp-json\/wp\/v2\/pages\/5443","targetHints":{"allow":["GET"]}}],"collection":[{"href":"https:\/\/urgenci.net\/french\/wp-json\/wp\/v2\/pages"}],"about":[{"href":"https:\/\/urgenci.net\/french\/wp-json\/wp\/v2\/types\/page"}],"author":[{"embeddable":true,"href":"https:\/\/urgenci.net\/french\/wp-json\/wp\/v2\/users\/3"}],"replies":[{"embeddable":true,"href":"https:\/\/urgenci.net\/french\/wp-json\/wp\/v2\/comments?post=5443"}],"version-history":[{"count":1,"href":"https:\/\/urgenci.net\/french\/wp-json\/wp\/v2\/pages\/5443\/revisions"}],"predecessor-version":[{"id":5448,"href":"https:\/\/urgenci.net\/french\/wp-json\/wp\/v2\/pages\/5443\/revisions\/5448"}],"wp:attachment":[{"href":"https:\/\/urgenci.net\/french\/wp-json\/wp\/v2\/media?parent=5443"}],"curies":[{"name":"wp","href":"https:\/\/api.w.org\/{rel}","templated":true}]}}